{"id":5705,"date":"2025-05-30T21:40:38","date_gmt":"2025-05-31T00:40:38","guid":{"rendered":"https:\/\/vohnabrindes.com.br\/?post_type=product&#038;p=5705"},"modified":"2025-05-30T21:40:40","modified_gmt":"2025-05-31T00:40:40","slug":"caneta-metal-com-detalhe-em-bambu-personalizada","status":"publish","type":"product","link":"https:\/\/vohnabrindes.com.br\/index.php\/product\/caneta-metal-com-detalhe-em-bambu-personalizada\/","title":{"rendered":"Caneta metal com detalhe em bambu personalizada."},"content":{"rendered":"<div class=\"ref\">91787-ORSON.<\/div>\n<div class=\"ref\">Caneta Esferogr\u00e1fica em alum\u00ednio 94% reciclado com detalhe em bambu no clipe<\/div>\n<div class=\"texto\">Esferogr\u00e1fica em alum\u00ednio 94% reciclado com detalhe em bambu no clipe. Escrita em azul.<\/div>\n<div class=\"texto\">Fornecida em embalagem.<\/div>\n<div class=\"texto\">A cor e o resultado da impress\u00e3o nos materiais naturais pode variar entre produtos.<\/div>\n<div class=\"texto\">\u00f812 x 140 mm | Bolsa: 40 x 155 mm<\/div>\n","protected":false},"excerpt":{"rendered":"<p>91787-ORSON. Caneta Esferogr\u00e1fica em alum\u00ednio 94% reciclado com detalhe em bambu no clipe Esferogr\u00e1fica em alum\u00ednio 94% reciclado com detalhe em bambu no clipe. Escrita em<span class=\"excerpt-hellip\"> [\u2026]<\/span><\/p>\n","protected":false},"featured_media":3397,"comment_status":"open","ping_status":"closed","template":"","meta":[],"product_cat":[530,383],"product_tag":[536,531,1144],"class_list":["post-5705","product","type-product","status-publish","has-post-thumbnail","hentry","product_cat-canetas-de-metal","product_cat-canetas-eco","product_tag-caneta-amiga-do-meio-ambiente","product_tag-caneta-metal","product_tag-caneta-metal-com-detalhe-em-bambu-personalizada"],"_links":{"self":[{"href":"https:\/\/vohnabrindes.com.br\/index.php\/wp-json\/wp\/v2\/product\/5705","targetHints":{"allow":["GET"]}}],"collection":[{"href":"https:\/\/vohnabrindes.com.br\/index.php\/wp-json\/wp\/v2\/product"}],"about":[{"href":"https:\/\/vohnabrindes.com.br\/index.php\/wp-json\/wp\/v2\/types\/product"}],"replies":[{"embeddable":true,"href":"https:\/\/vohnabrindes.com.br\/index.php\/wp-json\/wp\/v2\/comments?post=5705"}],"version-history":[{"count":1,"href":"https:\/\/vohnabrindes.com.br\/index.php\/wp-json\/wp\/v2\/product\/5705\/revisions"}],"predecessor-version":[{"id":5735,"href":"https:\/\/vohnabrindes.com.br\/index.php\/wp-json\/wp\/v2\/product\/5705\/revisions\/5735"}],"wp:featuredmedia":[{"embeddable":true,"href":"https:\/\/vohnabrindes.com.br\/index.php\/wp-json\/wp\/v2\/media\/3397"}],"wp:attachment":[{"href":"https:\/\/vohnabrindes.com.br\/index.php\/wp-json\/wp\/v2\/media?parent=5705"}],"wp:term":[{"taxonomy":"product_cat","embeddable":true,"href":"https:\/\/vohnabrindes.com.br\/index.php\/wp-json\/wp\/v2\/product_cat?post=5705"},{"taxonomy":"product_tag","embeddable":true,"href":"https:\/\/vohnabrindes.com.br\/index.php\/wp-json\/wp\/v2\/product_tag?post=5705"}],"curies":[{"name":"wp","href":"https:\/\/api.w.org\/{rel}","templated":true}]}}