{"id":5737,"date":"2025-05-30T21:40:41","date_gmt":"2025-05-31T00:40:41","guid":{"rendered":"https:\/\/vohnabrindes.com.br\/?post_type=product&#038;p=5737"},"modified":"2025-05-30T21:40:42","modified_gmt":"2025-05-31T00:40:42","slug":"caneta-plastica-personalizada-10","status":"publish","type":"product","link":"https:\/\/vohnabrindes.com.br\/index.php\/product\/caneta-plastica-personalizada-10\/","title":{"rendered":"Caneta pl\u00e1stica personalizada."},"content":{"rendered":"<div class=\"ref\">51256-CARIBE.<\/div>\n<div class=\"ref\">Caneta Esferogr\u00e1fica em ABS com grip<\/div>\n<div class=\"texto\">Esferogr\u00e1fica em ABS com grip, acabamento brilhante e ponteira cromada.<\/div>\n<div class=\"texto\">At\u00e9 1,5 km de escrita. Escrita em azul.<\/div>\n<div class=\"texto\">Produto certificado de acordo com a portaria Inmetro n\u00ba423 de 8\/out\/2021. \u00f810 x 138 mm<\/div>\n","protected":false},"excerpt":{"rendered":"<p>51256-CARIBE. Caneta Esferogr\u00e1fica em ABS com grip Esferogr\u00e1fica em ABS com grip, acabamento brilhante e ponteira cromada. At\u00e9 1,5 km de escrita. Escrita em azul. Produto<span class=\"excerpt-hellip\"> [\u2026]<\/span><\/p>\n","protected":false},"featured_media":3404,"comment_status":"open","ping_status":"closed","template":"","meta":[],"product_cat":[220],"product_tag":[1145,519],"class_list":["post-5737","product","type-product","status-publish","has-post-thumbnail","hentry","product_cat-canetas-plasticas","product_tag-caneta-com-logo","product_tag-caneta-plastica-personalizada"],"_links":{"self":[{"href":"https:\/\/vohnabrindes.com.br\/index.php\/wp-json\/wp\/v2\/product\/5737","targetHints":{"allow":["GET"]}}],"collection":[{"href":"https:\/\/vohnabrindes.com.br\/index.php\/wp-json\/wp\/v2\/product"}],"about":[{"href":"https:\/\/vohnabrindes.com.br\/index.php\/wp-json\/wp\/v2\/types\/product"}],"replies":[{"embeddable":true,"href":"https:\/\/vohnabrindes.com.br\/index.php\/wp-json\/wp\/v2\/comments?post=5737"}],"version-history":[{"count":1,"href":"https:\/\/vohnabrindes.com.br\/index.php\/wp-json\/wp\/v2\/product\/5737\/revisions"}],"predecessor-version":[{"id":5767,"href":"https:\/\/vohnabrindes.com.br\/index.php\/wp-json\/wp\/v2\/product\/5737\/revisions\/5767"}],"wp:featuredmedia":[{"embeddable":true,"href":"https:\/\/vohnabrindes.com.br\/index.php\/wp-json\/wp\/v2\/media\/3404"}],"wp:attachment":[{"href":"https:\/\/vohnabrindes.com.br\/index.php\/wp-json\/wp\/v2\/media?parent=5737"}],"wp:term":[{"taxonomy":"product_cat","embeddable":true,"href":"https:\/\/vohnabrindes.com.br\/index.php\/wp-json\/wp\/v2\/product_cat?post=5737"},{"taxonomy":"product_tag","embeddable":true,"href":"https:\/\/vohnabrindes.com.br\/index.php\/wp-json\/wp\/v2\/product_tag?post=5737"}],"curies":[{"name":"wp","href":"https:\/\/api.w.org\/{rel}","templated":true}]}}