{"id":5740,"date":"2025-05-30T21:40:41","date_gmt":"2025-05-31T00:40:41","guid":{"rendered":"https:\/\/vohnabrindes.com.br\/?post_type=product&#038;p=5740"},"modified":"2025-05-30T21:40:43","modified_gmt":"2025-05-31T00:40:43","slug":"caneta-metal-com-couro-personalizada","status":"publish","type":"product","link":"https:\/\/vohnabrindes.com.br\/index.php\/product\/caneta-metal-com-couro-personalizada\/","title":{"rendered":"Caneta metal com couro personalizada."},"content":{"rendered":"<div class=\"ref\">51348-MONTREAL.<\/div>\n<div class=\"ref\">Caneta Esferogr\u00e1fica em metal com mecanismo twist com detalhe em sint\u00e9tico.<\/div>\n<div class=\"texto\">Esferogr\u00e1fica em metal com mecanismo twist e clipe de metal. At\u00e9 2 km de escrita.<\/div>\n<div class=\"texto\">Escrita em preto. Incluso embalagem de veludo. \u00f811 x 138 mm | Embalagem de veludo: 160 x 30 mm<\/div>\n","protected":false},"excerpt":{"rendered":"<p>51348-MONTREAL. Caneta Esferogr\u00e1fica em metal com mecanismo twist com detalhe em sint\u00e9tico. Esferogr\u00e1fica em metal com mecanismo twist e clipe de metal. At\u00e9 2 km de<span class=\"excerpt-hellip\"> [\u2026]<\/span><\/p>\n","protected":false},"featured_media":3410,"comment_status":"open","ping_status":"closed","template":"","meta":[],"product_cat":[530],"product_tag":[531,1146,532],"class_list":["post-5740","product","type-product","status-publish","has-post-thumbnail","hentry","product_cat-canetas-de-metal","product_tag-caneta-metal","product_tag-caneta-metal-com-couro-sintetico","product_tag-caneta-metal-personalizada"],"_links":{"self":[{"href":"https:\/\/vohnabrindes.com.br\/index.php\/wp-json\/wp\/v2\/product\/5740","targetHints":{"allow":["GET"]}}],"collection":[{"href":"https:\/\/vohnabrindes.com.br\/index.php\/wp-json\/wp\/v2\/product"}],"about":[{"href":"https:\/\/vohnabrindes.com.br\/index.php\/wp-json\/wp\/v2\/types\/product"}],"replies":[{"embeddable":true,"href":"https:\/\/vohnabrindes.com.br\/index.php\/wp-json\/wp\/v2\/comments?post=5740"}],"version-history":[{"count":1,"href":"https:\/\/vohnabrindes.com.br\/index.php\/wp-json\/wp\/v2\/product\/5740\/revisions"}],"predecessor-version":[{"id":5770,"href":"https:\/\/vohnabrindes.com.br\/index.php\/wp-json\/wp\/v2\/product\/5740\/revisions\/5770"}],"wp:featuredmedia":[{"embeddable":true,"href":"https:\/\/vohnabrindes.com.br\/index.php\/wp-json\/wp\/v2\/media\/3410"}],"wp:attachment":[{"href":"https:\/\/vohnabrindes.com.br\/index.php\/wp-json\/wp\/v2\/media?parent=5740"}],"wp:term":[{"taxonomy":"product_cat","embeddable":true,"href":"https:\/\/vohnabrindes.com.br\/index.php\/wp-json\/wp\/v2\/product_cat?post=5740"},{"taxonomy":"product_tag","embeddable":true,"href":"https:\/\/vohnabrindes.com.br\/index.php\/wp-json\/wp\/v2\/product_tag?post=5740"}],"curies":[{"name":"wp","href":"https:\/\/api.w.org\/{rel}","templated":true}]}}