{"id":5750,"date":"2025-05-30T21:40:41","date_gmt":"2025-05-31T00:40:41","guid":{"rendered":"https:\/\/vohnabrindes.com.br\/?post_type=product&#038;p=5750"},"modified":"2025-05-30T21:40:43","modified_gmt":"2025-05-31T00:40:43","slug":"necessaire-poliester-personalizada-2","status":"publish","type":"product","link":"https:\/\/vohnabrindes.com.br\/index.php\/product\/necessaire-poliester-personalizada-2\/","title":{"rendered":"N\u00e9cessaire Poli\u00e9ster personalizada."},"content":{"rendered":"<pre id=\"item_referencia\">18805<\/pre>\n<p class=\"produto-nome\">N\u00e9cessaire Poli\u00e9ster personalizada.<\/p>\n<div class=\"caracs\">\n<div class=\"desc\">\n<p class=\"desc-tit\"><span class=\"desc-sub my-desc-sub\">Perfeita para voc\u00ea se organizar. Com a nossa n\u00e9cessaire, \u00e9 poss\u00edvel acomodar desde itens de maquiagens, higiene pessoal e outros itens com facilidade. Feita em poli\u00e9ster e resistente \u00e0 \u00e1gua, possui tr\u00eas divis\u00f3rias e bolso de tela para manter tudo no lugar. Al\u00e9m de ser compacta para caber em bolsas, \u00e9 f\u00e1cil de carregar gra\u00e7as \u00e0 sua al\u00e7a. Uma excelente escolha para garantir itens mais protegidos e organizados.<\/span><\/p>\n<\/div>\n<div class=\"desc\">\n<p class=\"desc-tit\">Altura<span class=\"desc-sub\">\u00a0:\u00a0 10,5 cm<\/span><\/p>\n<\/div>\n<div class=\"desc\">\n<p class=\"desc-tit\">Largura<span class=\"desc-sub\">\u00a0:\u00a0 17,5 cm<\/span><\/p>\n<\/div>\n<div class=\"desc\">\n<p class=\"desc-tit\">Profundidade<span class=\"desc-sub\">\u00a0:\u00a0 8 cm<\/span><\/p>\n<\/div>\n<div class=\"desc\">\n<p class=\"desc-tit\">Medidas aproximadas para grava\u00e7\u00e3o<span class=\"desc-sub\">\u00a0(CxL):\u00a0 8 cm x 14 cm<\/span><\/p>\n<\/div>\n<div class=\"desc\">\n<p class=\"desc-tit\">Peso aproximado<span class=\"desc-sub\">\u00a0(g):\u00a0 54<\/span><\/p>\n<\/div>\n<\/div>\n","protected":false},"excerpt":{"rendered":"<p>18805 N\u00e9cessaire Poli\u00e9ster personalizada. Perfeita para voc\u00ea se organizar. Com a nossa n\u00e9cessaire, \u00e9 poss\u00edvel acomodar desde itens de maquiagens, higiene pessoal e outros itens com<span class=\"excerpt-hellip\"> [\u2026]<\/span><\/p>\n","protected":false},"featured_media":3472,"comment_status":"open","ping_status":"closed","template":"","meta":[],"product_cat":[783],"product_tag":[786,926],"class_list":["post-5750","product","type-product","status-publish","has-post-thumbnail","hentry","product_cat-necessaires","product_tag-necessaire-personalizada","product_tag-necessaire-poliester-personalizada"],"_links":{"self":[{"href":"https:\/\/vohnabrindes.com.br\/index.php\/wp-json\/wp\/v2\/product\/5750","targetHints":{"allow":["GET"]}}],"collection":[{"href":"https:\/\/vohnabrindes.com.br\/index.php\/wp-json\/wp\/v2\/product"}],"about":[{"href":"https:\/\/vohnabrindes.com.br\/index.php\/wp-json\/wp\/v2\/types\/product"}],"replies":[{"embeddable":true,"href":"https:\/\/vohnabrindes.com.br\/index.php\/wp-json\/wp\/v2\/comments?post=5750"}],"version-history":[{"count":1,"href":"https:\/\/vohnabrindes.com.br\/index.php\/wp-json\/wp\/v2\/product\/5750\/revisions"}],"predecessor-version":[{"id":5780,"href":"https:\/\/vohnabrindes.com.br\/index.php\/wp-json\/wp\/v2\/product\/5750\/revisions\/5780"}],"wp:featuredmedia":[{"embeddable":true,"href":"https:\/\/vohnabrindes.com.br\/index.php\/wp-json\/wp\/v2\/media\/3472"}],"wp:attachment":[{"href":"https:\/\/vohnabrindes.com.br\/index.php\/wp-json\/wp\/v2\/media?parent=5750"}],"wp:term":[{"taxonomy":"product_cat","embeddable":true,"href":"https:\/\/vohnabrindes.com.br\/index.php\/wp-json\/wp\/v2\/product_cat?post=5750"},{"taxonomy":"product_tag","embeddable":true,"href":"https:\/\/vohnabrindes.com.br\/index.php\/wp-json\/wp\/v2\/product_tag?post=5750"}],"curies":[{"name":"wp","href":"https:\/\/api.w.org\/{rel}","templated":true}]}}