{"id":5751,"date":"2025-05-30T21:40:41","date_gmt":"2025-05-31T00:40:41","guid":{"rendered":"https:\/\/vohnabrindes.com.br\/?post_type=product&#038;p=5751"},"modified":"2025-05-30T21:40:44","modified_gmt":"2025-05-31T00:40:44","slug":"bolsa-termica-16-litros-personalizada-2","status":"publish","type":"product","link":"https:\/\/vohnabrindes.com.br\/index.php\/product\/bolsa-termica-16-litros-personalizada-2\/","title":{"rendered":"Bolsa T\u00e9rmica 16 Litros personalizada."},"content":{"rendered":"<pre id=\"item_referencia\">08042<\/pre>\n<p class=\"produto-nome\">Bolsa T\u00e9rmica 16 Litros personalizada.<\/p>\n<div class=\"caracs\">\n<div class=\"desc\">\n<p class=\"desc-tit\"><span class=\"desc-sub my-desc-sub\">Que tal uma bolsa t\u00e9rmica eficiente para passeios, faculdade ou trabalho? Nossa bolsa t\u00e9rmica de 16 litros \u00e9 a escolha perfeita! Feita com tecido Oxford, ela possui dois compartimentos, incluindo um frontal, al\u00e9m de bolsos laterais com el\u00e1stico para manter tudo organizado. O compartimento principal possui revestimento t\u00e9rmico soldado antivazamento, garantindo a qualidade das refei\u00e7\u00f5es. \u00c9 uma bolsa t\u00e9rmica vers\u00e1til e pr\u00e1tica, vem com al\u00e7a de m\u00e3o, transversal regul\u00e1vel e etiqueta em couro sint\u00e9tico pronta para personaliza\u00e7\u00e3o!<\/span><\/p>\n<\/div>\n<div class=\"desc\">\n<p class=\"desc-tit\">Altura<span class=\"desc-sub\">\u00a0:\u00a0 30 cm<\/span><\/p>\n<\/div>\n<div class=\"desc\">\n<p class=\"desc-tit\">Largura<span class=\"desc-sub\">\u00a0:\u00a0 30 cm<\/span><\/p>\n<\/div>\n<div class=\"desc\">\n<p class=\"desc-tit\">Profundidade<span class=\"desc-sub\">\u00a0:\u00a0 18,5 cm<\/span><\/p>\n<\/div>\n<div class=\"desc\">\n<p class=\"desc-tit\">Medidas aproximadas para grava\u00e7\u00e3o<span class=\"desc-sub\">\u00a0(CxL):\u00a0 2 cm x 5 cm<\/span><\/p>\n<\/div>\n<div class=\"desc\">\n<p class=\"desc-tit\">Peso aproximado<span class=\"desc-sub\">\u00a0(g):\u00a0 347<\/span><\/p>\n<\/div>\n<\/div>\n","protected":false},"excerpt":{"rendered":"<p>08042 Bolsa T\u00e9rmica 16 Litros personalizada. Que tal uma bolsa t\u00e9rmica eficiente para passeios, faculdade ou trabalho? Nossa bolsa t\u00e9rmica de 16 litros \u00e9 a escolha<span class=\"excerpt-hellip\"> [\u2026]<\/span><\/p>\n","protected":false},"featured_media":3474,"comment_status":"open","ping_status":"closed","template":"","meta":[],"product_cat":[145],"product_tag":[883,1158],"class_list":["post-5751","product","type-product","status-publish","has-post-thumbnail","hentry","product_cat-bolsas-termicas-e-coolers","product_tag-bolsa-termica-16-litros-personalizada","product_tag-bolsa-termica-luxo-personalizada"],"_links":{"self":[{"href":"https:\/\/vohnabrindes.com.br\/index.php\/wp-json\/wp\/v2\/product\/5751","targetHints":{"allow":["GET"]}}],"collection":[{"href":"https:\/\/vohnabrindes.com.br\/index.php\/wp-json\/wp\/v2\/product"}],"about":[{"href":"https:\/\/vohnabrindes.com.br\/index.php\/wp-json\/wp\/v2\/types\/product"}],"replies":[{"embeddable":true,"href":"https:\/\/vohnabrindes.com.br\/index.php\/wp-json\/wp\/v2\/comments?post=5751"}],"version-history":[{"count":1,"href":"https:\/\/vohnabrindes.com.br\/index.php\/wp-json\/wp\/v2\/product\/5751\/revisions"}],"predecessor-version":[{"id":5781,"href":"https:\/\/vohnabrindes.com.br\/index.php\/wp-json\/wp\/v2\/product\/5751\/revisions\/5781"}],"wp:featuredmedia":[{"embeddable":true,"href":"https:\/\/vohnabrindes.com.br\/index.php\/wp-json\/wp\/v2\/media\/3474"}],"wp:attachment":[{"href":"https:\/\/vohnabrindes.com.br\/index.php\/wp-json\/wp\/v2\/media?parent=5751"}],"wp:term":[{"taxonomy":"product_cat","embeddable":true,"href":"https:\/\/vohnabrindes.com.br\/index.php\/wp-json\/wp\/v2\/product_cat?post=5751"},{"taxonomy":"product_tag","embeddable":true,"href":"https:\/\/vohnabrindes.com.br\/index.php\/wp-json\/wp\/v2\/product_tag?post=5751"}],"curies":[{"name":"wp","href":"https:\/\/api.w.org\/{rel}","templated":true}]}}