{"id":5753,"date":"2025-05-30T21:40:42","date_gmt":"2025-05-31T00:40:42","guid":{"rendered":"https:\/\/vohnabrindes.com.br\/?post_type=product&#038;p=5753"},"modified":"2025-05-30T21:40:44","modified_gmt":"2025-05-31T00:40:44","slug":"sacola-plastica-personalizada-2","status":"publish","type":"product","link":"https:\/\/vohnabrindes.com.br\/index.php\/product\/sacola-plastica-personalizada-2\/","title":{"rendered":"Sacola Pl\u00e1stica personalizada."},"content":{"rendered":"<pre id=\"item_referencia\">08054<\/pre>\n<p class=\"produto-nome\">Sacola Pl\u00e1stica personalizada.<\/p>\n<div class=\"caracs\">\n<div class=\"desc\">\n<p class=\"desc-tit\"><span class=\"desc-sub my-desc-sub\">Confeccionada em polipropileno, esta sacola combina a resist\u00eancia com leveza, oferecendo uma solu\u00e7\u00e3o vers\u00e1til e confi\u00e1vel para suas necessidades di\u00e1rias.<\/span><\/p>\n<\/div>\n<div class=\"desc\">\n<p class=\"desc-tit\">Altura<span class=\"desc-sub\">\u00a0:\u00a0 38,5 cm<\/span><\/p>\n<\/div>\n<div class=\"desc\">\n<p class=\"desc-tit\">Largura<span class=\"desc-sub\">\u00a0:\u00a0 34 cm<\/span><\/p>\n<\/div>\n<div class=\"desc\">\n<p class=\"desc-tit\">Profundidade<span class=\"desc-sub\">\u00a0:\u00a0 15,5 cm<\/span><\/p>\n<\/div>\n<div class=\"desc\">\n<p class=\"desc-tit\">Comprimento<span class=\"desc-sub\">\u00a0:\u00a0 Al\u00e7a: 23,5 cm<\/span><\/p>\n<\/div>\n<div class=\"desc\">\n<p class=\"desc-tit\">Medidas aproximadas para grava\u00e7\u00e3o<span class=\"desc-sub\">\u00a0(CxL):\u00a0 30 cm x 24 cm<\/span><\/p>\n<\/div>\n<div class=\"desc\">\n<p class=\"desc-tit\">Peso aproximado<span class=\"desc-sub\">\u00a0(g):\u00a0 79<\/span><\/p>\n<\/div>\n<\/div>\n","protected":false},"excerpt":{"rendered":"<p>08054 Sacola Pl\u00e1stica personalizada. Confeccionada em polipropileno, esta sacola combina a resist\u00eancia com leveza, oferecendo uma solu\u00e7\u00e3o vers\u00e1til e confi\u00e1vel para suas necessidades di\u00e1rias. Altura\u00a0:\u00a0 38,5<span class=\"excerpt-hellip\"> [\u2026]<\/span><\/p>\n","protected":false},"featured_media":3481,"comment_status":"open","ping_status":"closed","template":"","meta":[],"product_cat":[210],"product_tag":[1160,214,1159],"class_list":["post-5753","product","type-product","status-publish","has-post-thumbnail","hentry","product_cat-sacolas","product_tag-sacola-persnalizada","product_tag-sacola-personalizada","product_tag-sacola-plastica-personalizada"],"_links":{"self":[{"href":"https:\/\/vohnabrindes.com.br\/index.php\/wp-json\/wp\/v2\/product\/5753","targetHints":{"allow":["GET"]}}],"collection":[{"href":"https:\/\/vohnabrindes.com.br\/index.php\/wp-json\/wp\/v2\/product"}],"about":[{"href":"https:\/\/vohnabrindes.com.br\/index.php\/wp-json\/wp\/v2\/types\/product"}],"replies":[{"embeddable":true,"href":"https:\/\/vohnabrindes.com.br\/index.php\/wp-json\/wp\/v2\/comments?post=5753"}],"version-history":[{"count":1,"href":"https:\/\/vohnabrindes.com.br\/index.php\/wp-json\/wp\/v2\/product\/5753\/revisions"}],"predecessor-version":[{"id":5783,"href":"https:\/\/vohnabrindes.com.br\/index.php\/wp-json\/wp\/v2\/product\/5753\/revisions\/5783"}],"wp:featuredmedia":[{"embeddable":true,"href":"https:\/\/vohnabrindes.com.br\/index.php\/wp-json\/wp\/v2\/media\/3481"}],"wp:attachment":[{"href":"https:\/\/vohnabrindes.com.br\/index.php\/wp-json\/wp\/v2\/media?parent=5753"}],"wp:term":[{"taxonomy":"product_cat","embeddable":true,"href":"https:\/\/vohnabrindes.com.br\/index.php\/wp-json\/wp\/v2\/product_cat?post=5753"},{"taxonomy":"product_tag","embeddable":true,"href":"https:\/\/vohnabrindes.com.br\/index.php\/wp-json\/wp\/v2\/product_tag?post=5753"}],"curies":[{"name":"wp","href":"https:\/\/api.w.org\/{rel}","templated":true}]}}