{"id":5758,"date":"2025-05-30T21:40:42","date_gmt":"2025-05-31T00:40:42","guid":{"rendered":"https:\/\/vohnabrindes.com.br\/?post_type=product&#038;p=5758"},"modified":"2025-05-30T21:40:44","modified_gmt":"2025-05-31T00:40:44","slug":"caneta-plastica-com-tampa-personalizada","status":"publish","type":"product","link":"https:\/\/vohnabrindes.com.br\/index.php\/product\/caneta-plastica-com-tampa-personalizada\/","title":{"rendered":"Caneta Pl\u00e1stica com tampa personalizada"},"content":{"rendered":"<pre id=\"item_referencia\">1087L<\/pre>\n<p class=\"produto-nome\">Caneta Pl\u00e1stica com tampa personalizada<\/p>\n<div class=\"caracs\">\n<div class=\"desc\">\n<p class=\"desc-tit\"><span class=\"desc-sub my-desc-sub\">Caneta pl\u00e1stica com tampa e carga esferogr\u00e1fica azul 1.0mm.<\/span><\/p>\n<\/div>\n<div class=\"desc\">\n<p class=\"desc-tit\">Altura<span class=\"desc-sub\">\u00a0:\u00a0 14,3 cm<\/span><\/p>\n<\/div>\n<div class=\"desc\">\n<p class=\"desc-tit\">Largura<span class=\"desc-sub\">\u00a0:\u00a0 1,4 cm<\/span><\/p>\n<\/div>\n<div class=\"desc\">\n<p class=\"desc-tit\">Medidas aproximadas para grava\u00e7\u00e3o<span class=\"desc-sub\">\u00a0(CxL):\u00a0 3,5 cm x 0,5 cm<\/span><\/p>\n<\/div>\n<div class=\"desc\">\n<p class=\"desc-tit\">Peso aproximado<span class=\"desc-sub\">\u00a0(g):\u00a0 6<\/span><\/p>\n<\/div>\n<\/div>\n","protected":false},"excerpt":{"rendered":"<p>1087L Caneta Pl\u00e1stica com tampa personalizada Caneta pl\u00e1stica com tampa e carga esferogr\u00e1fica azul 1.0mm. Altura\u00a0:\u00a0 14,3 cm Largura\u00a0:\u00a0 1,4 cm Medidas aproximadas para grava\u00e7\u00e3o\u00a0(CxL):\u00a0 3,5<span class=\"excerpt-hellip\"> [\u2026]<\/span><\/p>\n","protected":false},"featured_media":3497,"comment_status":"open","ping_status":"closed","template":"","meta":[],"product_cat":[220],"product_tag":[221,1163,519],"class_list":["post-5758","product","type-product","status-publish","has-post-thumbnail","hentry","product_cat-canetas-plasticas","product_tag-caneta-personalizada","product_tag-caneta-plastica-com-tampa-personalizada","product_tag-caneta-plastica-personalizada"],"_links":{"self":[{"href":"https:\/\/vohnabrindes.com.br\/index.php\/wp-json\/wp\/v2\/product\/5758","targetHints":{"allow":["GET"]}}],"collection":[{"href":"https:\/\/vohnabrindes.com.br\/index.php\/wp-json\/wp\/v2\/product"}],"about":[{"href":"https:\/\/vohnabrindes.com.br\/index.php\/wp-json\/wp\/v2\/types\/product"}],"replies":[{"embeddable":true,"href":"https:\/\/vohnabrindes.com.br\/index.php\/wp-json\/wp\/v2\/comments?post=5758"}],"version-history":[{"count":1,"href":"https:\/\/vohnabrindes.com.br\/index.php\/wp-json\/wp\/v2\/product\/5758\/revisions"}],"predecessor-version":[{"id":5788,"href":"https:\/\/vohnabrindes.com.br\/index.php\/wp-json\/wp\/v2\/product\/5758\/revisions\/5788"}],"wp:featuredmedia":[{"embeddable":true,"href":"https:\/\/vohnabrindes.com.br\/index.php\/wp-json\/wp\/v2\/media\/3497"}],"wp:attachment":[{"href":"https:\/\/vohnabrindes.com.br\/index.php\/wp-json\/wp\/v2\/media?parent=5758"}],"wp:term":[{"taxonomy":"product_cat","embeddable":true,"href":"https:\/\/vohnabrindes.com.br\/index.php\/wp-json\/wp\/v2\/product_cat?post=5758"},{"taxonomy":"product_tag","embeddable":true,"href":"https:\/\/vohnabrindes.com.br\/index.php\/wp-json\/wp\/v2\/product_tag?post=5758"}],"curies":[{"name":"wp","href":"https:\/\/api.w.org\/{rel}","templated":true}]}}