{"id":5761,"date":"2025-05-30T21:40:42","date_gmt":"2025-05-31T00:40:42","guid":{"rendered":"https:\/\/vohnabrindes.com.br\/?post_type=product&#038;p=5761"},"modified":"2025-05-30T21:40:44","modified_gmt":"2025-05-31T00:40:44","slug":"lixocar-de-plastico-reciclavel-personalizado","status":"publish","type":"product","link":"https:\/\/vohnabrindes.com.br\/index.php\/product\/lixocar-de-plastico-reciclavel-personalizado\/","title":{"rendered":"Lixocar de Pl\u00e1stico Recicl\u00e1vel personalizado."},"content":{"rendered":"<pre id=\"item_referencia\">15140<\/pre>\n<p class=\"produto-nome\">Lixocar de Pl\u00e1stico Recicl\u00e1vel personalizado.<\/p>\n<div class=\"caracs\">\n<div class=\"desc\">\n<p class=\"desc-tit\"><span class=\"desc-sub my-desc-sub\">Para manter os carros sempre limpos e organizados, essa lixeira feita de pl\u00e1stico recicl\u00e1vel une praticidade e sustentabilidade. Compacta e resistente, ela \u00e9 ideal para manter o interior do carro em ordem. Deixe cada viagem em uma experi\u00eancia mais organizada e consciente, com uma solu\u00e7\u00e3o simples que faz a diferen\u00e7a no dia a dia.<\/span><\/p>\n<\/div>\n<div class=\"desc\">\n<p class=\"desc-tit\">Altura<span class=\"desc-sub\">\u00a0:\u00a0 27,5 cm<\/span><\/p>\n<\/div>\n<div class=\"desc\">\n<p class=\"desc-tit\">Largura<span class=\"desc-sub\">\u00a0:\u00a0 19,5 cm<\/span><\/p>\n<\/div>\n<div class=\"desc\">\n<p class=\"desc-tit\">Medidas aproximadas para grava\u00e7\u00e3o<span class=\"desc-sub\">\u00a0(CxL):\u00a0 13 cm x 13 cm<\/span><\/p>\n<\/div>\n<div class=\"desc\">\n<p class=\"desc-tit\">Peso aproximado<span class=\"desc-sub\">\u00a0(g):\u00a0 14<\/span><\/p>\n<\/div>\n<\/div>\n","protected":false},"excerpt":{"rendered":"<p>15140 Lixocar de Pl\u00e1stico Recicl\u00e1vel personalizado. Para manter os carros sempre limpos e organizados, essa lixeira feita de pl\u00e1stico recicl\u00e1vel une praticidade e sustentabilidade. Compacta e<span class=\"excerpt-hellip\"> [\u2026]<\/span><\/p>\n","protected":false},"featured_media":3506,"comment_status":"open","ping_status":"closed","template":"","meta":[],"product_cat":[170,738],"product_tag":[1166,1167],"class_list":["post-5761","product","type-product","status-publish","has-post-thumbnail","hentry","product_cat-carteiras-e-porta-documentos","product_cat-linha-pet","product_tag-lixocar-de-plastico-reciclavel-personalizado","product_tag-lixocar-personalizado"],"_links":{"self":[{"href":"https:\/\/vohnabrindes.com.br\/index.php\/wp-json\/wp\/v2\/product\/5761","targetHints":{"allow":["GET"]}}],"collection":[{"href":"https:\/\/vohnabrindes.com.br\/index.php\/wp-json\/wp\/v2\/product"}],"about":[{"href":"https:\/\/vohnabrindes.com.br\/index.php\/wp-json\/wp\/v2\/types\/product"}],"replies":[{"embeddable":true,"href":"https:\/\/vohnabrindes.com.br\/index.php\/wp-json\/wp\/v2\/comments?post=5761"}],"version-history":[{"count":1,"href":"https:\/\/vohnabrindes.com.br\/index.php\/wp-json\/wp\/v2\/product\/5761\/revisions"}],"predecessor-version":[{"id":5791,"href":"https:\/\/vohnabrindes.com.br\/index.php\/wp-json\/wp\/v2\/product\/5761\/revisions\/5791"}],"wp:featuredmedia":[{"embeddable":true,"href":"https:\/\/vohnabrindes.com.br\/index.php\/wp-json\/wp\/v2\/media\/3506"}],"wp:attachment":[{"href":"https:\/\/vohnabrindes.com.br\/index.php\/wp-json\/wp\/v2\/media?parent=5761"}],"wp:term":[{"taxonomy":"product_cat","embeddable":true,"href":"https:\/\/vohnabrindes.com.br\/index.php\/wp-json\/wp\/v2\/product_cat?post=5761"},{"taxonomy":"product_tag","embeddable":true,"href":"https:\/\/vohnabrindes.com.br\/index.php\/wp-json\/wp\/v2\/product_tag?post=5761"}],"curies":[{"name":"wp","href":"https:\/\/api.w.org\/{rel}","templated":true}]}}