{"id":5796,"date":"2025-05-30T21:40:45","date_gmt":"2025-05-31T00:40:45","guid":{"rendered":"https:\/\/vohnabrindes.com.br\/?post_type=product&#038;p=5796"},"modified":"2025-05-30T21:40:47","modified_gmt":"2025-05-31T00:40:47","slug":"bolsa-termica-em-600d-poliester-reciclado-100-rpet","status":"publish","type":"product","link":"https:\/\/vohnabrindes.com.br\/index.php\/product\/bolsa-termica-em-600d-poliester-reciclado-100-rpet\/","title":{"rendered":"Bolsa t\u00e9rmica em 600D poli\u00e9ster reciclado (100% rPET)"},"content":{"rendered":"<div class=\"ref\">92346-VENEZA.<\/div>\n<div class=\"ref\">Bolsa t\u00e9rmica em 600D poli\u00e9ster reciclado (100% rPET)<\/div>\n<div class=\"texto\">Sacola t\u00e9rmica em 600D poli\u00e9ster reciclado (100% rPET). Cont\u00e9m 2 compartimentos principais com isolamento em PEVA para facilitar a higieniza\u00e7\u00e3o e um bolso frontal com z\u00edper. Capacidade at\u00e9 10 L. Certifica\u00e7\u00e3o EU Food Grade. 280 x 230 x 160 mm<\/div>\n","protected":false},"excerpt":{"rendered":"<p>92346-VENEZA. Bolsa t\u00e9rmica em 600D poli\u00e9ster reciclado (100% rPET) Sacola t\u00e9rmica em 600D poli\u00e9ster reciclado (100% rPET). Cont\u00e9m 2 compartimentos principais com isolamento em PEVA para<span class=\"excerpt-hellip\"> [\u2026]<\/span><\/p>\n","protected":false},"featured_media":3519,"comment_status":"open","ping_status":"closed","template":"","meta":[],"product_cat":[145],"product_tag":[1173,358],"class_list":["post-5796","product","type-product","status-publish","has-post-thumbnail","hentry","product_cat-bolsas-termicas-e-coolers","product_tag-bolsa-termica-em-600d-poliester-reciclado-100-rpet","product_tag-bolsa-termica-personalizada"],"_links":{"self":[{"href":"https:\/\/vohnabrindes.com.br\/index.php\/wp-json\/wp\/v2\/product\/5796","targetHints":{"allow":["GET"]}}],"collection":[{"href":"https:\/\/vohnabrindes.com.br\/index.php\/wp-json\/wp\/v2\/product"}],"about":[{"href":"https:\/\/vohnabrindes.com.br\/index.php\/wp-json\/wp\/v2\/types\/product"}],"replies":[{"embeddable":true,"href":"https:\/\/vohnabrindes.com.br\/index.php\/wp-json\/wp\/v2\/comments?post=5796"}],"version-history":[{"count":1,"href":"https:\/\/vohnabrindes.com.br\/index.php\/wp-json\/wp\/v2\/product\/5796\/revisions"}],"predecessor-version":[{"id":5826,"href":"https:\/\/vohnabrindes.com.br\/index.php\/wp-json\/wp\/v2\/product\/5796\/revisions\/5826"}],"wp:featuredmedia":[{"embeddable":true,"href":"https:\/\/vohnabrindes.com.br\/index.php\/wp-json\/wp\/v2\/media\/3519"}],"wp:attachment":[{"href":"https:\/\/vohnabrindes.com.br\/index.php\/wp-json\/wp\/v2\/media?parent=5796"}],"wp:term":[{"taxonomy":"product_cat","embeddable":true,"href":"https:\/\/vohnabrindes.com.br\/index.php\/wp-json\/wp\/v2\/product_cat?post=5796"},{"taxonomy":"product_tag","embeddable":true,"href":"https:\/\/vohnabrindes.com.br\/index.php\/wp-json\/wp\/v2\/product_tag?post=5796"}],"curies":[{"name":"wp","href":"https:\/\/api.w.org\/{rel}","templated":true}]}}