{"id":5797,"date":"2025-05-30T21:40:45","date_gmt":"2025-05-31T00:40:45","guid":{"rendered":"https:\/\/vohnabrindes.com.br\/?post_type=product&#038;p=5797"},"modified":"2025-05-30T21:40:47","modified_gmt":"2025-05-31T00:40:47","slug":"copo-termico-de-300ml-personalizado","status":"publish","type":"product","link":"https:\/\/vohnabrindes.com.br\/index.php\/product\/copo-termico-de-300ml-personalizado\/","title":{"rendered":"Copo t\u00e9rmico de 300ml personalizado."},"content":{"rendered":"<pre class=\"mb-3\">CO9250<\/pre>\n<h4 class=\"mb-3\">Copo t\u00e9rmico de 300ml<\/h4>\n<div class=\"d-block\">\n<div>\n<p>Copo t\u00e9rmico em a\u00e7o inox, pintura fosca, detalhe em a\u00e7o inox, tampa em bambu com anel de silicone para veda\u00e7\u00e3o, capacidade de 300ml.<\/p>\n<div class=\"d-flex justify-content-between align-items-center\">\n<div class=\"text-end w-50\"><strong>Dimens\u00e3o Produto:<\/strong>11,3x\u00f88,5cm<\/div>\n<\/div>\n<div class=\"d-flex justify-content-between align-items-center\">\n<div class=\"text-end w-50\"><strong>Peso do Produto:<\/strong>0,241kg<\/div>\n<\/div>\n<div class=\"d-flex justify-content-between align-items-center\">\n<div class=\"text-end w-50\"><strong>Embalagem:<\/strong>Caixa Branca<\/div>\n<\/div>\n<\/div>\n<\/div>\n","protected":false},"excerpt":{"rendered":"<p>CO9250 Copo t\u00e9rmico de 300ml Copo t\u00e9rmico em a\u00e7o inox, pintura fosca, detalhe em a\u00e7o inox, tampa em bambu com anel de silicone para veda\u00e7\u00e3o, capacidade<span class=\"excerpt-hellip\"> [\u2026]<\/span><\/p>\n","protected":false},"featured_media":3524,"comment_status":"open","ping_status":"closed","template":"","meta":[],"product_cat":[135],"product_tag":[1174,139],"class_list":["post-5797","product","type-product","status-publish","has-post-thumbnail","hentry","product_cat-canecas-e-copos","product_tag-copo-termico-de-300ml-personalizado","product_tag-copo-termico-personalizado"],"_links":{"self":[{"href":"https:\/\/vohnabrindes.com.br\/index.php\/wp-json\/wp\/v2\/product\/5797","targetHints":{"allow":["GET"]}}],"collection":[{"href":"https:\/\/vohnabrindes.com.br\/index.php\/wp-json\/wp\/v2\/product"}],"about":[{"href":"https:\/\/vohnabrindes.com.br\/index.php\/wp-json\/wp\/v2\/types\/product"}],"replies":[{"embeddable":true,"href":"https:\/\/vohnabrindes.com.br\/index.php\/wp-json\/wp\/v2\/comments?post=5797"}],"version-history":[{"count":1,"href":"https:\/\/vohnabrindes.com.br\/index.php\/wp-json\/wp\/v2\/product\/5797\/revisions"}],"predecessor-version":[{"id":5827,"href":"https:\/\/vohnabrindes.com.br\/index.php\/wp-json\/wp\/v2\/product\/5797\/revisions\/5827"}],"wp:featuredmedia":[{"embeddable":true,"href":"https:\/\/vohnabrindes.com.br\/index.php\/wp-json\/wp\/v2\/media\/3524"}],"wp:attachment":[{"href":"https:\/\/vohnabrindes.com.br\/index.php\/wp-json\/wp\/v2\/media?parent=5797"}],"wp:term":[{"taxonomy":"product_cat","embeddable":true,"href":"https:\/\/vohnabrindes.com.br\/index.php\/wp-json\/wp\/v2\/product_cat?post=5797"},{"taxonomy":"product_tag","embeddable":true,"href":"https:\/\/vohnabrindes.com.br\/index.php\/wp-json\/wp\/v2\/product_tag?post=5797"}],"curies":[{"name":"wp","href":"https:\/\/api.w.org\/{rel}","templated":true}]}}