{"id":5801,"date":"2025-05-30T21:40:46","date_gmt":"2025-05-31T00:40:46","guid":{"rendered":"https:\/\/vohnabrindes.com.br\/?post_type=product&#038;p=5801"},"modified":"2025-05-30T21:40:47","modified_gmt":"2025-05-31T00:40:47","slug":"caderneta-com-porta-caneta-personalizada","status":"publish","type":"product","link":"https:\/\/vohnabrindes.com.br\/index.php\/product\/caderneta-com-porta-caneta-personalizada\/","title":{"rendered":"Caderneta com Porta Caneta Personalizada."},"content":{"rendered":"<pre id=\"item_referencia\">06102<\/pre>\n<p class=\"produto-nome\">Caderneta com Porta Caneta Personalizada.<\/p>\n<div class=\"caracs\">\n<div class=\"desc\">\n<p class=\"desc-tit\"><span class=\"desc-sub my-desc-sub\">Seja para escrever compromissos do dia ou fazer planejamentos, nossa Caderneta \u00e9 uma excelente ferramenta para dias repletos de anota\u00e7\u00f5es. Com capa de linho, ela oferece um toque de sofistica\u00e7\u00e3o para suas 94 folhas pautadas. O fechamento magn\u00e9tico garante que tudo fique seguro, e o suporte para caneta deixa nossa caderneta ainda mais acess\u00edvel e organizada. Para completar, conta com marcador de p\u00e1ginas, evitando perda de tempo ao procurar onde parou. \u00c9 a escolha perfeita para as anota\u00e7\u00f5es di\u00e1rias.<\/span><\/p>\n<\/div>\n<div class=\"desc\">\n<p class=\"desc-tit\">Altura<span class=\"desc-sub\">\u00a0:\u00a0 21,2 cm<\/span><\/p>\n<\/div>\n<div class=\"desc\">\n<p class=\"desc-tit\">Largura<span class=\"desc-sub\">\u00a0:\u00a0 14,4 cm<\/span><\/p>\n<\/div>\n<div class=\"desc\">\n<p class=\"desc-tit\">Espessura<span class=\"desc-sub\">\u00a0:\u00a0 1,5 cm<\/span><\/p>\n<\/div>\n<div class=\"desc\">\n<p class=\"desc-tit\">Medidas aproximadas para grava\u00e7\u00e3o<span class=\"desc-sub\">\u00a0(CxL):\u00a0 11 cm x 11 cm<\/span><\/p>\n<\/div>\n<div class=\"desc\">\n<p class=\"desc-tit\">Peso aproximado<span class=\"desc-sub\">\u00a0(g):\u00a0 282<\/span><\/p>\n<\/div>\n<\/div>\n","protected":false},"excerpt":{"rendered":"<p>06102 Caderneta com Porta Caneta Personalizada. Seja para escrever compromissos do dia ou fazer planejamentos, nossa Caderneta \u00e9 uma excelente ferramenta para dias repletos de anota\u00e7\u00f5es.<span class=\"excerpt-hellip\"> [\u2026]<\/span><\/p>\n","protected":false},"featured_media":3535,"comment_status":"open","ping_status":"closed","template":"","meta":[],"product_cat":[146],"product_tag":[1178,764,1179,160,150],"class_list":["post-5801","product","type-product","status-publish","has-post-thumbnail","hentry","product_cat-blocos-e-cadernetas","product_tag-bloco-de-anotacoes-com-porta-caneta-personalizada","product_tag-bloco-de-anotacoes-personalizado","product_tag-caderneta-com-porta-caneta-personalizada","product_tag-caderno-personalizado","product_tag-moleskine-personalizado"],"_links":{"self":[{"href":"https:\/\/vohnabrindes.com.br\/index.php\/wp-json\/wp\/v2\/product\/5801","targetHints":{"allow":["GET"]}}],"collection":[{"href":"https:\/\/vohnabrindes.com.br\/index.php\/wp-json\/wp\/v2\/product"}],"about":[{"href":"https:\/\/vohnabrindes.com.br\/index.php\/wp-json\/wp\/v2\/types\/product"}],"replies":[{"embeddable":true,"href":"https:\/\/vohnabrindes.com.br\/index.php\/wp-json\/wp\/v2\/comments?post=5801"}],"version-history":[{"count":1,"href":"https:\/\/vohnabrindes.com.br\/index.php\/wp-json\/wp\/v2\/product\/5801\/revisions"}],"predecessor-version":[{"id":5831,"href":"https:\/\/vohnabrindes.com.br\/index.php\/wp-json\/wp\/v2\/product\/5801\/revisions\/5831"}],"wp:featuredmedia":[{"embeddable":true,"href":"https:\/\/vohnabrindes.com.br\/index.php\/wp-json\/wp\/v2\/media\/3535"}],"wp:attachment":[{"href":"https:\/\/vohnabrindes.com.br\/index.php\/wp-json\/wp\/v2\/media?parent=5801"}],"wp:term":[{"taxonomy":"product_cat","embeddable":true,"href":"https:\/\/vohnabrindes.com.br\/index.php\/wp-json\/wp\/v2\/product_cat?post=5801"},{"taxonomy":"product_tag","embeddable":true,"href":"https:\/\/vohnabrindes.com.br\/index.php\/wp-json\/wp\/v2\/product_tag?post=5801"}],"curies":[{"name":"wp","href":"https:\/\/api.w.org\/{rel}","templated":true}]}}