{"id":5803,"date":"2025-05-30T21:40:46","date_gmt":"2025-05-31T00:40:46","guid":{"rendered":"https:\/\/vohnabrindes.com.br\/?post_type=product&#038;p=5803"},"modified":"2025-05-30T21:40:48","modified_gmt":"2025-05-31T00:40:48","slug":"kit-queijo-2-pecas-personalizada","status":"publish","type":"product","link":"https:\/\/vohnabrindes.com.br\/index.php\/product\/kit-queijo-2-pecas-personalizada\/","title":{"rendered":"Kit Queijo 2 Pe\u00e7as personalizada."},"content":{"rendered":"<pre id=\"item_referencia\">06221<\/pre>\n<p class=\"produto-nome\">Kit Queijo 2 Pe\u00e7as personalizada.<\/p>\n<div class=\"caracs\">\n<div class=\"desc\">\n<p class=\"desc-tit\"><span class=\"desc-sub my-desc-sub\">Para aproveitar com qualidade aquele momento especial, precisamos dos utens\u00edlios certos. Confira essa novidade: Kit de Queijo com 2 pe\u00e7as, embalado em um estojo de papel\u00e3o com ber\u00e7o de espuma, contendo um garfo e uma esp\u00e1tula.<\/span><\/p>\n<\/div>\n<div class=\"desc\">\n<p class=\"desc-tit\">Altura<span class=\"desc-sub\"> :\u00a0 15,4 cm\u00a0 \u00a0<\/span>Largura<span class=\"desc-sub\"> :\u00a0 11,2 cm\u00a0 <\/span>Espessura<span class=\"desc-sub\">\u00a0:\u00a0 2,2 cm<\/span><\/p>\n<\/div>\n<div class=\"desc\">\n<p class=\"desc-tit\">Medidas aproximadas para grava\u00e7\u00e3o<span class=\"desc-sub\">\u00a0(CxL):\u00a0 Estojo: 11 cm x 8 cm\/ Cabo: 4 cm x 2,5 cm<\/span><\/p>\n<\/div>\n<div class=\"desc\">\n<p class=\"desc-tit\">Peso aproximado<span class=\"desc-sub\">\u00a0(g):\u00a0 123<\/span><\/p>\n<\/div>\n<\/div>\n","protected":false},"excerpt":{"rendered":"<p>06221 Kit Queijo 2 Pe\u00e7as personalizada. Para aproveitar com qualidade aquele momento especial, precisamos dos utens\u00edlios certos. Confira essa novidade: Kit de Queijo com 2 pe\u00e7as,<span class=\"excerpt-hellip\"> [\u2026]<\/span><\/p>\n","protected":false},"featured_media":3542,"comment_status":"open","ping_status":"closed","template":"","meta":[],"product_cat":[561],"product_tag":[1181,605],"class_list":["post-5803","product","type-product","status-publish","has-post-thumbnail","hentry","product_cat-kit-queijo-e-pizza","product_tag-kit-queijo","product_tag-kit-queijo-personalizado"],"_links":{"self":[{"href":"https:\/\/vohnabrindes.com.br\/index.php\/wp-json\/wp\/v2\/product\/5803","targetHints":{"allow":["GET"]}}],"collection":[{"href":"https:\/\/vohnabrindes.com.br\/index.php\/wp-json\/wp\/v2\/product"}],"about":[{"href":"https:\/\/vohnabrindes.com.br\/index.php\/wp-json\/wp\/v2\/types\/product"}],"replies":[{"embeddable":true,"href":"https:\/\/vohnabrindes.com.br\/index.php\/wp-json\/wp\/v2\/comments?post=5803"}],"version-history":[{"count":1,"href":"https:\/\/vohnabrindes.com.br\/index.php\/wp-json\/wp\/v2\/product\/5803\/revisions"}],"predecessor-version":[{"id":5833,"href":"https:\/\/vohnabrindes.com.br\/index.php\/wp-json\/wp\/v2\/product\/5803\/revisions\/5833"}],"wp:featuredmedia":[{"embeddable":true,"href":"https:\/\/vohnabrindes.com.br\/index.php\/wp-json\/wp\/v2\/media\/3542"}],"wp:attachment":[{"href":"https:\/\/vohnabrindes.com.br\/index.php\/wp-json\/wp\/v2\/media?parent=5803"}],"wp:term":[{"taxonomy":"product_cat","embeddable":true,"href":"https:\/\/vohnabrindes.com.br\/index.php\/wp-json\/wp\/v2\/product_cat?post=5803"},{"taxonomy":"product_tag","embeddable":true,"href":"https:\/\/vohnabrindes.com.br\/index.php\/wp-json\/wp\/v2\/product_tag?post=5803"}],"curies":[{"name":"wp","href":"https:\/\/api.w.org\/{rel}","templated":true}]}}