{"id":5807,"date":"2025-05-30T21:40:46","date_gmt":"2025-05-31T00:40:46","guid":{"rendered":"https:\/\/vohnabrindes.com.br\/?post_type=product&#038;p=5807"},"modified":"2025-05-30T21:40:48","modified_gmt":"2025-05-31T00:40:48","slug":"bateria-portatil-ecologica-solar-personalizada","status":"publish","type":"product","link":"https:\/\/vohnabrindes.com.br\/index.php\/product\/bateria-portatil-ecologica-solar-personalizada\/","title":{"rendered":"Bateria port\u00e1til ecol\u00f3gica solar personalizada."},"content":{"rendered":"<div class=\"ref\">97137-CLERK.<\/div>\n<div class=\"ref\">Bateria port\u00e1til ecol\u00f3gica solar personalizada.<\/div>\n<div class=\"texto\">Bateria port\u00e1til em alum\u00ednio 100% reciclado. Bateria em l\u00edtio, com painel solar e lanterna. Tem capacidade de 8.000 mAh e tempo de vida superior a 500 ciclos. Possui uma porta de entrada e sa\u00edda USB-C e duas portas de sa\u00edda USB-A. Incluso cabo USB-C para carregamento com cerca de 30 cm. Ideal para situa\u00e7\u00f5es de emerg\u00eancia. Fornecido em caixa presente em papel kraft. 153 x 74 x 10 mm<\/div>\n","protected":false},"excerpt":{"rendered":"<p>97137-CLERK. Bateria port\u00e1til ecol\u00f3gica solar personalizada. Bateria port\u00e1til em alum\u00ednio 100% reciclado. Bateria em l\u00edtio, com painel solar e lanterna. Tem capacidade de 8.000 mAh e<span class=\"excerpt-hellip\"> [\u2026]<\/span><\/p>\n","protected":false},"featured_media":3553,"comment_status":"open","ping_status":"closed","template":"","meta":[],"product_cat":[377,152,126],"product_tag":[],"class_list":["post-5807","product","type-product","status-publish","has-post-thumbnail","hentry","product_cat-informatica-som-e-tecnologia","product_cat-lancamentos","product_cat-linha-ecologica"],"_links":{"self":[{"href":"https:\/\/vohnabrindes.com.br\/index.php\/wp-json\/wp\/v2\/product\/5807","targetHints":{"allow":["GET"]}}],"collection":[{"href":"https:\/\/vohnabrindes.com.br\/index.php\/wp-json\/wp\/v2\/product"}],"about":[{"href":"https:\/\/vohnabrindes.com.br\/index.php\/wp-json\/wp\/v2\/types\/product"}],"replies":[{"embeddable":true,"href":"https:\/\/vohnabrindes.com.br\/index.php\/wp-json\/wp\/v2\/comments?post=5807"}],"version-history":[{"count":1,"href":"https:\/\/vohnabrindes.com.br\/index.php\/wp-json\/wp\/v2\/product\/5807\/revisions"}],"predecessor-version":[{"id":5837,"href":"https:\/\/vohnabrindes.com.br\/index.php\/wp-json\/wp\/v2\/product\/5807\/revisions\/5837"}],"wp:featuredmedia":[{"embeddable":true,"href":"https:\/\/vohnabrindes.com.br\/index.php\/wp-json\/wp\/v2\/media\/3553"}],"wp:attachment":[{"href":"https:\/\/vohnabrindes.com.br\/index.php\/wp-json\/wp\/v2\/media?parent=5807"}],"wp:term":[{"taxonomy":"product_cat","embeddable":true,"href":"https:\/\/vohnabrindes.com.br\/index.php\/wp-json\/wp\/v2\/product_cat?post=5807"},{"taxonomy":"product_tag","embeddable":true,"href":"https:\/\/vohnabrindes.com.br\/index.php\/wp-json\/wp\/v2\/product_tag?post=5807"}],"curies":[{"name":"wp","href":"https:\/\/api.w.org\/{rel}","templated":true}]}}