{"id":5808,"date":"2025-05-30T21:40:46","date_gmt":"2025-05-31T00:40:46","guid":{"rendered":"https:\/\/vohnabrindes.com.br\/?post_type=product&#038;p=5808"},"modified":"2025-05-30T21:40:48","modified_gmt":"2025-05-31T00:40:48","slug":"mochila-pasta-premium-personalizada","status":"publish","type":"product","link":"https:\/\/vohnabrindes.com.br\/index.php\/product\/mochila-pasta-premium-personalizada\/","title":{"rendered":"Mochila\/Pasta Premium personalizada."},"content":{"rendered":"<pre class=\"mb-3\">MC565\r\n\r\nMochila\/Pasta Premium<\/pre>\n<div class=\"d-block\">\n<div>\n<p>Mochila\/pasta premium produzida com detalhes em couro acolchoado, al\u00e7as de ombro acolchoadas, interior com divis\u00f3rias com z\u00edper para acomodar pequenos objetos, dois bolsos frontais com z\u00edper, divis\u00f3ria com z\u00edper na parte das costas e engate para mala de viagem, aceita notebook de at\u00e9 15,6\u201d, possui porta USB tipo C na lateral.<\/p>\n<div class=\"d-flex justify-content-between align-items-center\">\n<div class=\"text-end w-50\"><strong>Dimens\u00e3o Produto:<\/strong>49x28x16cm<\/div>\n<\/div>\n<div class=\"d-flex justify-content-between align-items-center\">\n<div class=\"text-end w-50\"><strong>Peso do Produto:<\/strong>0,800kg<\/div>\n<\/div>\n<\/div>\n<\/div>\n","protected":false},"excerpt":{"rendered":"<p>MC565 Mochila\/Pasta Premium Mochila\/pasta premium produzida com detalhes em couro acolchoado, al\u00e7as de ombro acolchoadas, interior com divis\u00f3rias com z\u00edper para acomodar pequenos objetos, dois bolsos<span class=\"excerpt-hellip\"> [\u2026]<\/span><\/p>\n","protected":false},"featured_media":3555,"comment_status":"open","ping_status":"closed","template":"","meta":[],"product_cat":[622,171],"product_tag":[1184,1185],"class_list":["post-5808","product","type-product","status-publish","has-post-thumbnail","hentry","product_cat-linha-premium-e-marcas","product_cat-mochilas-e-malas","product_tag-mochila-executiva-personalizada","product_tag-mochila-pasta-premium-personalizada"],"_links":{"self":[{"href":"https:\/\/vohnabrindes.com.br\/index.php\/wp-json\/wp\/v2\/product\/5808","targetHints":{"allow":["GET"]}}],"collection":[{"href":"https:\/\/vohnabrindes.com.br\/index.php\/wp-json\/wp\/v2\/product"}],"about":[{"href":"https:\/\/vohnabrindes.com.br\/index.php\/wp-json\/wp\/v2\/types\/product"}],"replies":[{"embeddable":true,"href":"https:\/\/vohnabrindes.com.br\/index.php\/wp-json\/wp\/v2\/comments?post=5808"}],"version-history":[{"count":1,"href":"https:\/\/vohnabrindes.com.br\/index.php\/wp-json\/wp\/v2\/product\/5808\/revisions"}],"predecessor-version":[{"id":5838,"href":"https:\/\/vohnabrindes.com.br\/index.php\/wp-json\/wp\/v2\/product\/5808\/revisions\/5838"}],"wp:featuredmedia":[{"embeddable":true,"href":"https:\/\/vohnabrindes.com.br\/index.php\/wp-json\/wp\/v2\/media\/3555"}],"wp:attachment":[{"href":"https:\/\/vohnabrindes.com.br\/index.php\/wp-json\/wp\/v2\/media?parent=5808"}],"wp:term":[{"taxonomy":"product_cat","embeddable":true,"href":"https:\/\/vohnabrindes.com.br\/index.php\/wp-json\/wp\/v2\/product_cat?post=5808"},{"taxonomy":"product_tag","embeddable":true,"href":"https:\/\/vohnabrindes.com.br\/index.php\/wp-json\/wp\/v2\/product_tag?post=5808"}],"curies":[{"name":"wp","href":"https:\/\/api.w.org\/{rel}","templated":true}]}}