{"id":5810,"date":"2025-05-30T21:40:46","date_gmt":"2025-05-31T00:40:46","guid":{"rendered":"https:\/\/vohnabrindes.com.br\/?post_type=product&#038;p=5810"},"modified":"2025-05-30T21:40:48","modified_gmt":"2025-05-31T00:40:48","slug":"mochila-pasta-premium-personalizada-2","status":"publish","type":"product","link":"https:\/\/vohnabrindes.com.br\/index.php\/product\/mochila-pasta-premium-personalizada-2\/","title":{"rendered":"Mochila\/Pasta Premium Personalizada."},"content":{"rendered":"<h6 class=\"mb-3\">MC525<\/h6>\n<h4 class=\"mb-3\">Mochila\/Pasta Premium Personalizada.<\/h4>\n<div class=\"d-block\">\n<div>\n<p>Mochila premium, produzida com poli\u00e9ster acolchoado, al\u00e7as de ombro acolchoadas, interior com divis\u00f3rias com z\u00edper para acomodar pequenos objetos, bolso frontal com z\u00edper e na parte das costas uma divis\u00f3ria atr\u00e1s do engate para mala de viagem,\u00a0aceita notebook de at\u00e9 15,6\u201d, porta USB na lateral.<\/p>\n<\/div>\n<\/div>\n","protected":false},"excerpt":{"rendered":"<p>MC525 Mochila\/Pasta Premium Personalizada. Mochila premium, produzida com poli\u00e9ster acolchoado, al\u00e7as de ombro acolchoadas, interior com divis\u00f3rias com z\u00edper para acomodar pequenos objetos, bolso frontal com<span class=\"excerpt-hellip\"> [\u2026]<\/span><\/p>\n","protected":false},"featured_media":3562,"comment_status":"open","ping_status":"closed","template":"","meta":[],"product_cat":[622,171],"product_tag":[1184,304,1185],"class_list":["post-5810","product","type-product","status-publish","has-post-thumbnail","hentry","product_cat-linha-premium-e-marcas","product_cat-mochilas-e-malas","product_tag-mochila-executiva-personalizada","product_tag-mochila-premium-personalizada","product_tag-mochila-pasta-premium-personalizada"],"_links":{"self":[{"href":"https:\/\/vohnabrindes.com.br\/index.php\/wp-json\/wp\/v2\/product\/5810","targetHints":{"allow":["GET"]}}],"collection":[{"href":"https:\/\/vohnabrindes.com.br\/index.php\/wp-json\/wp\/v2\/product"}],"about":[{"href":"https:\/\/vohnabrindes.com.br\/index.php\/wp-json\/wp\/v2\/types\/product"}],"replies":[{"embeddable":true,"href":"https:\/\/vohnabrindes.com.br\/index.php\/wp-json\/wp\/v2\/comments?post=5810"}],"version-history":[{"count":1,"href":"https:\/\/vohnabrindes.com.br\/index.php\/wp-json\/wp\/v2\/product\/5810\/revisions"}],"predecessor-version":[{"id":5840,"href":"https:\/\/vohnabrindes.com.br\/index.php\/wp-json\/wp\/v2\/product\/5810\/revisions\/5840"}],"wp:featuredmedia":[{"embeddable":true,"href":"https:\/\/vohnabrindes.com.br\/index.php\/wp-json\/wp\/v2\/media\/3562"}],"wp:attachment":[{"href":"https:\/\/vohnabrindes.com.br\/index.php\/wp-json\/wp\/v2\/media?parent=5810"}],"wp:term":[{"taxonomy":"product_cat","embeddable":true,"href":"https:\/\/vohnabrindes.com.br\/index.php\/wp-json\/wp\/v2\/product_cat?post=5810"},{"taxonomy":"product_tag","embeddable":true,"href":"https:\/\/vohnabrindes.com.br\/index.php\/wp-json\/wp\/v2\/product_tag?post=5810"}],"curies":[{"name":"wp","href":"https:\/\/api.w.org\/{rel}","templated":true}]}}