{"id":5814,"date":"2025-05-30T21:40:46","date_gmt":"2025-05-31T00:40:46","guid":{"rendered":"https:\/\/vohnabrindes.com.br\/?post_type=product&#038;p=5814"},"modified":"2025-05-30T21:40:48","modified_gmt":"2025-05-31T00:40:48","slug":"marmita-personalizada-2","status":"publish","type":"product","link":"https:\/\/vohnabrindes.com.br\/index.php\/product\/marmita-personalizada-2\/","title":{"rendered":"Marmita personalizada."},"content":{"rendered":"<div class=\"ref\">94265-PYRUS.<\/div>\n<div class=\"ref\">Marmita personalizada.<\/div>\n<div class=\"texto\">Marmita em PP com capacidade at\u00e9 1 L. A tampa tem um compartimento para talheres (inclusos). A caixa \u00e9 apta para micro-ondas (retirar tampa). N\u00e3o aconselh\u00e1vel para l\u00edquidos. Certifica\u00e7\u00e3o EU Food Grade. 210 x 145 x 80 mm<\/div>\n","protected":false},"excerpt":{"rendered":"<p>94265-PYRUS. Marmita personalizada. Marmita em PP com capacidade at\u00e9 1 L. A tampa tem um compartimento para talheres (inclusos). A caixa \u00e9 apta para micro-ondas (retirar<span class=\"excerpt-hellip\"> [\u2026]<\/span><\/p>\n","protected":false},"featured_media":3573,"comment_status":"open","ping_status":"closed","template":"","meta":[],"product_cat":[899,350,275],"product_tag":[1189],"class_list":["post-5814","product","type-product","status-publish","has-post-thumbnail","hentry","product_cat-diversos","product_cat-fitness-e-lazer","product_cat-linha-gourmet","product_tag-marmita-personalizada"],"_links":{"self":[{"href":"https:\/\/vohnabrindes.com.br\/index.php\/wp-json\/wp\/v2\/product\/5814","targetHints":{"allow":["GET"]}}],"collection":[{"href":"https:\/\/vohnabrindes.com.br\/index.php\/wp-json\/wp\/v2\/product"}],"about":[{"href":"https:\/\/vohnabrindes.com.br\/index.php\/wp-json\/wp\/v2\/types\/product"}],"replies":[{"embeddable":true,"href":"https:\/\/vohnabrindes.com.br\/index.php\/wp-json\/wp\/v2\/comments?post=5814"}],"version-history":[{"count":1,"href":"https:\/\/vohnabrindes.com.br\/index.php\/wp-json\/wp\/v2\/product\/5814\/revisions"}],"predecessor-version":[{"id":5844,"href":"https:\/\/vohnabrindes.com.br\/index.php\/wp-json\/wp\/v2\/product\/5814\/revisions\/5844"}],"wp:featuredmedia":[{"embeddable":true,"href":"https:\/\/vohnabrindes.com.br\/index.php\/wp-json\/wp\/v2\/media\/3573"}],"wp:attachment":[{"href":"https:\/\/vohnabrindes.com.br\/index.php\/wp-json\/wp\/v2\/media?parent=5814"}],"wp:term":[{"taxonomy":"product_cat","embeddable":true,"href":"https:\/\/vohnabrindes.com.br\/index.php\/wp-json\/wp\/v2\/product_cat?post=5814"},{"taxonomy":"product_tag","embeddable":true,"href":"https:\/\/vohnabrindes.com.br\/index.php\/wp-json\/wp\/v2\/product_tag?post=5814"}],"curies":[{"name":"wp","href":"https:\/\/api.w.org\/{rel}","templated":true}]}}