{"id":5815,"date":"2025-05-30T21:40:46","date_gmt":"2025-05-31T00:40:46","guid":{"rendered":"https:\/\/vohnabrindes.com.br\/?post_type=product&#038;p=5815"},"modified":"2025-05-30T21:40:49","modified_gmt":"2025-05-31T00:40:49","slug":"marmita-em-aco-inox-e-tampa-em-bambu-personalizada","status":"publish","type":"product","link":"https:\/\/vohnabrindes.com.br\/index.php\/product\/marmita-em-aco-inox-e-tampa-em-bambu-personalizada\/","title":{"rendered":"\u00a0Marmita em a\u00e7o inox e tampa em bambu personalizada."},"content":{"rendered":"<div class=\"ref\">94025-SHINO.<\/div>\n<div class=\"ref\">\u00a0Marmita em a\u00e7o inox e tampa em bambu personalizada.<\/div>\n<div class=\"texto\">Marmita em a\u00e7o inox e tampa em bambu com banda el\u00e1stica para um transporte mais seguro. Capacidade at\u00e9 800 mL. Fornecida caixa presente em papel kraft reciclado. Certifica\u00e7\u00e3o EU Food Grade. A cor e o resultado da impress\u00e3o nos materiais naturais pode variar entre produtos. 165 x 115 x 52 mm<\/div>\n","protected":false},"excerpt":{"rendered":"<p>94025-SHINO. \u00a0Marmita em a\u00e7o inox e tampa em bambu personalizada. Marmita em a\u00e7o inox e tampa em bambu com banda el\u00e1stica para um transporte mais seguro.<span class=\"excerpt-hellip\"> [\u2026]<\/span><\/p>\n","protected":false},"featured_media":3575,"comment_status":"open","ping_status":"closed","template":"","meta":[],"product_cat":[350,275],"product_tag":[1190,1189],"class_list":["post-5815","product","type-product","status-publish","has-post-thumbnail","hentry","product_cat-fitness-e-lazer","product_cat-linha-gourmet","product_tag-marmita-em-aco-inox-e-tampa-em-bambu-personalizada","product_tag-marmita-personalizada"],"_links":{"self":[{"href":"https:\/\/vohnabrindes.com.br\/index.php\/wp-json\/wp\/v2\/product\/5815","targetHints":{"allow":["GET"]}}],"collection":[{"href":"https:\/\/vohnabrindes.com.br\/index.php\/wp-json\/wp\/v2\/product"}],"about":[{"href":"https:\/\/vohnabrindes.com.br\/index.php\/wp-json\/wp\/v2\/types\/product"}],"replies":[{"embeddable":true,"href":"https:\/\/vohnabrindes.com.br\/index.php\/wp-json\/wp\/v2\/comments?post=5815"}],"version-history":[{"count":1,"href":"https:\/\/vohnabrindes.com.br\/index.php\/wp-json\/wp\/v2\/product\/5815\/revisions"}],"predecessor-version":[{"id":5845,"href":"https:\/\/vohnabrindes.com.br\/index.php\/wp-json\/wp\/v2\/product\/5815\/revisions\/5845"}],"wp:featuredmedia":[{"embeddable":true,"href":"https:\/\/vohnabrindes.com.br\/index.php\/wp-json\/wp\/v2\/media\/3575"}],"wp:attachment":[{"href":"https:\/\/vohnabrindes.com.br\/index.php\/wp-json\/wp\/v2\/media?parent=5815"}],"wp:term":[{"taxonomy":"product_cat","embeddable":true,"href":"https:\/\/vohnabrindes.com.br\/index.php\/wp-json\/wp\/v2\/product_cat?post=5815"},{"taxonomy":"product_tag","embeddable":true,"href":"https:\/\/vohnabrindes.com.br\/index.php\/wp-json\/wp\/v2\/product_tag?post=5815"}],"curies":[{"name":"wp","href":"https:\/\/api.w.org\/{rel}","templated":true}]}}