{"id":5817,"date":"2025-05-30T21:40:47","date_gmt":"2025-05-31T00:40:47","guid":{"rendered":"https:\/\/vohnabrindes.com.br\/?post_type=product&#038;p=5817"},"modified":"2025-05-30T21:40:49","modified_gmt":"2025-05-31T00:40:49","slug":"bolsa-termica-5-litros-personalizada-4","status":"publish","type":"product","link":"https:\/\/vohnabrindes.com.br\/index.php\/product\/bolsa-termica-5-litros-personalizada-4\/","title":{"rendered":"Bolsa T\u00e9rmica 5 Litros Personalizada."},"content":{"rendered":"<h6 id=\"item_referencia\">18867<\/h6>\n<p class=\"produto-nome\">Bolsa T\u00e9rmica 5 Litros Personalizada.<\/p>\n<div class=\"caracs\">\n<div class=\"desc\">\n<p class=\"desc-tit\"><span class=\"desc-sub my-desc-sub\">Leve lanches, petiscos ou refei\u00e7\u00f5es para passeios, ou trabalho com a nossa bolsa t\u00e9rmica de 5 litros. Com espa\u00e7o para diversas del\u00edcias, ela \u00e9 perfeita para manter a qualidade dos alimentos. Resistente \u00e0 \u00e1gua, produzida em nylon, suas al\u00e7as s\u00e3o em couro sint\u00e9tico, que oferece um toque de charme \u00e0 bolsa. Al\u00e9m disso, conta com um bolso frontal para guardanapos, talheres ou o que desejar, e ainda oferece espa\u00e7o para personaliza\u00e7\u00e3o.<\/span><\/p>\n<\/div>\n<div class=\"desc\">\n<p class=\"desc-tit\">Altura<span class=\"desc-sub\">\u00a0:\u00a0 18 cm<\/span><\/p>\n<\/div>\n<div class=\"desc\">\n<p class=\"desc-tit\">Largura<span class=\"desc-sub\">\u00a0:\u00a0 22,5 cm<\/span><\/p>\n<\/div>\n<div class=\"desc\">\n<p class=\"desc-tit\">Profundidade<span class=\"desc-sub\">\u00a0:\u00a0 14 cm<\/span><\/p>\n<\/div>\n<\/div>\n","protected":false},"excerpt":{"rendered":"<p>18867 Bolsa T\u00e9rmica 5 Litros Personalizada. Leve lanches, petiscos ou refei\u00e7\u00f5es para passeios, ou trabalho com a nossa bolsa t\u00e9rmica de 5 litros. Com espa\u00e7o para<span class=\"excerpt-hellip\"> [\u2026]<\/span><\/p>\n","protected":false},"featured_media":3583,"comment_status":"open","ping_status":"closed","template":"","meta":[],"product_cat":[145],"product_tag":[371,358,360,1023],"class_list":["post-5817","product","type-product","status-publish","has-post-thumbnail","hentry","product_cat-bolsas-termicas-e-coolers","product_tag-bolsa-termica-5-litros-personalizada","product_tag-bolsa-termica-personalizada","product_tag-lancheira-termica","product_tag-lancheira-termica-personalizada"],"_links":{"self":[{"href":"https:\/\/vohnabrindes.com.br\/index.php\/wp-json\/wp\/v2\/product\/5817","targetHints":{"allow":["GET"]}}],"collection":[{"href":"https:\/\/vohnabrindes.com.br\/index.php\/wp-json\/wp\/v2\/product"}],"about":[{"href":"https:\/\/vohnabrindes.com.br\/index.php\/wp-json\/wp\/v2\/types\/product"}],"replies":[{"embeddable":true,"href":"https:\/\/vohnabrindes.com.br\/index.php\/wp-json\/wp\/v2\/comments?post=5817"}],"version-history":[{"count":1,"href":"https:\/\/vohnabrindes.com.br\/index.php\/wp-json\/wp\/v2\/product\/5817\/revisions"}],"predecessor-version":[{"id":5847,"href":"https:\/\/vohnabrindes.com.br\/index.php\/wp-json\/wp\/v2\/product\/5817\/revisions\/5847"}],"wp:featuredmedia":[{"embeddable":true,"href":"https:\/\/vohnabrindes.com.br\/index.php\/wp-json\/wp\/v2\/media\/3583"}],"wp:attachment":[{"href":"https:\/\/vohnabrindes.com.br\/index.php\/wp-json\/wp\/v2\/media?parent=5817"}],"wp:term":[{"taxonomy":"product_cat","embeddable":true,"href":"https:\/\/vohnabrindes.com.br\/index.php\/wp-json\/wp\/v2\/product_cat?post=5817"},{"taxonomy":"product_tag","embeddable":true,"href":"https:\/\/vohnabrindes.com.br\/index.php\/wp-json\/wp\/v2\/product_tag?post=5817"}],"curies":[{"name":"wp","href":"https:\/\/api.w.org\/{rel}","templated":true}]}}