{"id":5818,"date":"2025-05-30T21:40:47","date_gmt":"2025-05-31T00:40:47","guid":{"rendered":"https:\/\/vohnabrindes.com.br\/?post_type=product&#038;p=5818"},"modified":"2025-05-30T21:40:49","modified_gmt":"2025-05-31T00:40:49","slug":"bolsa-termica-95-litros-personalizada","status":"publish","type":"product","link":"https:\/\/vohnabrindes.com.br\/index.php\/product\/bolsa-termica-95-litros-personalizada\/","title":{"rendered":"Bolsa T\u00e9rmica 9,5 Litros personalizada."},"content":{"rendered":"<pre id=\"item_referencia\">18871<\/pre>\n<p class=\"produto-nome\">Bolsa T\u00e9rmica 9,5 Litros personalizada.<\/p>\n<div class=\"caracs\">\n<div class=\"desc\">\n<p class=\"desc-tit\"><span class=\"desc-sub my-desc-sub\">Essa bolsa t\u00e9rmica \u00e9 um acess\u00f3rio vers\u00e1til, ideal para conservar alimentos frescos e na temperatura certa por mais tempo. Feita com materiais de isolamento t\u00e9rmico de alta qualidade, \u00e9 perfeita para transportar lanches e refei\u00e7\u00f5es em viagens, no trabalho, na escola ou em atividades ao ar livre. Com design compacto e leve, permite f\u00e1cil transporte, e seu interior espa\u00e7oso acomoda diversos tipos de alimentos de forma organizada. Pr\u00e1tica e segura, \u00e9 a escolha ideal para manter seus lanches saborosos onde quer que voc\u00ea v\u00e1.<\/span><\/p>\n<\/div>\n<div class=\"desc\">\n<p class=\"desc-tit\">Altura<span class=\"desc-sub\">\u00a0:\u00a0 21 cm<\/span><\/p>\n<\/div>\n<div class=\"desc\">\n<p class=\"desc-tit\">Largura<span class=\"desc-sub\">\u00a0:\u00a0 28,3 cm<\/span><\/p>\n<\/div>\n<div class=\"desc\">\n<p class=\"desc-tit\">Profundidade<span class=\"desc-sub\">\u00a0:\u00a0 16 cm<\/span><\/p>\n<\/div>\n<div class=\"desc\">\n<p class=\"desc-tit\">Medidas aproximadas para grava\u00e7\u00e3o<span class=\"desc-sub\">\u00a0(CxL):\u00a0 2 cm x 4 cm<\/span><\/p>\n<\/div>\n<div class=\"desc\">\n<p class=\"desc-tit\">Peso aproximado<span class=\"desc-sub\">\u00a0(g):\u00a0 135<\/span><\/p>\n<\/div>\n<\/div>\n","protected":false},"excerpt":{"rendered":"<p>18871 Bolsa T\u00e9rmica 9,5 Litros personalizada. Essa bolsa t\u00e9rmica \u00e9 um acess\u00f3rio vers\u00e1til, ideal para conservar alimentos frescos e na temperatura certa por mais tempo. Feita<span class=\"excerpt-hellip\"> [\u2026]<\/span><\/p>\n","protected":false},"featured_media":3585,"comment_status":"open","ping_status":"closed","template":"","meta":[],"product_cat":[145],"product_tag":[1192,1193,358],"class_list":["post-5818","product","type-product","status-publish","has-post-thumbnail","hentry","product_cat-bolsas-termicas-e-coolers","product_tag-bolsa-termica-9","product_tag-bolsa-termica-9-litros-personalizada","product_tag-bolsa-termica-personalizada"],"_links":{"self":[{"href":"https:\/\/vohnabrindes.com.br\/index.php\/wp-json\/wp\/v2\/product\/5818","targetHints":{"allow":["GET"]}}],"collection":[{"href":"https:\/\/vohnabrindes.com.br\/index.php\/wp-json\/wp\/v2\/product"}],"about":[{"href":"https:\/\/vohnabrindes.com.br\/index.php\/wp-json\/wp\/v2\/types\/product"}],"replies":[{"embeddable":true,"href":"https:\/\/vohnabrindes.com.br\/index.php\/wp-json\/wp\/v2\/comments?post=5818"}],"version-history":[{"count":1,"href":"https:\/\/vohnabrindes.com.br\/index.php\/wp-json\/wp\/v2\/product\/5818\/revisions"}],"predecessor-version":[{"id":5848,"href":"https:\/\/vohnabrindes.com.br\/index.php\/wp-json\/wp\/v2\/product\/5818\/revisions\/5848"}],"wp:featuredmedia":[{"embeddable":true,"href":"https:\/\/vohnabrindes.com.br\/index.php\/wp-json\/wp\/v2\/media\/3585"}],"wp:attachment":[{"href":"https:\/\/vohnabrindes.com.br\/index.php\/wp-json\/wp\/v2\/media?parent=5818"}],"wp:term":[{"taxonomy":"product_cat","embeddable":true,"href":"https:\/\/vohnabrindes.com.br\/index.php\/wp-json\/wp\/v2\/product_cat?post=5818"},{"taxonomy":"product_tag","embeddable":true,"href":"https:\/\/vohnabrindes.com.br\/index.php\/wp-json\/wp\/v2\/product_tag?post=5818"}],"curies":[{"name":"wp","href":"https:\/\/api.w.org\/{rel}","templated":true}]}}