{"id":5819,"date":"2025-05-30T21:40:47","date_gmt":"2025-05-31T00:40:47","guid":{"rendered":"https:\/\/vohnabrindes.com.br\/?post_type=product&#038;p=5819"},"modified":"2025-05-30T21:40:49","modified_gmt":"2025-05-31T00:40:49","slug":"bolsa-termica-oxford-81-litros-personalizada","status":"publish","type":"product","link":"https:\/\/vohnabrindes.com.br\/index.php\/product\/bolsa-termica-oxford-81-litros-personalizada\/","title":{"rendered":"Bolsa T\u00e9rmica Oxford 8,1 Litros Personalizada."},"content":{"rendered":"<pre id=\"item_referencia\">18866<\/pre>\n<p class=\"produto-nome\">Bolsa T\u00e9rmica Oxford 8,1 Litros Personalizada.<\/p>\n<div class=\"caracs\">\n<div class=\"desc\">\n<p class=\"desc-tit\"><span class=\"desc-sub my-desc-sub\">A bolsa para refei\u00e7\u00f5es, ideal para o dia a dia. Feita em tecido Oxford, seu formato cil\u00edndrico permite mais espa\u00e7o interno, que cont\u00e9m revestimento t\u00e9rmico em folhas de alum\u00ednio, ainda possui al\u00e7a de ombro remov\u00edvel e ajust\u00e1vel. Leve-a para viagens, aventuras ao ar livre e muito mais.<\/span><\/p>\n<\/div>\n<div class=\"desc\">\n<p class=\"desc-tit\">Altura<span class=\"desc-sub\">\u00a0:\u00a0 26,4 cm<\/span><\/p>\n<\/div>\n<div class=\"desc\">\n<p class=\"desc-tit\">Largura<span class=\"desc-sub\">\u00a0:\u00a0 17,7 cm<\/span><\/p>\n<\/div>\n<div class=\"desc\">\n<p class=\"desc-tit\">Profundidade<span class=\"desc-sub\">\u00a0:\u00a0 17,4 cm<\/span><\/p>\n<\/div>\n<div class=\"desc\">\n<p class=\"desc-tit\">Medidas aproximadas para grava\u00e7\u00e3o<span class=\"desc-sub\">\u00a0(CxL):\u00a0 1,3 cm x 4,5 cm<\/span><\/p>\n<\/div>\n<div class=\"desc\">\n<p class=\"desc-tit\">Peso aproximado<span class=\"desc-sub\">\u00a0(g):\u00a0 183<\/span><\/p>\n<\/div>\n<\/div>\n","protected":false},"excerpt":{"rendered":"<p>18866 Bolsa T\u00e9rmica Oxford 8,1 Litros Personalizada. A bolsa para refei\u00e7\u00f5es, ideal para o dia a dia. Feita em tecido Oxford, seu formato cil\u00edndrico permite mais<span class=\"excerpt-hellip\"> [\u2026]<\/span><\/p>\n","protected":false},"featured_media":3590,"comment_status":"open","ping_status":"closed","template":"","meta":[],"product_cat":[145],"product_tag":[1194,1195,1196,358],"class_list":["post-5819","product","type-product","status-publish","has-post-thumbnail","hentry","product_cat-bolsas-termicas-e-coolers","product_tag-1-litros-personalizada","product_tag-bolsa-termica-oxford-8","product_tag-bolsa-termica-oxford-personalizada","product_tag-bolsa-termica-personalizada"],"_links":{"self":[{"href":"https:\/\/vohnabrindes.com.br\/index.php\/wp-json\/wp\/v2\/product\/5819","targetHints":{"allow":["GET"]}}],"collection":[{"href":"https:\/\/vohnabrindes.com.br\/index.php\/wp-json\/wp\/v2\/product"}],"about":[{"href":"https:\/\/vohnabrindes.com.br\/index.php\/wp-json\/wp\/v2\/types\/product"}],"replies":[{"embeddable":true,"href":"https:\/\/vohnabrindes.com.br\/index.php\/wp-json\/wp\/v2\/comments?post=5819"}],"version-history":[{"count":1,"href":"https:\/\/vohnabrindes.com.br\/index.php\/wp-json\/wp\/v2\/product\/5819\/revisions"}],"predecessor-version":[{"id":5849,"href":"https:\/\/vohnabrindes.com.br\/index.php\/wp-json\/wp\/v2\/product\/5819\/revisions\/5849"}],"wp:featuredmedia":[{"embeddable":true,"href":"https:\/\/vohnabrindes.com.br\/index.php\/wp-json\/wp\/v2\/media\/3590"}],"wp:attachment":[{"href":"https:\/\/vohnabrindes.com.br\/index.php\/wp-json\/wp\/v2\/media?parent=5819"}],"wp:term":[{"taxonomy":"product_cat","embeddable":true,"href":"https:\/\/vohnabrindes.com.br\/index.php\/wp-json\/wp\/v2\/product_cat?post=5819"},{"taxonomy":"product_tag","embeddable":true,"href":"https:\/\/vohnabrindes.com.br\/index.php\/wp-json\/wp\/v2\/product_tag?post=5819"}],"curies":[{"name":"wp","href":"https:\/\/api.w.org\/{rel}","templated":true}]}}