{"id":5821,"date":"2025-05-30T21:40:47","date_gmt":"2025-05-31T00:40:47","guid":{"rendered":"https:\/\/vohnabrindes.com.br\/?post_type=product&#038;p=5821"},"modified":"2025-05-30T21:40:49","modified_gmt":"2025-05-31T00:40:49","slug":"sacola-de-linho-personalizada","status":"publish","type":"product","link":"https:\/\/vohnabrindes.com.br\/index.php\/product\/sacola-de-linho-personalizada\/","title":{"rendered":"Sacola de Linho Personalizada."},"content":{"rendered":"<h6 id=\"item_referencia\">08074<\/h6>\n<p class=\"produto-nome\">Sacola de Linho Personalizada.<\/p>\n<div class=\"caracs\">\n<div class=\"desc\">\n<p class=\"desc-tit\"><span class=\"desc-sub my-desc-sub\">Sustentabilidade e resist\u00eancia num s\u00f3 item! Nossa Sacola confeccionada em linho \u00e9 mais uma op\u00e7\u00e3o para quem busca itens biodegrad\u00e1veis e respons\u00e1veis ecologicamente. Com \u00f3timo espa\u00e7o interno e al\u00e7as costuradas, leve-a para qualquer lugar.<\/span><\/p>\n<\/div>\n<div class=\"desc\">\n<p class=\"desc-tit\">Altura<span class=\"desc-sub\">\u00a0:\u00a0 30 cm<\/span><\/p>\n<\/div>\n<div class=\"desc\">\n<p class=\"desc-tit\">Largura<span class=\"desc-sub\">\u00a0:\u00a0 36,5 cm<\/span><\/p>\n<\/div>\n<div class=\"desc\">\n<p class=\"desc-tit\">Profundidade<span class=\"desc-sub\">\u00a0:\u00a0 16,2 cm<\/span><\/p>\n<\/div>\n<div class=\"desc\">\n<p class=\"desc-tit\">Comprimento<span class=\"desc-sub\"> :\u00a0 Al\u00e7a: 36 cm<\/span><\/p>\n<\/div>\n<div class=\"desc\">\n<p class=\"desc-tit\">Peso aproximado<span class=\"desc-sub\">\u00a0(g):\u00a0 212<\/span><\/p>\n<\/div>\n<\/div>\n","protected":false},"excerpt":{"rendered":"<p>08074 Sacola de Linho Personalizada. Sustentabilidade e resist\u00eancia num s\u00f3 item! Nossa Sacola confeccionada em linho \u00e9 mais uma op\u00e7\u00e3o para quem busca itens biodegrad\u00e1veis e<span class=\"excerpt-hellip\"> [\u2026]<\/span><\/p>\n","protected":false},"featured_media":3597,"comment_status":"open","ping_status":"closed","template":"","meta":[],"product_cat":[126,210],"product_tag":[1198,1199,213,214],"class_list":["post-5821","product","type-product","status-publish","has-post-thumbnail","hentry","product_cat-linha-ecologica","product_cat-sacolas","product_tag-ecobag-personalizaada","product_tag-sacola-de-linho-personalizada","product_tag-sacola-ecologica-personalizada","product_tag-sacola-personalizada"],"_links":{"self":[{"href":"https:\/\/vohnabrindes.com.br\/index.php\/wp-json\/wp\/v2\/product\/5821","targetHints":{"allow":["GET"]}}],"collection":[{"href":"https:\/\/vohnabrindes.com.br\/index.php\/wp-json\/wp\/v2\/product"}],"about":[{"href":"https:\/\/vohnabrindes.com.br\/index.php\/wp-json\/wp\/v2\/types\/product"}],"replies":[{"embeddable":true,"href":"https:\/\/vohnabrindes.com.br\/index.php\/wp-json\/wp\/v2\/comments?post=5821"}],"version-history":[{"count":1,"href":"https:\/\/vohnabrindes.com.br\/index.php\/wp-json\/wp\/v2\/product\/5821\/revisions"}],"predecessor-version":[{"id":5851,"href":"https:\/\/vohnabrindes.com.br\/index.php\/wp-json\/wp\/v2\/product\/5821\/revisions\/5851"}],"wp:featuredmedia":[{"embeddable":true,"href":"https:\/\/vohnabrindes.com.br\/index.php\/wp-json\/wp\/v2\/media\/3597"}],"wp:attachment":[{"href":"https:\/\/vohnabrindes.com.br\/index.php\/wp-json\/wp\/v2\/media?parent=5821"}],"wp:term":[{"taxonomy":"product_cat","embeddable":true,"href":"https:\/\/vohnabrindes.com.br\/index.php\/wp-json\/wp\/v2\/product_cat?post=5821"},{"taxonomy":"product_tag","embeddable":true,"href":"https:\/\/vohnabrindes.com.br\/index.php\/wp-json\/wp\/v2\/product_tag?post=5821"}],"curies":[{"name":"wp","href":"https:\/\/api.w.org\/{rel}","templated":true}]}}