{"id":5822,"date":"2025-05-30T21:40:47","date_gmt":"2025-05-31T00:40:47","guid":{"rendered":"https:\/\/vohnabrindes.com.br\/?post_type=product&#038;p=5822"},"modified":"2025-05-30T21:40:49","modified_gmt":"2025-05-31T00:40:49","slug":"sacola-de-juta-personalizada-4","status":"publish","type":"product","link":"https:\/\/vohnabrindes.com.br\/index.php\/product\/sacola-de-juta-personalizada-4\/","title":{"rendered":"Sacola de Juta Personalizada."},"content":{"rendered":"<pre id=\"item_referencia\">18845<\/pre>\n<p class=\"produto-nome\">Sacola de Juta Personalizada.<\/p>\n<div class=\"caracs\">\n<div class=\"desc\">\n<p class=\"desc-tit\"><span class=\"desc-sub my-desc-sub\">A op\u00e7\u00e3o em juta que voc\u00ea nem sabia que queria, mas vai adorar t\u00ea-la ao seu lado, aonde quer que v\u00e1! A nossa sacola ecol\u00f3gica possui al\u00e7as costuradas na parte interna. Espa\u00e7osa e com cores que combinam com tudo!<\/span><\/p>\n<\/div>\n<div class=\"desc\">\n<p class=\"desc-tit\">Altura<span class=\"desc-sub\">\u00a0:\u00a0 30 cm<\/span><\/p>\n<\/div>\n<div class=\"desc\">\n<p class=\"desc-tit\">Largura<span class=\"desc-sub\">\u00a0:\u00a0 42,5 cm<\/span><\/p>\n<\/div>\n<div class=\"desc\">\n<p class=\"desc-tit\">Profundidade<span class=\"desc-sub\"> :\u00a0 12,7 cm<\/span><\/p>\n<\/div>\n<div class=\"desc\">\n<p class=\"desc-tit\">Peso aproximado<span class=\"desc-sub\">\u00a0(g):\u00a0 282<\/span><\/p>\n<p>cor: branco, azul, preto, vermelho e verde<\/p>\n<\/div>\n<\/div>\n","protected":false},"excerpt":{"rendered":"<p>18845 Sacola de Juta Personalizada. A op\u00e7\u00e3o em juta que voc\u00ea nem sabia que queria, mas vai adorar t\u00ea-la ao seu lado, aonde quer que v\u00e1!<span class=\"excerpt-hellip\"> [\u2026]<\/span><\/p>\n","protected":false},"featured_media":3600,"comment_status":"open","ping_status":"closed","template":"","meta":[],"product_cat":[210],"product_tag":[1200,381,915,213,214],"class_list":["post-5822","product","type-product","status-publish","has-post-thumbnail","hentry","product_cat-sacolas","product_tag-sacola-com-logo","product_tag-sacola-com-logomarca","product_tag-sacola-de-juta-personalizada","product_tag-sacola-ecologica-personalizada","product_tag-sacola-personalizada"],"_links":{"self":[{"href":"https:\/\/vohnabrindes.com.br\/index.php\/wp-json\/wp\/v2\/product\/5822","targetHints":{"allow":["GET"]}}],"collection":[{"href":"https:\/\/vohnabrindes.com.br\/index.php\/wp-json\/wp\/v2\/product"}],"about":[{"href":"https:\/\/vohnabrindes.com.br\/index.php\/wp-json\/wp\/v2\/types\/product"}],"replies":[{"embeddable":true,"href":"https:\/\/vohnabrindes.com.br\/index.php\/wp-json\/wp\/v2\/comments?post=5822"}],"version-history":[{"count":1,"href":"https:\/\/vohnabrindes.com.br\/index.php\/wp-json\/wp\/v2\/product\/5822\/revisions"}],"predecessor-version":[{"id":5852,"href":"https:\/\/vohnabrindes.com.br\/index.php\/wp-json\/wp\/v2\/product\/5822\/revisions\/5852"}],"wp:featuredmedia":[{"embeddable":true,"href":"https:\/\/vohnabrindes.com.br\/index.php\/wp-json\/wp\/v2\/media\/3600"}],"wp:attachment":[{"href":"https:\/\/vohnabrindes.com.br\/index.php\/wp-json\/wp\/v2\/media?parent=5822"}],"wp:term":[{"taxonomy":"product_cat","embeddable":true,"href":"https:\/\/vohnabrindes.com.br\/index.php\/wp-json\/wp\/v2\/product_cat?post=5822"},{"taxonomy":"product_tag","embeddable":true,"href":"https:\/\/vohnabrindes.com.br\/index.php\/wp-json\/wp\/v2\/product_tag?post=5822"}],"curies":[{"name":"wp","href":"https:\/\/api.w.org\/{rel}","templated":true}]}}