{"id":5824,"date":"2025-05-30T21:40:47","date_gmt":"2025-05-31T00:40:47","guid":{"rendered":"https:\/\/vohnabrindes.com.br\/?post_type=product&#038;p=5824"},"modified":"2025-05-30T21:40:49","modified_gmt":"2025-05-31T00:40:49","slug":"porta-garrafa-termica-11-litros-personalizada","status":"publish","type":"product","link":"https:\/\/vohnabrindes.com.br\/index.php\/product\/porta-garrafa-termica-11-litros-personalizada\/","title":{"rendered":"Porta Garrafa T\u00e9rmica 11 Litros Personalizada."},"content":{"rendered":"<pre id=\"item_referencia\">18865<\/pre>\n<p class=\"produto-nome\">Porta Garrafa T\u00e9rmica 11 Litros Personalizada.<\/p>\n<div class=\"caracs\">\n<div class=\"desc\">\n<p class=\"desc-tit\"><span class=\"desc-sub my-desc-sub\">Bebidas geladinhas e frescas por muito mais tempo! O nosso Porta Garrafa T\u00e9rmico \u00e9 excelente para garantir a temperatura das bebidas em qualquer lugar. Feito em nylon com detalhes em couro sint\u00e9tico, cont\u00e9m divis\u00f3ria integrada \u00e0 bolsa. Ele comporta at\u00e9 duas garrafas e ainda conta com um suporte para abridor ou outros acess\u00f3rios. Al\u00e9m disso, vem com al\u00e7a de m\u00e3o e al\u00e7a de ombro ajust\u00e1vel e remov\u00edvel para maior conforto e praticidade. E para torn\u00e1-lo ainda mais especial, oferece espa\u00e7o para personaliza\u00e7\u00e3o, deixando-o porta-garrafa \u00fanico e exclusivo.<\/span><\/p>\n<\/div>\n<div class=\"desc\">\n<p class=\"desc-tit\">Altura<span class=\"desc-sub\">\u00a0:\u00a0 33,5 cm<\/span><\/p>\n<\/div>\n<div class=\"desc\">\n<p class=\"desc-tit\">Largura<span class=\"desc-sub\">\u00a0:\u00a0 21,3 cm<\/span><\/p>\n<\/div>\n<div class=\"desc\">\n<p class=\"desc-tit\">Profundidade<span class=\"desc-sub\">\u00a0:\u00a0 15,5 cm<\/span><\/p>\n<\/div>\n<div class=\"desc\">\n<p class=\"desc-tit\">Comprimento<span class=\"desc-sub\">\u00a0:\u00a0 Al\u00e7a: 63,5 cm<\/span><\/p>\n<\/div>\n<div class=\"desc\">\n<p class=\"desc-tit\">Medidas aproximadas para grava\u00e7\u00e3o<span class=\"desc-sub\">\u00a0(CxL):\u00a0 1,5 cm x 4 cm<\/span><\/p>\n<\/div>\n<div class=\"desc\">\n<p class=\"desc-tit\">Peso aproximado<span class=\"desc-sub\">\u00a0(g):\u00a0 212<\/span><\/p>\n<\/div>\n<\/div>\n","protected":false},"excerpt":{"rendered":"<p>18865 Porta Garrafa T\u00e9rmica 11 Litros Personalizada. Bebidas geladinhas e frescas por muito mais tempo! O nosso Porta Garrafa T\u00e9rmico \u00e9 excelente para garantir a temperatura<span class=\"excerpt-hellip\"> [\u2026]<\/span><\/p>\n","protected":false},"featured_media":3604,"comment_status":"open","ping_status":"closed","template":"","meta":[],"product_cat":[145,169],"product_tag":[1202,1203],"class_list":["post-5824","product","type-product","status-publish","has-post-thumbnail","hentry","product_cat-bolsas-termicas-e-coolers","product_cat-embalagens","product_tag-porta-garrafa-termica-11-litros-personalizada","product_tag-porta-garrafa-termica-personalizada"],"_links":{"self":[{"href":"https:\/\/vohnabrindes.com.br\/index.php\/wp-json\/wp\/v2\/product\/5824","targetHints":{"allow":["GET"]}}],"collection":[{"href":"https:\/\/vohnabrindes.com.br\/index.php\/wp-json\/wp\/v2\/product"}],"about":[{"href":"https:\/\/vohnabrindes.com.br\/index.php\/wp-json\/wp\/v2\/types\/product"}],"replies":[{"embeddable":true,"href":"https:\/\/vohnabrindes.com.br\/index.php\/wp-json\/wp\/v2\/comments?post=5824"}],"version-history":[{"count":1,"href":"https:\/\/vohnabrindes.com.br\/index.php\/wp-json\/wp\/v2\/product\/5824\/revisions"}],"predecessor-version":[{"id":5854,"href":"https:\/\/vohnabrindes.com.br\/index.php\/wp-json\/wp\/v2\/product\/5824\/revisions\/5854"}],"wp:featuredmedia":[{"embeddable":true,"href":"https:\/\/vohnabrindes.com.br\/index.php\/wp-json\/wp\/v2\/media\/3604"}],"wp:attachment":[{"href":"https:\/\/vohnabrindes.com.br\/index.php\/wp-json\/wp\/v2\/media?parent=5824"}],"wp:term":[{"taxonomy":"product_cat","embeddable":true,"href":"https:\/\/vohnabrindes.com.br\/index.php\/wp-json\/wp\/v2\/product_cat?post=5824"},{"taxonomy":"product_tag","embeddable":true,"href":"https:\/\/vohnabrindes.com.br\/index.php\/wp-json\/wp\/v2\/product_tag?post=5824"}],"curies":[{"name":"wp","href":"https:\/\/api.w.org\/{rel}","templated":true}]}}