{"id":5858,"date":"2025-05-30T21:40:51","date_gmt":"2025-05-31T00:40:51","guid":{"rendered":"https:\/\/vohnabrindes.com.br\/?post_type=product&#038;p=5858"},"modified":"2025-05-30T21:40:52","modified_gmt":"2025-05-31T00:40:52","slug":"leque-de-papel-personalizado","status":"publish","type":"product","link":"https:\/\/vohnabrindes.com.br\/index.php\/product\/leque-de-papel-personalizado\/","title":{"rendered":"Leque de Papel Personalizado."},"content":{"rendered":"<pre id=\"item_referencia\">02795<\/pre>\n<p class=\"produto-nome\">Leque de Papel Personalizado.<\/p>\n<div class=\"caracs\">\n<div class=\"desc\">\n<p class=\"desc-tit\"><span class=\"desc-sub my-desc-sub\">Sinta a leveza e a efici\u00eancia deste leque de papel, perfeito para trazer uma brisa fresca em qualquer ocasi\u00e3o. Com al\u00e7a pl\u00e1stica firme e folhas de papel cuidadosamente montadas, ele proporciona um vento refrescante e agrad\u00e1vel com cada movimento. Ideal para carregar na bolsa, ele se torna o seu aliado nos dias quentes, oferecendo uma sensa\u00e7\u00e3o de conforto e estilo sempre \u00e0 m\u00e3o. Simples e funcional, \u00e9 o acess\u00f3rio que combina tradi\u00e7\u00e3o e praticidade para deixar seus momentos ainda mais confort\u00e1veis. N\u00e3o perca a chance de garantir o seu e aproveite a refrescancia onde quer que esteja!<\/span><\/p>\n<\/div>\n<div class=\"desc\">\n<p class=\"desc-tit\">Largura<span class=\"desc-sub\">\u00a0:\u00a0 20 cm<\/span><\/p>\n<\/div>\n<div class=\"desc\">\n<p class=\"desc-tit\">Espessura<span class=\"desc-sub\">\u00a0:\u00a0 0,6 cm<\/span><\/p>\n<\/div>\n<div class=\"desc\">\n<p class=\"desc-tit\">Comprimento<span class=\"desc-sub\">\u00a0:\u00a0 36,6 cm<\/span><\/p>\n<\/div>\n<div class=\"desc\">\n<p class=\"desc-tit\">Medidas aproximadas para grava\u00e7\u00e3o<span class=\"desc-sub\">\u00a0(CxL):\u00a0 14 cm x 12 cm<\/span><\/p>\n<\/div>\n<div class=\"desc\">\n<p class=\"desc-tit\">Peso aproximado<span class=\"desc-sub\">\u00a0(g):\u00a0 52<\/span><\/p>\n<\/div>\n<\/div>\n","protected":false},"excerpt":{"rendered":"<p>02795 Leque de Papel Personalizado. Sinta a leveza e a efici\u00eancia deste leque de papel, perfeito para trazer uma brisa fresca em qualquer ocasi\u00e3o. Com al\u00e7a<span class=\"excerpt-hellip\"> [\u2026]<\/span><\/p>\n","protected":false},"featured_media":3613,"comment_status":"open","ping_status":"closed","template":"","meta":[],"product_cat":[899,510],"product_tag":[1212,1213],"class_list":["post-5858","product","type-product","status-publish","has-post-thumbnail","hentry","product_cat-diversos","product_cat-linha-sol-e-chuva","product_tag-leque-de-papel-personalizado","product_tag-leque-personalizado"],"_links":{"self":[{"href":"https:\/\/vohnabrindes.com.br\/index.php\/wp-json\/wp\/v2\/product\/5858","targetHints":{"allow":["GET"]}}],"collection":[{"href":"https:\/\/vohnabrindes.com.br\/index.php\/wp-json\/wp\/v2\/product"}],"about":[{"href":"https:\/\/vohnabrindes.com.br\/index.php\/wp-json\/wp\/v2\/types\/product"}],"replies":[{"embeddable":true,"href":"https:\/\/vohnabrindes.com.br\/index.php\/wp-json\/wp\/v2\/comments?post=5858"}],"version-history":[{"count":1,"href":"https:\/\/vohnabrindes.com.br\/index.php\/wp-json\/wp\/v2\/product\/5858\/revisions"}],"predecessor-version":[{"id":5888,"href":"https:\/\/vohnabrindes.com.br\/index.php\/wp-json\/wp\/v2\/product\/5858\/revisions\/5888"}],"wp:featuredmedia":[{"embeddable":true,"href":"https:\/\/vohnabrindes.com.br\/index.php\/wp-json\/wp\/v2\/media\/3613"}],"wp:attachment":[{"href":"https:\/\/vohnabrindes.com.br\/index.php\/wp-json\/wp\/v2\/media?parent=5858"}],"wp:term":[{"taxonomy":"product_cat","embeddable":true,"href":"https:\/\/vohnabrindes.com.br\/index.php\/wp-json\/wp\/v2\/product_cat?post=5858"},{"taxonomy":"product_tag","embeddable":true,"href":"https:\/\/vohnabrindes.com.br\/index.php\/wp-json\/wp\/v2\/product_tag?post=5858"}],"curies":[{"name":"wp","href":"https:\/\/api.w.org\/{rel}","templated":true}]}}