{"id":5859,"date":"2025-05-30T21:40:51","date_gmt":"2025-05-31T00:40:51","guid":{"rendered":"https:\/\/vohnabrindes.com.br\/?post_type=product&#038;p=5859"},"modified":"2025-05-30T21:40:53","modified_gmt":"2025-05-31T00:40:53","slug":"sacola-personalizada","status":"publish","type":"product","link":"https:\/\/vohnabrindes.com.br\/index.php\/product\/sacola-personalizada\/","title":{"rendered":"Sacola personalizada."},"content":{"rendered":"<p>Sacola confeccionada em poli\u00e9ster 600 e pvc cristal 0,20.<\/p>\n<p>dimens\u00f5es: 44cm x 34cm x6cm<\/p>\n<p>cores a escolher<\/p>\n<p>produto fabrica\u00e7\u00e3o pr\u00f3pria, m\u00ednimo 100 pe\u00e7as<\/p>\n","protected":false},"excerpt":{"rendered":"<p>Sacola confeccionada em poli\u00e9ster 600 e pvc cristal 0,20. dimens\u00f5es: 44cm x 34cm x6cm cores a escolher produto fabrica\u00e7\u00e3o pr\u00f3pria, m\u00ednimo 100 pe\u00e7as<\/p>\n","protected":false},"featured_media":3615,"comment_status":"open","ping_status":"closed","template":"","meta":[],"product_cat":[210],"product_tag":[1211,1206,1214,214],"class_list":["post-5859","product","type-product","status-publish","has-post-thumbnail","hentry","product_cat-sacolas","product_tag-sacola-para-eventos","product_tag-sacola-para-eventos-personalizada","product_tag-sacola-para-feiras","product_tag-sacola-personalizada"],"_links":{"self":[{"href":"https:\/\/vohnabrindes.com.br\/index.php\/wp-json\/wp\/v2\/product\/5859","targetHints":{"allow":["GET"]}}],"collection":[{"href":"https:\/\/vohnabrindes.com.br\/index.php\/wp-json\/wp\/v2\/product"}],"about":[{"href":"https:\/\/vohnabrindes.com.br\/index.php\/wp-json\/wp\/v2\/types\/product"}],"replies":[{"embeddable":true,"href":"https:\/\/vohnabrindes.com.br\/index.php\/wp-json\/wp\/v2\/comments?post=5859"}],"version-history":[{"count":1,"href":"https:\/\/vohnabrindes.com.br\/index.php\/wp-json\/wp\/v2\/product\/5859\/revisions"}],"predecessor-version":[{"id":5889,"href":"https:\/\/vohnabrindes.com.br\/index.php\/wp-json\/wp\/v2\/product\/5859\/revisions\/5889"}],"wp:featuredmedia":[{"embeddable":true,"href":"https:\/\/vohnabrindes.com.br\/index.php\/wp-json\/wp\/v2\/media\/3615"}],"wp:attachment":[{"href":"https:\/\/vohnabrindes.com.br\/index.php\/wp-json\/wp\/v2\/media?parent=5859"}],"wp:term":[{"taxonomy":"product_cat","embeddable":true,"href":"https:\/\/vohnabrindes.com.br\/index.php\/wp-json\/wp\/v2\/product_cat?post=5859"},{"taxonomy":"product_tag","embeddable":true,"href":"https:\/\/vohnabrindes.com.br\/index.php\/wp-json\/wp\/v2\/product_tag?post=5859"}],"curies":[{"name":"wp","href":"https:\/\/api.w.org\/{rel}","templated":true}]}}