{"id":5862,"date":"2025-05-30T21:40:51","date_gmt":"2025-05-31T00:40:51","guid":{"rendered":"https:\/\/vohnabrindes.com.br\/?post_type=product&#038;p=5862"},"modified":"2025-05-30T21:40:53","modified_gmt":"2025-05-31T00:40:53","slug":"bolsa-termica-personalizada-15","status":"publish","type":"product","link":"https:\/\/vohnabrindes.com.br\/index.php\/product\/bolsa-termica-personalizada-15\/","title":{"rendered":"Bolsa t\u00e9rmica Personalizada."},"content":{"rendered":"<div class=\"ref\">92349-ALBANIA LARGE.<\/div>\n<div class=\"ref\">Bolsa t\u00e9rmica Personalizada.<\/div>\n<div class=\"texto\">Bolsa t\u00e9rmica em 300D de alta densidade com pegas em webbing.<\/div>\n<div class=\"texto\">Cont\u00e9m 1 compartimento principal com fecho aderente.<\/div>\n<div class=\"texto\">Capacidade at\u00e9 6 L.<\/div>\n<div class=\"texto\">dimens\u00f5es: 240 x 290 x 140 mm<\/div>\n","protected":false},"excerpt":{"rendered":"<p>92349-ALBANIA LARGE. Bolsa t\u00e9rmica Personalizada. Bolsa t\u00e9rmica em 300D de alta densidade com pegas em webbing. Cont\u00e9m 1 compartimento principal com fecho aderente. Capacidade at\u00e9 6<span class=\"excerpt-hellip\"> [\u2026]<\/span><\/p>\n","protected":false},"featured_media":3621,"comment_status":"open","ping_status":"closed","template":"","meta":[],"product_cat":[145],"product_tag":[358,1023],"class_list":["post-5862","product","type-product","status-publish","has-post-thumbnail","hentry","product_cat-bolsas-termicas-e-coolers","product_tag-bolsa-termica-personalizada","product_tag-lancheira-termica-personalizada"],"_links":{"self":[{"href":"https:\/\/vohnabrindes.com.br\/index.php\/wp-json\/wp\/v2\/product\/5862","targetHints":{"allow":["GET"]}}],"collection":[{"href":"https:\/\/vohnabrindes.com.br\/index.php\/wp-json\/wp\/v2\/product"}],"about":[{"href":"https:\/\/vohnabrindes.com.br\/index.php\/wp-json\/wp\/v2\/types\/product"}],"replies":[{"embeddable":true,"href":"https:\/\/vohnabrindes.com.br\/index.php\/wp-json\/wp\/v2\/comments?post=5862"}],"version-history":[{"count":1,"href":"https:\/\/vohnabrindes.com.br\/index.php\/wp-json\/wp\/v2\/product\/5862\/revisions"}],"predecessor-version":[{"id":5892,"href":"https:\/\/vohnabrindes.com.br\/index.php\/wp-json\/wp\/v2\/product\/5862\/revisions\/5892"}],"wp:featuredmedia":[{"embeddable":true,"href":"https:\/\/vohnabrindes.com.br\/index.php\/wp-json\/wp\/v2\/media\/3621"}],"wp:attachment":[{"href":"https:\/\/vohnabrindes.com.br\/index.php\/wp-json\/wp\/v2\/media?parent=5862"}],"wp:term":[{"taxonomy":"product_cat","embeddable":true,"href":"https:\/\/vohnabrindes.com.br\/index.php\/wp-json\/wp\/v2\/product_cat?post=5862"},{"taxonomy":"product_tag","embeddable":true,"href":"https:\/\/vohnabrindes.com.br\/index.php\/wp-json\/wp\/v2\/product_tag?post=5862"}],"curies":[{"name":"wp","href":"https:\/\/api.w.org\/{rel}","templated":true}]}}