{"id":5865,"date":"2025-05-30T21:40:51","date_gmt":"2025-05-31T00:40:51","guid":{"rendered":"https:\/\/vohnabrindes.com.br\/?post_type=product&#038;p=5865"},"modified":"2025-05-30T21:40:53","modified_gmt":"2025-05-31T00:40:53","slug":"caneta-metal-touch-personalizada-11","status":"publish","type":"product","link":"https:\/\/vohnabrindes.com.br\/index.php\/product\/caneta-metal-touch-personalizada-11\/","title":{"rendered":"Caneta Metal Touch Personalizada."},"content":{"rendered":"<pre id=\"item_referencia\">08132<\/pre>\n<p class=\"produto-nome\">Caneta Metal Touch Personalizada.<\/p>\n<div class=\"caracs\">\n<div class=\"desc\">\n<p class=\"desc-tit\"><span class=\"desc-sub my-desc-sub\">Conforto e fluidez ao seu alcance! Nossa caneta met\u00e1lica touch \u00e9 perfeita para os dias repletos de anota\u00e7\u00f5es. Possui carga esferogr\u00e1fica na cor azul, acionamento por clique, al\u00e9m de uma ponta touch para utiliz\u00e1-la em dispositivos eletr\u00f4nicos sem tocar diretamente na tela, evitando manchas indesejadas, e acabamento em bambu, proporcionando uma experi\u00eancia de escrita precisa e um toque sustent\u00e1vel.\u00a0\u00a0<\/span><\/p>\n<\/div>\n<div class=\"desc\">\n<p class=\"desc-tit\">Altura<span class=\"desc-sub\">\u00a0:\u00a0 14,5 cm<\/span><\/p>\n<\/div>\n<div class=\"desc\">\n<p class=\"desc-tit\">Largura<span class=\"desc-sub\">\u00a0:\u00a0 1,4 cm<\/span><\/p>\n<\/div>\n<div class=\"desc\">\n<p class=\"desc-tit\">Medidas aproximadas para grava\u00e7\u00e3o<span class=\"desc-sub\">\u00a0(CxL):\u00a0 3,5 cm x 0,4 cm<\/span><\/p>\n<\/div>\n<div class=\"desc\">\n<p class=\"desc-tit\">Peso aproximado<span class=\"desc-sub\">\u00a0(g):\u00a0 13<\/span><\/p>\n<\/div>\n<\/div>\n","protected":false},"excerpt":{"rendered":"<p>08132 Caneta Metal Touch Personalizada. Conforto e fluidez ao seu alcance! Nossa caneta met\u00e1lica touch \u00e9 perfeita para os dias repletos de anota\u00e7\u00f5es. Possui carga esferogr\u00e1fica<span class=\"excerpt-hellip\"> [\u2026]<\/span><\/p>\n","protected":false},"featured_media":3628,"comment_status":"open","ping_status":"closed","template":"","meta":[],"product_cat":[219,530],"product_tag":[531,765,221],"class_list":["post-5865","product","type-product","status-publish","has-post-thumbnail","hentry","product_cat-canetas","product_cat-canetas-de-metal","product_tag-caneta-metal","product_tag-caneta-metal-touch-personalizada","product_tag-caneta-personalizada"],"_links":{"self":[{"href":"https:\/\/vohnabrindes.com.br\/index.php\/wp-json\/wp\/v2\/product\/5865","targetHints":{"allow":["GET"]}}],"collection":[{"href":"https:\/\/vohnabrindes.com.br\/index.php\/wp-json\/wp\/v2\/product"}],"about":[{"href":"https:\/\/vohnabrindes.com.br\/index.php\/wp-json\/wp\/v2\/types\/product"}],"replies":[{"embeddable":true,"href":"https:\/\/vohnabrindes.com.br\/index.php\/wp-json\/wp\/v2\/comments?post=5865"}],"version-history":[{"count":1,"href":"https:\/\/vohnabrindes.com.br\/index.php\/wp-json\/wp\/v2\/product\/5865\/revisions"}],"predecessor-version":[{"id":5895,"href":"https:\/\/vohnabrindes.com.br\/index.php\/wp-json\/wp\/v2\/product\/5865\/revisions\/5895"}],"wp:featuredmedia":[{"embeddable":true,"href":"https:\/\/vohnabrindes.com.br\/index.php\/wp-json\/wp\/v2\/media\/3628"}],"wp:attachment":[{"href":"https:\/\/vohnabrindes.com.br\/index.php\/wp-json\/wp\/v2\/media?parent=5865"}],"wp:term":[{"taxonomy":"product_cat","embeddable":true,"href":"https:\/\/vohnabrindes.com.br\/index.php\/wp-json\/wp\/v2\/product_cat?post=5865"},{"taxonomy":"product_tag","embeddable":true,"href":"https:\/\/vohnabrindes.com.br\/index.php\/wp-json\/wp\/v2\/product_tag?post=5865"}],"curies":[{"name":"wp","href":"https:\/\/api.w.org\/{rel}","templated":true}]}}