{"id":5867,"date":"2025-05-30T21:40:51","date_gmt":"2025-05-31T00:40:51","guid":{"rendered":"https:\/\/vohnabrindes.com.br\/?post_type=product&#038;p=5867"},"modified":"2025-05-30T21:40:53","modified_gmt":"2025-05-31T00:40:53","slug":"caneta-metal-touch-anti-stress-personalizada-2","status":"publish","type":"product","link":"https:\/\/vohnabrindes.com.br\/index.php\/product\/caneta-metal-touch-anti-stress-personalizada-2\/","title":{"rendered":"Caneta Metal Touch Anti stress personalizada."},"content":{"rendered":"<pre id=\"item_referencia\">08135<\/pre>\n<p class=\"produto-nome\">Caneta Metal Touch Anti stress personalizada.<\/p>\n<div class=\"caracs\">\n<div class=\"desc\">\n<p class=\"desc-tit\"><span class=\"desc-sub my-desc-sub\">Agora temos mais um aliado para combater o estresse! Apresentamos a nossa caneta met\u00e1lica touchscreen com acionamento por clique, carga esferogr\u00e1fica azul de 1,2mm, e que possui um dispositivo antiestresse que funciona como um spinner e ajuda a aliviar a tens\u00e3o do dia a dia. Al\u00e9m de cuidar da alimenta\u00e7\u00e3o, dormir Agora temos mais um aliado para combater o estresse! Apresentamos a nossa caneta met\u00e1lica touchscreen com acionamento por clique, carga esferogr\u00e1fica azul de 1,2mm, e que possui um dispositivo antiestresse que funciona como um spinner e ajuda a aliviar a tens\u00e3o do dia a dia. Agora, al\u00e9m de cuidar da alimenta\u00e7\u00e3o, dormir bem, ter tempo para o lazer, voc\u00ea ainda vai se desestressar ao escrever.<\/span><\/p>\n<\/div>\n<div class=\"desc\">\n<p class=\"desc-tit\">Largura<span class=\"desc-sub\">\u00a0:\u00a0 1,1 cm<\/span><\/p>\n<\/div>\n<div class=\"desc\">\n<p class=\"desc-tit\">Comprimento<span class=\"desc-sub\">\u00a0:\u00a0 14,3 cm<\/span><\/p>\n<\/div>\n<div class=\"desc\">\n<p class=\"desc-tit\">Medidas aproximadas para grava\u00e7\u00e3o<span class=\"desc-sub\">\u00a0(CxL):\u00a0 3 cm x 0,7 cm<\/span><\/p>\n<\/div>\n<div class=\"desc\">\n<p class=\"desc-tit\">Peso aproximado<span class=\"desc-sub\">\u00a0(g):\u00a0 19<\/span><\/p>\n<\/div>\n<\/div>\n","protected":false},"excerpt":{"rendered":"<p>08135 Caneta Metal Touch Anti stress personalizada. Agora temos mais um aliado para combater o estresse! Apresentamos a nossa caneta met\u00e1lica touchscreen com acionamento por clique,<span class=\"excerpt-hellip\"> [\u2026]<\/span><\/p>\n","protected":false},"featured_media":3632,"comment_status":"open","ping_status":"closed","template":"","meta":[],"product_cat":[219,530],"product_tag":[532,1218,901],"class_list":["post-5867","product","type-product","status-publish","has-post-thumbnail","hentry","product_cat-canetas","product_cat-canetas-de-metal","product_tag-caneta-metal-personalizada","product_tag-caneta-metal-touch-anti-stress-personalizada","product_tag-caneta-touch-metal-personalizada"],"_links":{"self":[{"href":"https:\/\/vohnabrindes.com.br\/index.php\/wp-json\/wp\/v2\/product\/5867","targetHints":{"allow":["GET"]}}],"collection":[{"href":"https:\/\/vohnabrindes.com.br\/index.php\/wp-json\/wp\/v2\/product"}],"about":[{"href":"https:\/\/vohnabrindes.com.br\/index.php\/wp-json\/wp\/v2\/types\/product"}],"replies":[{"embeddable":true,"href":"https:\/\/vohnabrindes.com.br\/index.php\/wp-json\/wp\/v2\/comments?post=5867"}],"version-history":[{"count":1,"href":"https:\/\/vohnabrindes.com.br\/index.php\/wp-json\/wp\/v2\/product\/5867\/revisions"}],"predecessor-version":[{"id":5897,"href":"https:\/\/vohnabrindes.com.br\/index.php\/wp-json\/wp\/v2\/product\/5867\/revisions\/5897"}],"wp:featuredmedia":[{"embeddable":true,"href":"https:\/\/vohnabrindes.com.br\/index.php\/wp-json\/wp\/v2\/media\/3632"}],"wp:attachment":[{"href":"https:\/\/vohnabrindes.com.br\/index.php\/wp-json\/wp\/v2\/media?parent=5867"}],"wp:term":[{"taxonomy":"product_cat","embeddable":true,"href":"https:\/\/vohnabrindes.com.br\/index.php\/wp-json\/wp\/v2\/product_cat?post=5867"},{"taxonomy":"product_tag","embeddable":true,"href":"https:\/\/vohnabrindes.com.br\/index.php\/wp-json\/wp\/v2\/product_tag?post=5867"}],"curies":[{"name":"wp","href":"https:\/\/api.w.org\/{rel}","templated":true}]}}