{"id":5869,"date":"2025-05-30T21:40:51","date_gmt":"2025-05-31T00:40:51","guid":{"rendered":"https:\/\/vohnabrindes.com.br\/?post_type=product&#038;p=5869"},"modified":"2025-05-30T21:40:54","modified_gmt":"2025-05-31T00:40:54","slug":"caneta-metal-touch-personalizada-12","status":"publish","type":"product","link":"https:\/\/vohnabrindes.com.br\/index.php\/product\/caneta-metal-touch-personalizada-12\/","title":{"rendered":"Caneta Metal Touch Personalizada."},"content":{"rendered":"<pre id=\"item_referencia\">15011B<\/pre>\n<p class=\"produto-nome\">Caneta Metal Touch Personalizada.<\/p>\n<div class=\"caracs\">\n<div class=\"desc\">\n<p class=\"desc-tit\"><span class=\"desc-sub my-desc-sub\">Perfeita para promover a\u00e7\u00f5es sustent\u00e1veis, nossa Caneta Met\u00e1lica Touch oferece uma combina\u00e7\u00e3o de funcionalidade e praticidade. Com detalhe em bambu e design confort\u00e1vel, ela proporciona uma experi\u00eancia sustent\u00e1vel e suave ao toque. Al\u00e9m disso, conta com carga esferogr\u00e1fica na cor azul e acionamento por clique, acompanhada de uma ponta touch, ideal para interagir com os dispositivos.<\/span><\/p>\n<\/div>\n<div class=\"desc\">\n<p class=\"desc-tit\">Altura<span class=\"desc-sub\">\u00a0:\u00a0 14 cm<\/span><\/p>\n<\/div>\n<div class=\"desc\">\n<p class=\"desc-tit\">Largura<span class=\"desc-sub\">\u00a0:\u00a0 1,4 cm<\/span><\/p>\n<\/div>\n<div class=\"desc\">\n<p class=\"desc-tit\">Medidas aproximadas para grava\u00e7\u00e3o<span class=\"desc-sub\">\u00a0(CxL):\u00a0 4 cm x 0,5 cm<\/span><\/p>\n<\/div>\n<div class=\"desc\">\n<p class=\"desc-tit\">Peso aproximado<span class=\"desc-sub\">\u00a0(g):\u00a0 12<\/span><\/p>\n<\/div>\n<\/div>\n","protected":false},"excerpt":{"rendered":"<p>15011B Caneta Metal Touch Personalizada. Perfeita para promover a\u00e7\u00f5es sustent\u00e1veis, nossa Caneta Met\u00e1lica Touch oferece uma combina\u00e7\u00e3o de funcionalidade e praticidade. Com detalhe em bambu e<span class=\"excerpt-hellip\"> [\u2026]<\/span><\/p>\n","protected":false},"featured_media":3636,"comment_status":"open","ping_status":"closed","template":"","meta":[],"product_cat":[219,530],"product_tag":[531,765],"class_list":["post-5869","product","type-product","status-publish","has-post-thumbnail","hentry","product_cat-canetas","product_cat-canetas-de-metal","product_tag-caneta-metal","product_tag-caneta-metal-touch-personalizada"],"_links":{"self":[{"href":"https:\/\/vohnabrindes.com.br\/index.php\/wp-json\/wp\/v2\/product\/5869","targetHints":{"allow":["GET"]}}],"collection":[{"href":"https:\/\/vohnabrindes.com.br\/index.php\/wp-json\/wp\/v2\/product"}],"about":[{"href":"https:\/\/vohnabrindes.com.br\/index.php\/wp-json\/wp\/v2\/types\/product"}],"replies":[{"embeddable":true,"href":"https:\/\/vohnabrindes.com.br\/index.php\/wp-json\/wp\/v2\/comments?post=5869"}],"version-history":[{"count":1,"href":"https:\/\/vohnabrindes.com.br\/index.php\/wp-json\/wp\/v2\/product\/5869\/revisions"}],"predecessor-version":[{"id":5899,"href":"https:\/\/vohnabrindes.com.br\/index.php\/wp-json\/wp\/v2\/product\/5869\/revisions\/5899"}],"wp:featuredmedia":[{"embeddable":true,"href":"https:\/\/vohnabrindes.com.br\/index.php\/wp-json\/wp\/v2\/media\/3636"}],"wp:attachment":[{"href":"https:\/\/vohnabrindes.com.br\/index.php\/wp-json\/wp\/v2\/media?parent=5869"}],"wp:term":[{"taxonomy":"product_cat","embeddable":true,"href":"https:\/\/vohnabrindes.com.br\/index.php\/wp-json\/wp\/v2\/product_cat?post=5869"},{"taxonomy":"product_tag","embeddable":true,"href":"https:\/\/vohnabrindes.com.br\/index.php\/wp-json\/wp\/v2\/product_tag?post=5869"}],"curies":[{"name":"wp","href":"https:\/\/api.w.org\/{rel}","templated":true}]}}