{"id":5872,"date":"2025-05-30T21:40:51","date_gmt":"2025-05-31T00:40:51","guid":{"rendered":"https:\/\/vohnabrindes.com.br\/?post_type=product&#038;p=5872"},"modified":"2025-05-30T21:40:54","modified_gmt":"2025-05-31T00:40:54","slug":"tabua-personalizada-luxo","status":"publish","type":"product","link":"https:\/\/vohnabrindes.com.br\/index.php\/product\/tabua-personalizada-luxo\/","title":{"rendered":"T\u00e1bua personalizada luxo."},"content":{"rendered":"<div class=\"ref\">94342-NUTMEG.<\/div>\n<div class=\"ref\">Quadro com ard\u00f3sia em bambu e 2 gizes inclusos personalizado.<\/div>\n<div class=\"texto\">Quadro em bambu com ard\u00f3sia e 2 gizes inclusos. Cont\u00e9m pega incorporada para facilitar o transporte. Fornecido em caixa presente de papel kraft.<\/div>\n<div class=\"texto\">A cor e o resultado da impress\u00e3o nos materiais naturais pode variar entre produtos.<\/div>\n<div class=\"texto\">Dimens\u00f5es: 330 x 150 x 20 mm<\/div>\n","protected":false},"excerpt":{"rendered":"<p>94342-NUTMEG. Quadro com ard\u00f3sia em bambu e 2 gizes inclusos personalizado. Quadro em bambu com ard\u00f3sia e 2 gizes inclusos. Cont\u00e9m pega incorporada para facilitar o<span class=\"excerpt-hellip\"> [\u2026]<\/span><\/p>\n","protected":false},"featured_media":3642,"comment_status":"open","ping_status":"closed","template":"","meta":[],"product_cat":[274,561,152,275],"product_tag":[1221,1120],"class_list":["post-5872","product","type-product","status-publish","has-post-thumbnail","hentry","product_cat-kit-churrasco","product_cat-kit-queijo-e-pizza","product_cat-lancamentos","product_cat-linha-gourmet","product_tag-quadro-com-ardosia-em-bambu-e-2-gizes-inclusos-personalizado","product_tag-tabua-personalizada"],"_links":{"self":[{"href":"https:\/\/vohnabrindes.com.br\/index.php\/wp-json\/wp\/v2\/product\/5872","targetHints":{"allow":["GET"]}}],"collection":[{"href":"https:\/\/vohnabrindes.com.br\/index.php\/wp-json\/wp\/v2\/product"}],"about":[{"href":"https:\/\/vohnabrindes.com.br\/index.php\/wp-json\/wp\/v2\/types\/product"}],"replies":[{"embeddable":true,"href":"https:\/\/vohnabrindes.com.br\/index.php\/wp-json\/wp\/v2\/comments?post=5872"}],"version-history":[{"count":1,"href":"https:\/\/vohnabrindes.com.br\/index.php\/wp-json\/wp\/v2\/product\/5872\/revisions"}],"predecessor-version":[{"id":5902,"href":"https:\/\/vohnabrindes.com.br\/index.php\/wp-json\/wp\/v2\/product\/5872\/revisions\/5902"}],"wp:featuredmedia":[{"embeddable":true,"href":"https:\/\/vohnabrindes.com.br\/index.php\/wp-json\/wp\/v2\/media\/3642"}],"wp:attachment":[{"href":"https:\/\/vohnabrindes.com.br\/index.php\/wp-json\/wp\/v2\/media?parent=5872"}],"wp:term":[{"taxonomy":"product_cat","embeddable":true,"href":"https:\/\/vohnabrindes.com.br\/index.php\/wp-json\/wp\/v2\/product_cat?post=5872"},{"taxonomy":"product_tag","embeddable":true,"href":"https:\/\/vohnabrindes.com.br\/index.php\/wp-json\/wp\/v2\/product_tag?post=5872"}],"curies":[{"name":"wp","href":"https:\/\/api.w.org\/{rel}","templated":true}]}}