{"id":5874,"date":"2025-05-30T21:40:52","date_gmt":"2025-05-31T00:40:52","guid":{"rendered":"https:\/\/vohnabrindes.com.br\/?post_type=product&#038;p=5874"},"modified":"2025-05-30T21:40:54","modified_gmt":"2025-05-31T00:40:54","slug":"squeeze-em-aluminio-100-reciclado-com-acabamento-em-mate-700-ml","status":"publish","type":"product","link":"https:\/\/vohnabrindes.com.br\/index.php\/product\/squeeze-em-aluminio-100-reciclado-com-acabamento-em-mate-700-ml\/","title":{"rendered":"Squeeze em alum\u00ednio 100% reciclado com acabamento em mate 700 mL"},"content":{"rendered":"<div class=\"ref\">94295-KOHLI.<\/div>\n<div class=\"ref\">Squeeze em alum\u00ednio 100% reciclado com acabamento em mate 700 mL<\/div>\n<div class=\"texto\">Squeeze em alum\u00ednio 100% reciclado com parede simples e acabamento mate. Tampa em PP com pega de silicone para f\u00e1cil transporte. Capacidade at\u00e9 700 mL.<\/div>\n<div class=\"texto\">Fornecido em caixa presente em papel kraft. Certifica\u00e7\u00e3o EU Food Grade. \u00f873 x 213 mm<\/div>\n","protected":false},"excerpt":{"rendered":"<p>94295-KOHLI. Squeeze em alum\u00ednio 100% reciclado com acabamento em mate 700 mL Squeeze em alum\u00ednio 100% reciclado com parede simples e acabamento mate. Tampa em PP<span class=\"excerpt-hellip\"> [\u2026]<\/span><\/p>\n","protected":false},"featured_media":3667,"comment_status":"open","ping_status":"closed","template":"","meta":[],"product_cat":[129],"product_tag":[133,1223,435],"class_list":["post-5874","product","type-product","status-publish","has-post-thumbnail","hentry","product_cat-garrafas-e-squeezes","product_tag-garrafa-personalizada","product_tag-squeeze-em-aluminio-100-reciclado-com-acabamento-em-mate-700-ml","product_tag-squeeze-personalizado"],"_links":{"self":[{"href":"https:\/\/vohnabrindes.com.br\/index.php\/wp-json\/wp\/v2\/product\/5874","targetHints":{"allow":["GET"]}}],"collection":[{"href":"https:\/\/vohnabrindes.com.br\/index.php\/wp-json\/wp\/v2\/product"}],"about":[{"href":"https:\/\/vohnabrindes.com.br\/index.php\/wp-json\/wp\/v2\/types\/product"}],"replies":[{"embeddable":true,"href":"https:\/\/vohnabrindes.com.br\/index.php\/wp-json\/wp\/v2\/comments?post=5874"}],"version-history":[{"count":1,"href":"https:\/\/vohnabrindes.com.br\/index.php\/wp-json\/wp\/v2\/product\/5874\/revisions"}],"predecessor-version":[{"id":5904,"href":"https:\/\/vohnabrindes.com.br\/index.php\/wp-json\/wp\/v2\/product\/5874\/revisions\/5904"}],"wp:featuredmedia":[{"embeddable":true,"href":"https:\/\/vohnabrindes.com.br\/index.php\/wp-json\/wp\/v2\/media\/3667"}],"wp:attachment":[{"href":"https:\/\/vohnabrindes.com.br\/index.php\/wp-json\/wp\/v2\/media?parent=5874"}],"wp:term":[{"taxonomy":"product_cat","embeddable":true,"href":"https:\/\/vohnabrindes.com.br\/index.php\/wp-json\/wp\/v2\/product_cat?post=5874"},{"taxonomy":"product_tag","embeddable":true,"href":"https:\/\/vohnabrindes.com.br\/index.php\/wp-json\/wp\/v2\/product_tag?post=5874"}],"curies":[{"name":"wp","href":"https:\/\/api.w.org\/{rel}","templated":true}]}}