{"id":5875,"date":"2025-05-30T21:40:52","date_gmt":"2025-05-31T00:40:52","guid":{"rendered":"https:\/\/vohnabrindes.com.br\/?post_type=product&#038;p=5875"},"modified":"2025-05-30T21:40:54","modified_gmt":"2025-05-31T00:40:54","slug":"oculos-de-sol-personalizado","status":"publish","type":"product","link":"https:\/\/vohnabrindes.com.br\/index.php\/product\/oculos-de-sol-personalizado\/","title":{"rendered":"\u00d3culos de sol personalizado."},"content":{"rendered":"<div class=\"ref\">98313-CELEBES.<\/div>\n<div class=\"ref\">\u00d3culos de sol personalizado.<\/div>\n<div class=\"texto\">\u00d3culos de sol em PC. Lentes de categoria 3 com UV400 de prote\u00e7\u00e3o, em conformidade com as normas EN ISO 12312-1. Dispon\u00edvel numa variada gama de cores. 146 x 49 x 150 mm<\/div>\n","protected":false},"excerpt":{"rendered":"<p>98313-CELEBES. \u00d3culos de sol personalizado. \u00d3culos de sol em PC. Lentes de categoria 3 com UV400 de prote\u00e7\u00e3o, em conformidade com as normas EN ISO 12312-1.<span class=\"excerpt-hellip\"> [\u2026]<\/span><\/p>\n","protected":false},"featured_media":3669,"comment_status":"open","ping_status":"closed","template":"","meta":[],"product_cat":[899,510],"product_tag":[655,1224],"class_list":["post-5875","product","type-product","status-publish","has-post-thumbnail","hentry","product_cat-diversos","product_cat-linha-sol-e-chuva","product_tag-brindes-verao","product_tag-oculos-de-sol-personalizado"],"_links":{"self":[{"href":"https:\/\/vohnabrindes.com.br\/index.php\/wp-json\/wp\/v2\/product\/5875","targetHints":{"allow":["GET"]}}],"collection":[{"href":"https:\/\/vohnabrindes.com.br\/index.php\/wp-json\/wp\/v2\/product"}],"about":[{"href":"https:\/\/vohnabrindes.com.br\/index.php\/wp-json\/wp\/v2\/types\/product"}],"replies":[{"embeddable":true,"href":"https:\/\/vohnabrindes.com.br\/index.php\/wp-json\/wp\/v2\/comments?post=5875"}],"version-history":[{"count":1,"href":"https:\/\/vohnabrindes.com.br\/index.php\/wp-json\/wp\/v2\/product\/5875\/revisions"}],"predecessor-version":[{"id":5905,"href":"https:\/\/vohnabrindes.com.br\/index.php\/wp-json\/wp\/v2\/product\/5875\/revisions\/5905"}],"wp:featuredmedia":[{"embeddable":true,"href":"https:\/\/vohnabrindes.com.br\/index.php\/wp-json\/wp\/v2\/media\/3669"}],"wp:attachment":[{"href":"https:\/\/vohnabrindes.com.br\/index.php\/wp-json\/wp\/v2\/media?parent=5875"}],"wp:term":[{"taxonomy":"product_cat","embeddable":true,"href":"https:\/\/vohnabrindes.com.br\/index.php\/wp-json\/wp\/v2\/product_cat?post=5875"},{"taxonomy":"product_tag","embeddable":true,"href":"https:\/\/vohnabrindes.com.br\/index.php\/wp-json\/wp\/v2\/product_tag?post=5875"}],"curies":[{"name":"wp","href":"https:\/\/api.w.org\/{rel}","templated":true}]}}