{"id":5876,"date":"2025-05-30T21:40:52","date_gmt":"2025-05-31T00:40:52","guid":{"rendered":"https:\/\/vohnabrindes.com.br\/?post_type=product&#038;p=5876"},"modified":"2025-05-30T21:40:54","modified_gmt":"2025-05-31T00:40:54","slug":"oculos-de-sol-personalizado-2","status":"publish","type":"product","link":"https:\/\/vohnabrindes.com.br\/index.php\/product\/oculos-de-sol-personalizado-2\/","title":{"rendered":"\u00d3culos de sol personalizado."},"content":{"rendered":"<div class=\"ref\">98317-NIGER.<\/div>\n<div class=\"ref\">\u00d3culos de sol em PC com lentes espelhadas<\/div>\n<div class=\"texto\">\u00d3culos de sol em PC com lentes espelhadas de categoria 3 e UV400 de prote\u00e7\u00e3o. Em conformidade com as normas EN ISO 12312-1. 146 x 49 x 150 mm<\/div>\n","protected":false},"excerpt":{"rendered":"<p>98317-NIGER. \u00d3culos de sol em PC com lentes espelhadas \u00d3culos de sol em PC com lentes espelhadas de categoria 3 e UV400 de prote\u00e7\u00e3o. Em conformidade<span class=\"excerpt-hellip\"> [\u2026]<\/span><\/p>\n","protected":false},"featured_media":3671,"comment_status":"open","ping_status":"closed","template":"","meta":[],"product_cat":[510],"product_tag":[655,1224],"class_list":["post-5876","product","type-product","status-publish","has-post-thumbnail","hentry","product_cat-linha-sol-e-chuva","product_tag-brindes-verao","product_tag-oculos-de-sol-personalizado"],"_links":{"self":[{"href":"https:\/\/vohnabrindes.com.br\/index.php\/wp-json\/wp\/v2\/product\/5876","targetHints":{"allow":["GET"]}}],"collection":[{"href":"https:\/\/vohnabrindes.com.br\/index.php\/wp-json\/wp\/v2\/product"}],"about":[{"href":"https:\/\/vohnabrindes.com.br\/index.php\/wp-json\/wp\/v2\/types\/product"}],"replies":[{"embeddable":true,"href":"https:\/\/vohnabrindes.com.br\/index.php\/wp-json\/wp\/v2\/comments?post=5876"}],"version-history":[{"count":1,"href":"https:\/\/vohnabrindes.com.br\/index.php\/wp-json\/wp\/v2\/product\/5876\/revisions"}],"predecessor-version":[{"id":5906,"href":"https:\/\/vohnabrindes.com.br\/index.php\/wp-json\/wp\/v2\/product\/5876\/revisions\/5906"}],"wp:featuredmedia":[{"embeddable":true,"href":"https:\/\/vohnabrindes.com.br\/index.php\/wp-json\/wp\/v2\/media\/3671"}],"wp:attachment":[{"href":"https:\/\/vohnabrindes.com.br\/index.php\/wp-json\/wp\/v2\/media?parent=5876"}],"wp:term":[{"taxonomy":"product_cat","embeddable":true,"href":"https:\/\/vohnabrindes.com.br\/index.php\/wp-json\/wp\/v2\/product_cat?post=5876"},{"taxonomy":"product_tag","embeddable":true,"href":"https:\/\/vohnabrindes.com.br\/index.php\/wp-json\/wp\/v2\/product_tag?post=5876"}],"curies":[{"name":"wp","href":"https:\/\/api.w.org\/{rel}","templated":true}]}}