{"id":5877,"date":"2025-05-30T21:40:52","date_gmt":"2025-05-31T00:40:52","guid":{"rendered":"https:\/\/vohnabrindes.com.br\/?post_type=product&#038;p=5877"},"modified":"2025-05-30T21:40:54","modified_gmt":"2025-05-31T00:40:54","slug":"chinelos-personalizados","status":"publish","type":"product","link":"https:\/\/vohnabrindes.com.br\/index.php\/product\/chinelos-personalizados\/","title":{"rendered":"Chinelos personalizados."},"content":{"rendered":"<div class=\"ref\">95083-BALI<\/div>\n<div class=\"ref\">Chinelos com sola e m EVA totalmente personaliz\u00e1vel em sublima\u00e7\u00e3o e tira em PVC<\/div>\n<div class=\"texto\">Chinelos confort\u00e1veis com sola em EVA e tira em PVC.<\/div>\n<div class=\"texto\">A sola \u00e9 totalmente personaliz\u00e1vel em sublima\u00e7\u00e3o.<\/div>\n<div class=\"texto\">Tamanhos dispon\u00edveis: P\/M ( 36\/39) e\u00a0 G\/GG (40 ao 43). Fornecidos em polybag. G\/GG<\/div>\n","protected":false},"excerpt":{"rendered":"<p>95083-BALI Chinelos com sola e m EVA totalmente personaliz\u00e1vel em sublima\u00e7\u00e3o e tira em PVC Chinelos confort\u00e1veis com sola em EVA e tira em PVC. A<span class=\"excerpt-hellip\"> [\u2026]<\/span><\/p>\n","protected":false},"featured_media":3673,"comment_status":"open","ping_status":"closed","template":"","meta":[],"product_cat":[899,510],"product_tag":[1225,656,1226],"class_list":["post-5877","product","type-product","status-publish","has-post-thumbnail","hentry","product_cat-diversos","product_cat-linha-sol-e-chuva","product_tag-chinelos-personalizados","product_tag-kit-brindes-verao","product_tag-sandalias-personalizadas"],"_links":{"self":[{"href":"https:\/\/vohnabrindes.com.br\/index.php\/wp-json\/wp\/v2\/product\/5877","targetHints":{"allow":["GET"]}}],"collection":[{"href":"https:\/\/vohnabrindes.com.br\/index.php\/wp-json\/wp\/v2\/product"}],"about":[{"href":"https:\/\/vohnabrindes.com.br\/index.php\/wp-json\/wp\/v2\/types\/product"}],"replies":[{"embeddable":true,"href":"https:\/\/vohnabrindes.com.br\/index.php\/wp-json\/wp\/v2\/comments?post=5877"}],"version-history":[{"count":1,"href":"https:\/\/vohnabrindes.com.br\/index.php\/wp-json\/wp\/v2\/product\/5877\/revisions"}],"predecessor-version":[{"id":5907,"href":"https:\/\/vohnabrindes.com.br\/index.php\/wp-json\/wp\/v2\/product\/5877\/revisions\/5907"}],"wp:featuredmedia":[{"embeddable":true,"href":"https:\/\/vohnabrindes.com.br\/index.php\/wp-json\/wp\/v2\/media\/3673"}],"wp:attachment":[{"href":"https:\/\/vohnabrindes.com.br\/index.php\/wp-json\/wp\/v2\/media?parent=5877"}],"wp:term":[{"taxonomy":"product_cat","embeddable":true,"href":"https:\/\/vohnabrindes.com.br\/index.php\/wp-json\/wp\/v2\/product_cat?post=5877"},{"taxonomy":"product_tag","embeddable":true,"href":"https:\/\/vohnabrindes.com.br\/index.php\/wp-json\/wp\/v2\/product_tag?post=5877"}],"curies":[{"name":"wp","href":"https:\/\/api.w.org\/{rel}","templated":true}]}}