{"id":5878,"date":"2025-05-30T21:40:52","date_gmt":"2025-05-31T00:40:52","guid":{"rendered":"https:\/\/vohnabrindes.com.br\/?post_type=product&#038;p=5878"},"modified":"2025-05-30T21:40:54","modified_gmt":"2025-05-31T00:40:54","slug":"chinelos-personalizados-2","status":"publish","type":"product","link":"https:\/\/vohnabrindes.com.br\/index.php\/product\/chinelos-personalizados-2\/","title":{"rendered":"Chinelos personalizados."},"content":{"rendered":"<div class=\"ref\">95084- MAUPITI<\/div>\n<div><\/div>\n<div class=\"ref\">Chinelos personalizados.<\/div>\n<div class=\"texto\">Chinelos confort\u00e1veis com sola em PE e tira em PVC. Dispon\u00edvel numa variada gama de cores. Tamanhos dispon\u00edveis: P\/M (36 ao 39) e G\/GG ( 40 ao 43) . Fornecidos em polybag.<\/div>\n","protected":false},"excerpt":{"rendered":"<p>95084- MAUPITI Chinelos personalizados. Chinelos confort\u00e1veis com sola em PE e tira em PVC. Dispon\u00edvel numa variada gama de cores. Tamanhos dispon\u00edveis: P\/M (36 ao 39)<span class=\"excerpt-hellip\"> [\u2026]<\/span><\/p>\n","protected":false},"featured_media":3679,"comment_status":"open","ping_status":"closed","template":"","meta":[],"product_cat":[899],"product_tag":[1225],"class_list":["post-5878","product","type-product","status-publish","has-post-thumbnail","hentry","product_cat-diversos","product_tag-chinelos-personalizados"],"_links":{"self":[{"href":"https:\/\/vohnabrindes.com.br\/index.php\/wp-json\/wp\/v2\/product\/5878","targetHints":{"allow":["GET"]}}],"collection":[{"href":"https:\/\/vohnabrindes.com.br\/index.php\/wp-json\/wp\/v2\/product"}],"about":[{"href":"https:\/\/vohnabrindes.com.br\/index.php\/wp-json\/wp\/v2\/types\/product"}],"replies":[{"embeddable":true,"href":"https:\/\/vohnabrindes.com.br\/index.php\/wp-json\/wp\/v2\/comments?post=5878"}],"version-history":[{"count":1,"href":"https:\/\/vohnabrindes.com.br\/index.php\/wp-json\/wp\/v2\/product\/5878\/revisions"}],"predecessor-version":[{"id":5908,"href":"https:\/\/vohnabrindes.com.br\/index.php\/wp-json\/wp\/v2\/product\/5878\/revisions\/5908"}],"wp:featuredmedia":[{"embeddable":true,"href":"https:\/\/vohnabrindes.com.br\/index.php\/wp-json\/wp\/v2\/media\/3679"}],"wp:attachment":[{"href":"https:\/\/vohnabrindes.com.br\/index.php\/wp-json\/wp\/v2\/media?parent=5878"}],"wp:term":[{"taxonomy":"product_cat","embeddable":true,"href":"https:\/\/vohnabrindes.com.br\/index.php\/wp-json\/wp\/v2\/product_cat?post=5878"},{"taxonomy":"product_tag","embeddable":true,"href":"https:\/\/vohnabrindes.com.br\/index.php\/wp-json\/wp\/v2\/product_tag?post=5878"}],"curies":[{"name":"wp","href":"https:\/\/api.w.org\/{rel}","templated":true}]}}