{"id":5880,"date":"2025-05-30T21:40:52","date_gmt":"2025-05-31T00:40:52","guid":{"rendered":"https:\/\/vohnabrindes.com.br\/?post_type=product&#038;p=5880"},"modified":"2025-05-30T21:40:54","modified_gmt":"2025-05-31T00:40:54","slug":"pochete-esportiva-personalizada","status":"publish","type":"product","link":"https:\/\/vohnabrindes.com.br\/index.php\/product\/pochete-esportiva-personalizada\/","title":{"rendered":"Pochete Esportiva personalizada."},"content":{"rendered":"<pre id=\"item_referencia\">18886<\/pre>\n<p class=\"produto-nome\">Pochete Esportiva Lycra personalizada.<\/p>\n<div class=\"caracs\">\n<div class=\"desc\">\n<p class=\"desc-tit\">Descri\u00e7\u00e3o:\u00a0<span class=\"desc-sub my-desc-sub\">Pratique atividade com mais seguran\u00e7a e conforto com nossa Pochete Antifurto Esportiva. Vers\u00e1til, ela pode ser usada de ambos os lados e conta com uma faixa refletiva que garante maior prote\u00e7\u00e3o durante caminhadas noturnas. Produzida em lycra, oferece dois compartimentos: um ideal para guardar documentos, chaves e dinheiro, e outro exclusivo para celulares, com visor pl\u00e1stico sens\u00edvel ao toque, compat\u00edvel com dispositivos de at\u00e9 7,9 cm de largura e 15,9 cm de altura. Al\u00e9m disso, possui um cinto el\u00e1stico ajust\u00e1vel, garantindo um ajuste perfeito e conforto absoluto em qualquer situa\u00e7\u00e3o. Para completar, conta com uma sa\u00edda para fones de ouvido, permitindo curtir m\u00fasicas\u00a0 sem complica\u00e7\u00f5es.<\/span><\/p>\n<\/div>\n<div class=\"desc\">\n<p class=\"desc-tit\">Altura<span class=\"desc-sub\">\u00a0:\u00a0 11,5 cm<\/span><\/p>\n<\/div>\n<div class=\"desc\">\n<p class=\"desc-tit\">Largura<span class=\"desc-sub\">\u00a0:\u00a0 25 cm<\/span><\/p>\n<\/div>\n<div class=\"desc\">\n<p class=\"desc-tit\">Comprimento<span class=\"desc-sub\">\u00a0:\u00a0 67,5 cm<\/span><\/p>\n<\/div>\n<div class=\"desc\">\n<p class=\"desc-tit\">Medidas aproximadas para grava\u00e7\u00e3o<span class=\"desc-sub\">\u00a0(CxL):\u00a0 0,5 cm x 12 cm<\/span><\/p>\n<\/div>\n<div class=\"desc\">\n<p class=\"desc-tit\">Peso aproximado<span class=\"desc-sub\">\u00a0(g):\u00a0 62<\/span><\/p>\n<\/div>\n<\/div>\n","protected":false},"excerpt":{"rendered":"<p>18886 Pochete Esportiva Lycra personalizada. Descri\u00e7\u00e3o:\u00a0Pratique atividade com mais seguran\u00e7a e conforto com nossa Pochete Antifurto Esportiva. Vers\u00e1til, ela pode ser usada de ambos os lados<span class=\"excerpt-hellip\"> [\u2026]<\/span><\/p>\n","protected":false},"featured_media":3684,"comment_status":"open","ping_status":"closed","template":"","meta":[],"product_cat":[350],"product_tag":[1228,1229],"class_list":["post-5880","product","type-product","status-publish","has-post-thumbnail","hentry","product_cat-fitness-e-lazer","product_tag-pochete-esportiva-lycra-personalizada","product_tag-pochete-esportiva-personalizada"],"_links":{"self":[{"href":"https:\/\/vohnabrindes.com.br\/index.php\/wp-json\/wp\/v2\/product\/5880","targetHints":{"allow":["GET"]}}],"collection":[{"href":"https:\/\/vohnabrindes.com.br\/index.php\/wp-json\/wp\/v2\/product"}],"about":[{"href":"https:\/\/vohnabrindes.com.br\/index.php\/wp-json\/wp\/v2\/types\/product"}],"replies":[{"embeddable":true,"href":"https:\/\/vohnabrindes.com.br\/index.php\/wp-json\/wp\/v2\/comments?post=5880"}],"version-history":[{"count":1,"href":"https:\/\/vohnabrindes.com.br\/index.php\/wp-json\/wp\/v2\/product\/5880\/revisions"}],"predecessor-version":[{"id":5910,"href":"https:\/\/vohnabrindes.com.br\/index.php\/wp-json\/wp\/v2\/product\/5880\/revisions\/5910"}],"wp:featuredmedia":[{"embeddable":true,"href":"https:\/\/vohnabrindes.com.br\/index.php\/wp-json\/wp\/v2\/media\/3684"}],"wp:attachment":[{"href":"https:\/\/vohnabrindes.com.br\/index.php\/wp-json\/wp\/v2\/media?parent=5880"}],"wp:term":[{"taxonomy":"product_cat","embeddable":true,"href":"https:\/\/vohnabrindes.com.br\/index.php\/wp-json\/wp\/v2\/product_cat?post=5880"},{"taxonomy":"product_tag","embeddable":true,"href":"https:\/\/vohnabrindes.com.br\/index.php\/wp-json\/wp\/v2\/product_tag?post=5880"}],"curies":[{"name":"wp","href":"https:\/\/api.w.org\/{rel}","templated":true}]}}