{"id":5881,"date":"2025-05-30T21:40:52","date_gmt":"2025-05-31T00:40:52","guid":{"rendered":"https:\/\/vohnabrindes.com.br\/?post_type=product&#038;p=5881"},"modified":"2025-05-30T21:40:55","modified_gmt":"2025-05-31T00:40:55","slug":"pochete-esportiva-oxford-personalizada","status":"publish","type":"product","link":"https:\/\/vohnabrindes.com.br\/index.php\/product\/pochete-esportiva-oxford-personalizada\/","title":{"rendered":"Pochete Esportiva Oxford personalizada"},"content":{"rendered":"<h6 id=\"item_referencia\">18884<\/h6>\n<p class=\"produto-nome\">Pochete Esportiva Oxford personalizada<\/p>\n<div class=\"caracs\">\n<div class=\"desc\">\n<p class=\"desc-tit\">Descri\u00e7\u00e3o:\u00a0<span class=\"desc-sub my-desc-sub\">Confeccionada em tecido oxford resistente \u00e0 \u00e1gua, esta pochete foi projetada para oferecer seguran\u00e7a e praticidade. Seu formato slim permite o uso discreto por dentro da roupa, reduzindo o volume e aumentando a prote\u00e7\u00e3o contra roubos ou furtos. Perfeita para pr\u00e1ticas esportivas, a pochete conta com uma sa\u00edda para fones de ouvido, cinta el\u00e1stica ajust\u00e1vel com fivelas, sa\u00eddas laterais que promovem circula\u00e7\u00e3o de ar e contornos refletivos para maior seguran\u00e7a em atividades noturnas. O compartimento interno \u00e9 bem-planejado, com uma divis\u00f3ria que separa o celular de outros itens, evitando risco ou danos. Al\u00e9m disso, o z\u00edper selado impede a infiltra\u00e7\u00e3o de \u00e1gua, garantindo que seus pertences fiquem protegidos mesmo em condi\u00e7\u00f5es adversas.<\/span><\/p>\n<\/div>\n<div class=\"desc\">\n<p class=\"desc-tit\">Altura<span class=\"desc-sub\">\u00a0:\u00a0 12,3 cm<\/span><\/p>\n<\/div>\n<div class=\"desc\">\n<p class=\"desc-tit\">Largura<span class=\"desc-sub\">\u00a0:\u00a0 32,9 cm<\/span><\/p>\n<\/div>\n<div class=\"desc\">\n<p class=\"desc-tit\">Comprimento<span class=\"desc-sub\">\u00a0:\u00a0 Al\u00e7a: 59 cm<\/span><\/p>\n<\/div>\n<div class=\"desc\">\n<p class=\"desc-tit\">Medidas aproximadas para grava\u00e7\u00e3o<span class=\"desc-sub\">\u00a0(CxL):\u00a0 6,5 cm x 20 cm<\/span><\/p>\n<\/div>\n<div class=\"desc\">\n<p class=\"desc-tit\">Peso aproximado<span class=\"desc-sub\">\u00a0(g):\u00a0 56<\/span><\/p>\n<\/div>\n<\/div>\n","protected":false},"excerpt":{"rendered":"<p>18884 Pochete Esportiva Oxford personalizada Descri\u00e7\u00e3o:\u00a0Confeccionada em tecido oxford resistente \u00e0 \u00e1gua, esta pochete foi projetada para oferecer seguran\u00e7a e praticidade. Seu formato slim permite o<span class=\"excerpt-hellip\"> [\u2026]<\/span><\/p>\n","protected":false},"featured_media":3686,"comment_status":"open","ping_status":"closed","template":"","meta":[],"product_cat":[350],"product_tag":[1230,1231,1229],"class_list":["post-5881","product","type-product","status-publish","has-post-thumbnail","hentry","product_cat-fitness-e-lazer","product_tag-pochete-esportiva-oxford-perrsonalizada","product_tag-pochete-esportiva-oxford-personalizada","product_tag-pochete-esportiva-personalizada"],"_links":{"self":[{"href":"https:\/\/vohnabrindes.com.br\/index.php\/wp-json\/wp\/v2\/product\/5881","targetHints":{"allow":["GET"]}}],"collection":[{"href":"https:\/\/vohnabrindes.com.br\/index.php\/wp-json\/wp\/v2\/product"}],"about":[{"href":"https:\/\/vohnabrindes.com.br\/index.php\/wp-json\/wp\/v2\/types\/product"}],"replies":[{"embeddable":true,"href":"https:\/\/vohnabrindes.com.br\/index.php\/wp-json\/wp\/v2\/comments?post=5881"}],"version-history":[{"count":1,"href":"https:\/\/vohnabrindes.com.br\/index.php\/wp-json\/wp\/v2\/product\/5881\/revisions"}],"predecessor-version":[{"id":5911,"href":"https:\/\/vohnabrindes.com.br\/index.php\/wp-json\/wp\/v2\/product\/5881\/revisions\/5911"}],"wp:featuredmedia":[{"embeddable":true,"href":"https:\/\/vohnabrindes.com.br\/index.php\/wp-json\/wp\/v2\/media\/3686"}],"wp:attachment":[{"href":"https:\/\/vohnabrindes.com.br\/index.php\/wp-json\/wp\/v2\/media?parent=5881"}],"wp:term":[{"taxonomy":"product_cat","embeddable":true,"href":"https:\/\/vohnabrindes.com.br\/index.php\/wp-json\/wp\/v2\/product_cat?post=5881"},{"taxonomy":"product_tag","embeddable":true,"href":"https:\/\/vohnabrindes.com.br\/index.php\/wp-json\/wp\/v2\/product_tag?post=5881"}],"curies":[{"name":"wp","href":"https:\/\/api.w.org\/{rel}","templated":true}]}}