{"id":5882,"date":"2025-05-30T21:40:52","date_gmt":"2025-05-31T00:40:52","guid":{"rendered":"https:\/\/vohnabrindes.com.br\/?post_type=product&#038;p=5882"},"modified":"2025-05-30T21:40:55","modified_gmt":"2025-05-31T00:40:55","slug":"mochila-oxford-dobravel-16-litros-personalizada","status":"publish","type":"product","link":"https:\/\/vohnabrindes.com.br\/index.php\/product\/mochila-oxford-dobravel-16-litros-personalizada\/","title":{"rendered":"Mochila Oxford Dobr\u00e1vel 16 Litros personalizada."},"content":{"rendered":"<pre id=\"item_referencia\">18834<\/pre>\n<p class=\"produto-nome\">Mochila Oxford Dobr\u00e1vel 16 Litros personalizada.<\/p>\n<div class=\"caracs\">\n<div class=\"desc\">\n<p class=\"desc-tit\">Descri\u00e7\u00e3o:\u00a0<span class=\"desc-sub my-desc-sub\">Pr\u00e1tica e despojada, a nossa mochila dobr\u00e1vel de 16 litros \u00e9 a escolha certa para uma rotina desde academia ao esporte, com facilidade. Compacta, pode ser guardada em formato de estojo quando n\u00e3o estiver em uso, sendo a bolsa extra perfeita que n\u00e3o ocupa espa\u00e7o. Produzida em Oxford, conta com um compartimento amplo com bolso, dois bolsos laterais em tela para garrafas ou itens essenciais, detalhe refletivo, tornando-o seguro durante viagens ou corridas a noite e um bolso frontal de f\u00e1cil acesso para guardar documentos, chaves ou outros pertences. Al\u00e9m disso, a mochila conta com al\u00e7as de ombro respir\u00e1veis que os mant\u00eam mais frescos e confort\u00e1veis durante as aventuras ao ar livre. Perfeita para quem precisa de versatilidade e efici\u00eancia em uma s\u00f3 pe\u00e7a.<\/span><\/p>\n<\/div>\n<div class=\"desc\">\n<p class=\"desc-tit\">Altura<span class=\"desc-sub\">\u00a0:\u00a0 38,5 cm<\/span><\/p>\n<\/div>\n<div class=\"desc\">\n<p class=\"desc-tit\">Largura<span class=\"desc-sub\">\u00a0:\u00a0 25 cm<\/span><\/p>\n<\/div>\n<div class=\"desc\">\n<p class=\"desc-tit\">Profundidade<span class=\"desc-sub\">\u00a0:\u00a0 17 cm<\/span><\/p>\n<\/div>\n<div class=\"desc\">\n<p class=\"desc-tit\">Medidas aproximadas para grava\u00e7\u00e3o<span class=\"desc-sub\">\u00a0(CxL):\u00a0 18 cm x 10 cm\u00a0<\/span><\/p>\n<\/div>\n<div class=\"desc\">\n<p class=\"desc-tit\">Tamanho total aproximado\u00a0<span class=\"desc-sub\">\u00a0(CxL):\u00a0 Fechado: 16 cm x 18,7 cm<\/span><\/p>\n<\/div>\n<div class=\"desc\">\n<p class=\"desc-tit\">Peso aproximado<span class=\"desc-sub\">\u00a0(g):\u00a0 160<\/span><\/p>\n<\/div>\n<\/div>\n","protected":false},"excerpt":{"rendered":"<p>18834 Mochila Oxford Dobr\u00e1vel 16 Litros personalizada. Descri\u00e7\u00e3o:\u00a0Pr\u00e1tica e despojada, a nossa mochila dobr\u00e1vel de 16 litros \u00e9 a escolha certa para uma rotina desde academia<span class=\"excerpt-hellip\"> [\u2026]<\/span><\/p>\n","protected":false},"featured_media":3688,"comment_status":"open","ping_status":"closed","template":"","meta":[],"product_cat":[312],"product_tag":[323,1232],"class_list":["post-5882","product","type-product","status-publish","has-post-thumbnail","hentry","product_cat-mochilas-saco-e-bolsas-esportivas","product_tag-mochila-esportiva-personalizada","product_tag-mochila-oxford-dobravel-16-litros-personalizada"],"_links":{"self":[{"href":"https:\/\/vohnabrindes.com.br\/index.php\/wp-json\/wp\/v2\/product\/5882","targetHints":{"allow":["GET"]}}],"collection":[{"href":"https:\/\/vohnabrindes.com.br\/index.php\/wp-json\/wp\/v2\/product"}],"about":[{"href":"https:\/\/vohnabrindes.com.br\/index.php\/wp-json\/wp\/v2\/types\/product"}],"replies":[{"embeddable":true,"href":"https:\/\/vohnabrindes.com.br\/index.php\/wp-json\/wp\/v2\/comments?post=5882"}],"version-history":[{"count":1,"href":"https:\/\/vohnabrindes.com.br\/index.php\/wp-json\/wp\/v2\/product\/5882\/revisions"}],"predecessor-version":[{"id":5912,"href":"https:\/\/vohnabrindes.com.br\/index.php\/wp-json\/wp\/v2\/product\/5882\/revisions\/5912"}],"wp:featuredmedia":[{"embeddable":true,"href":"https:\/\/vohnabrindes.com.br\/index.php\/wp-json\/wp\/v2\/media\/3688"}],"wp:attachment":[{"href":"https:\/\/vohnabrindes.com.br\/index.php\/wp-json\/wp\/v2\/media?parent=5882"}],"wp:term":[{"taxonomy":"product_cat","embeddable":true,"href":"https:\/\/vohnabrindes.com.br\/index.php\/wp-json\/wp\/v2\/product_cat?post=5882"},{"taxonomy":"product_tag","embeddable":true,"href":"https:\/\/vohnabrindes.com.br\/index.php\/wp-json\/wp\/v2\/product_tag?post=5882"}],"curies":[{"name":"wp","href":"https:\/\/api.w.org\/{rel}","templated":true}]}}