{"id":5916,"date":"2025-05-30T21:40:55","date_gmt":"2025-05-31T00:40:55","guid":{"rendered":"https:\/\/vohnabrindes.com.br\/?post_type=product&#038;p=5916"},"modified":"2025-05-30T21:40:57","modified_gmt":"2025-05-31T00:40:57","slug":"caixa-de-som-com-microfone-personalizada-5","status":"publish","type":"product","link":"https:\/\/vohnabrindes.com.br\/index.php\/product\/caixa-de-som-com-microfone-personalizada-5\/","title":{"rendered":"Caixa de som com microfone personalizada."},"content":{"rendered":"<div class=\"ref\">57395-GENT.<\/div>\n<div class=\"ref\">Caixa de som com microfone personalizada.<\/div>\n<div class=\"texto\">Caixa de som port\u00e1til com microfone, em ABS, tecido em poli\u00e9ster e acabamento emborrachado.<\/div>\n<div class=\"texto\">Transmiss\u00e3o sem fios BT v5.0, liga\u00e7\u00e3o stereo 3,5 mm e leitor de cart\u00f5es microSD.<\/div>\n<div class=\"texto\">Pot\u00eancia de 3W\/4\u03a9, bateria com capacidade de 300 mAh e autonomia aproximada de 2h.<\/div>\n<div class=\"texto\">Fun\u00e7\u00e3o para atender chamadas, controle de volume, conex\u00e3o \u00e0 playlist do dispositivo m\u00f3vel e r\u00e1dio FM. Incluso cabo USB para carregar. Fornecida em caixa presente. 120 x 80 x 40 mm | Caixa: 142 x 85 x 45 mm<\/div>\n","protected":false},"excerpt":{"rendered":"<p>57395-GENT. Caixa de som com microfone personalizada. Caixa de som port\u00e1til com microfone, em ABS, tecido em poli\u00e9ster e acabamento emborrachado. Transmiss\u00e3o sem fios BT v5.0,<span class=\"excerpt-hellip\"> [\u2026]<\/span><\/p>\n","protected":false},"featured_media":3700,"comment_status":"open","ping_status":"closed","template":"","meta":[],"product_cat":[377],"product_tag":[1236,380,1237],"class_list":["post-5916","product","type-product","status-publish","has-post-thumbnail","hentry","product_cat-informatica-som-e-tecnologia","product_tag-caixa-de-som-bluetooth-personalizada","product_tag-caixa-de-som-com-microfone-personalizada","product_tag-caixa-de-som-personalizda"],"_links":{"self":[{"href":"https:\/\/vohnabrindes.com.br\/index.php\/wp-json\/wp\/v2\/product\/5916","targetHints":{"allow":["GET"]}}],"collection":[{"href":"https:\/\/vohnabrindes.com.br\/index.php\/wp-json\/wp\/v2\/product"}],"about":[{"href":"https:\/\/vohnabrindes.com.br\/index.php\/wp-json\/wp\/v2\/types\/product"}],"replies":[{"embeddable":true,"href":"https:\/\/vohnabrindes.com.br\/index.php\/wp-json\/wp\/v2\/comments?post=5916"}],"version-history":[{"count":1,"href":"https:\/\/vohnabrindes.com.br\/index.php\/wp-json\/wp\/v2\/product\/5916\/revisions"}],"predecessor-version":[{"id":5946,"href":"https:\/\/vohnabrindes.com.br\/index.php\/wp-json\/wp\/v2\/product\/5916\/revisions\/5946"}],"wp:featuredmedia":[{"embeddable":true,"href":"https:\/\/vohnabrindes.com.br\/index.php\/wp-json\/wp\/v2\/media\/3700"}],"wp:attachment":[{"href":"https:\/\/vohnabrindes.com.br\/index.php\/wp-json\/wp\/v2\/media?parent=5916"}],"wp:term":[{"taxonomy":"product_cat","embeddable":true,"href":"https:\/\/vohnabrindes.com.br\/index.php\/wp-json\/wp\/v2\/product_cat?post=5916"},{"taxonomy":"product_tag","embeddable":true,"href":"https:\/\/vohnabrindes.com.br\/index.php\/wp-json\/wp\/v2\/product_tag?post=5916"}],"curies":[{"name":"wp","href":"https:\/\/api.w.org\/{rel}","templated":true}]}}