{"id":5918,"date":"2025-05-30T21:40:55","date_gmt":"2025-05-31T00:40:55","guid":{"rendered":"https:\/\/vohnabrindes.com.br\/?post_type=product&#038;p=5918"},"modified":"2025-05-30T21:40:57","modified_gmt":"2025-05-31T00:40:57","slug":"bloco-de-anotacao-com-autoadesivos-e-caneta-personalizado","status":"publish","type":"product","link":"https:\/\/vohnabrindes.com.br\/index.php\/product\/bloco-de-anotacao-com-autoadesivos-e-caneta-personalizado\/","title":{"rendered":"Bloco de Anota\u00e7\u00e3o com Autoadesivos e Caneta personalizado."},"content":{"rendered":"<pre id=\"item_referencia\">06106<\/pre>\n<p class=\"produto-nome\">Bloco de Anota\u00e7\u00e3o com Autoadesivos e Caneta personalizado.<\/p>\n<div class=\"caracs\">\n<div class=\"desc\">\n<p class=\"desc-tit\"><span class=\"desc-sub my-desc-sub\">Tudo em seu lugar, prontinho para as anota\u00e7\u00f5es! Nosso Bloco de Anota\u00e7\u00f5es Ecol\u00f3gico \u00e9 perfeito para manter a organiza\u00e7\u00e3o enquanto se registra ideias. Feito de material kraft, ele vem com 100 folhas brancas para anota\u00e7\u00f5es, 5 marcadores autoadesivos coloridos para destacar o que \u00e9 importante, 7 clips guardados em uma gavetinha pr\u00e1tica e uma mini caneta de papel\u00e3o com carga esferogr\u00e1fica azul. E ainda conta com espa\u00e7o para armazenar a caneta e dois suportes porta-caneta, garantindo praticidade no dia a dia. Este bloco \u00e9 tudo o que o seu cliente precisa para dias repletos de anota\u00e7\u00f5es.<\/span><\/p>\n<\/div>\n<div class=\"desc\">\n<p class=\"desc-tit\">Altura<span class=\"desc-sub\">\u00a0:\u00a0 16,3 cm<\/span><\/p>\n<\/div>\n<div class=\"desc\">\n<p class=\"desc-tit\">Largura<span class=\"desc-sub\">\u00a0:\u00a0 10,6 cm<\/span><\/p>\n<\/div>\n<div class=\"desc\">\n<p class=\"desc-tit\">Espessura<span class=\"desc-sub\">\u00a0:\u00a0 2,1 cm<\/span><\/p>\n<\/div>\n<div class=\"desc\">\n<p class=\"desc-tit\">Medidas aproximadas para grava\u00e7\u00e3o<span class=\"desc-sub\">\u00a0(CxL):\u00a0 14 cm x 8 cm<\/span><\/p>\n<\/div>\n<div class=\"desc\">\n<p class=\"desc-tit\">Tamanho total aproximado\u00a0<span class=\"desc-sub\">\u00a0(CxL):\u00a0 Caneta: 8,5 cm x 1,2 cm<\/span><\/p>\n<\/div>\n<div class=\"desc\">\n<p class=\"desc-tit\">Peso aproximado<span class=\"desc-sub\">\u00a0(g):\u00a0 191<\/span><\/p>\n<\/div>\n<\/div>\n","protected":false},"excerpt":{"rendered":"<p>06106 Bloco de Anota\u00e7\u00e3o com Autoadesivos e Caneta personalizado. Tudo em seu lugar, prontinho para as anota\u00e7\u00f5es! Nosso Bloco de Anota\u00e7\u00f5es Ecol\u00f3gico \u00e9 perfeito para manter<span class=\"excerpt-hellip\"> [\u2026]<\/span><\/p>\n","protected":false},"featured_media":3704,"comment_status":"open","ping_status":"closed","template":"","meta":[],"product_cat":[146],"product_tag":[1238,803],"class_list":["post-5918","product","type-product","status-publish","has-post-thumbnail","hentry","product_cat-blocos-e-cadernetas","product_tag-bloco-de-anotacao-com-autoadesivos-e-caneta-personalizado","product_tag-bloco-de-anotacoes-ecologicamente-correto-personalizado"],"_links":{"self":[{"href":"https:\/\/vohnabrindes.com.br\/index.php\/wp-json\/wp\/v2\/product\/5918","targetHints":{"allow":["GET"]}}],"collection":[{"href":"https:\/\/vohnabrindes.com.br\/index.php\/wp-json\/wp\/v2\/product"}],"about":[{"href":"https:\/\/vohnabrindes.com.br\/index.php\/wp-json\/wp\/v2\/types\/product"}],"replies":[{"embeddable":true,"href":"https:\/\/vohnabrindes.com.br\/index.php\/wp-json\/wp\/v2\/comments?post=5918"}],"version-history":[{"count":1,"href":"https:\/\/vohnabrindes.com.br\/index.php\/wp-json\/wp\/v2\/product\/5918\/revisions"}],"predecessor-version":[{"id":5948,"href":"https:\/\/vohnabrindes.com.br\/index.php\/wp-json\/wp\/v2\/product\/5918\/revisions\/5948"}],"wp:featuredmedia":[{"embeddable":true,"href":"https:\/\/vohnabrindes.com.br\/index.php\/wp-json\/wp\/v2\/media\/3704"}],"wp:attachment":[{"href":"https:\/\/vohnabrindes.com.br\/index.php\/wp-json\/wp\/v2\/media?parent=5918"}],"wp:term":[{"taxonomy":"product_cat","embeddable":true,"href":"https:\/\/vohnabrindes.com.br\/index.php\/wp-json\/wp\/v2\/product_cat?post=5918"},{"taxonomy":"product_tag","embeddable":true,"href":"https:\/\/vohnabrindes.com.br\/index.php\/wp-json\/wp\/v2\/product_tag?post=5918"}],"curies":[{"name":"wp","href":"https:\/\/api.w.org\/{rel}","templated":true}]}}