{"id":5919,"date":"2025-05-30T21:40:55","date_gmt":"2025-05-31T00:40:55","guid":{"rendered":"https:\/\/vohnabrindes.com.br\/?post_type=product&#038;p=5919"},"modified":"2025-05-30T21:40:57","modified_gmt":"2025-05-31T00:40:57","slug":"caderno-personalizado-3","status":"publish","type":"product","link":"https:\/\/vohnabrindes.com.br\/index.php\/product\/caderno-personalizado-3\/","title":{"rendered":"Caderno Personalizado."},"content":{"rendered":"<pre class=\"mb-3\">CAD012<\/pre>\n<h4 class=\"mb-3\">Caderno Personalizado.<\/h4>\n<div class=\"d-block\">\n<div>\n<p>Caderno de anota\u00e7\u00f5es em papel\u00e3o recicl\u00e1vel com suporte para caneta e miolo de 70 folhas pautadas e destac\u00e1veis.<\/p>\n<p>Acompanha caneta com corpo em papel recicl\u00e1vel com detalhe em pl\u00e1stico.<\/p>\n<div class=\"d-flex justify-content-between align-items-center\">\n<div class=\"text-end w-50\"><strong>Dimens\u00e3o do Produto:<\/strong>20,7&#215;14,6&#215;1 cm<\/div>\n<\/div>\n<div class=\"d-flex justify-content-between align-items-center\">\n<div class=\"text-end w-50\"><strong>Dimens\u00e3o do produto:<\/strong>13,8x\u00f80,8 cm (Caneta)<\/div>\n<\/div>\n<div class=\"d-flex justify-content-between align-items-center\">\n<div class=\"text-end w-50\"><strong>Peso do Produto:<\/strong>0,224kg<\/div>\n<\/div>\n<\/div>\n<\/div>\n","protected":false},"excerpt":{"rendered":"<p>CAD012 Caderno Personalizado. Caderno de anota\u00e7\u00f5es em papel\u00e3o recicl\u00e1vel com suporte para caneta e miolo de 70 folhas pautadas e destac\u00e1veis. Acompanha caneta com corpo em<span class=\"excerpt-hellip\"> [\u2026]<\/span><\/p>\n","protected":false},"featured_media":3706,"comment_status":"open","ping_status":"closed","template":"","meta":[],"product_cat":[146,144],"product_tag":[764,1239,160],"class_list":["post-5919","product","type-product","status-publish","has-post-thumbnail","hentry","product_cat-blocos-e-cadernetas","product_cat-cadernos-e-pastas","product_tag-bloco-de-anotacoes-personalizado","product_tag-caderno-com-caneta-personalizad","product_tag-caderno-personalizado"],"_links":{"self":[{"href":"https:\/\/vohnabrindes.com.br\/index.php\/wp-json\/wp\/v2\/product\/5919","targetHints":{"allow":["GET"]}}],"collection":[{"href":"https:\/\/vohnabrindes.com.br\/index.php\/wp-json\/wp\/v2\/product"}],"about":[{"href":"https:\/\/vohnabrindes.com.br\/index.php\/wp-json\/wp\/v2\/types\/product"}],"replies":[{"embeddable":true,"href":"https:\/\/vohnabrindes.com.br\/index.php\/wp-json\/wp\/v2\/comments?post=5919"}],"version-history":[{"count":1,"href":"https:\/\/vohnabrindes.com.br\/index.php\/wp-json\/wp\/v2\/product\/5919\/revisions"}],"predecessor-version":[{"id":5949,"href":"https:\/\/vohnabrindes.com.br\/index.php\/wp-json\/wp\/v2\/product\/5919\/revisions\/5949"}],"wp:featuredmedia":[{"embeddable":true,"href":"https:\/\/vohnabrindes.com.br\/index.php\/wp-json\/wp\/v2\/media\/3706"}],"wp:attachment":[{"href":"https:\/\/vohnabrindes.com.br\/index.php\/wp-json\/wp\/v2\/media?parent=5919"}],"wp:term":[{"taxonomy":"product_cat","embeddable":true,"href":"https:\/\/vohnabrindes.com.br\/index.php\/wp-json\/wp\/v2\/product_cat?post=5919"},{"taxonomy":"product_tag","embeddable":true,"href":"https:\/\/vohnabrindes.com.br\/index.php\/wp-json\/wp\/v2\/product_tag?post=5919"}],"curies":[{"name":"wp","href":"https:\/\/api.w.org\/{rel}","templated":true}]}}