{"id":5920,"date":"2025-05-30T21:40:56","date_gmt":"2025-05-31T00:40:56","guid":{"rendered":"https:\/\/vohnabrindes.com.br\/?post_type=product&#038;p=5920"},"modified":"2025-05-30T21:40:58","modified_gmt":"2025-05-31T00:40:58","slug":"bloco-de-anotacoes-com-planejamento-diario-personalizado","status":"publish","type":"product","link":"https:\/\/vohnabrindes.com.br\/index.php\/product\/bloco-de-anotacoes-com-planejamento-diario-personalizado\/","title":{"rendered":"Bloco de Anota\u00e7\u00f5es com Planejamento Di\u00e1rio personalizado."},"content":{"rendered":"<pre class=\"mb-3\">BL034<\/pre>\n<h4 class=\"mb-3\">Bloco de Anota\u00e7\u00f5es com Planejamento Di\u00e1rio personalizado.<\/h4>\n<div class=\"d-block\">\n<div>\n<p>Bloco de anota\u00e7\u00f5es em papel Kraft, contendo:<\/p>\n<p>Bloco de Planejamento Di\u00e1rio\u00a0com 100\u00a0folhas;<br \/>\n6 Sticky notes coloridos;<br \/>\n1 Caneta de Papel\u00e3o;<br \/>\nAcompanha clipes coloridos.<\/p>\n<div class=\"d-flex justify-content-between align-items-center\">\n<div class=\"text-end w-50\"><strong>Dimens\u00e3o do Produto:<\/strong>20 x 24,8 x 1,5 cm<\/div>\n<\/div>\n<div class=\"d-flex justify-content-between align-items-center\">\n<div class=\"text-end w-50\"><strong>Dimens\u00e3o do produto:<\/strong>14x\u00f80,9 cm (Caneta)<\/div>\n<\/div>\n<div class=\"d-flex justify-content-between align-items-center\">\n<div class=\"text-end w-50\"><strong>Peso do Produto:<\/strong>0,362kg<\/div>\n<\/div>\n<\/div>\n<\/div>\n","protected":false},"excerpt":{"rendered":"<p>BL034 Bloco de Anota\u00e7\u00f5es com Planejamento Di\u00e1rio personalizado. Bloco de anota\u00e7\u00f5es em papel Kraft, contendo: Bloco de Planejamento Di\u00e1rio\u00a0com 100\u00a0folhas; 6 Sticky notes coloridos; 1 Caneta<span class=\"excerpt-hellip\"> [\u2026]<\/span><\/p>\n","protected":false},"featured_media":3708,"comment_status":"open","ping_status":"closed","template":"","meta":[],"product_cat":[146],"product_tag":[1240,764,1010],"class_list":["post-5920","product","type-product","status-publish","has-post-thumbnail","hentry","product_cat-blocos-e-cadernetas","product_tag-bloco-de-anotacoes-com-planejamento-diario-personalizado","product_tag-bloco-de-anotacoes-personalizado","product_tag-planner-personalizado"],"_links":{"self":[{"href":"https:\/\/vohnabrindes.com.br\/index.php\/wp-json\/wp\/v2\/product\/5920","targetHints":{"allow":["GET"]}}],"collection":[{"href":"https:\/\/vohnabrindes.com.br\/index.php\/wp-json\/wp\/v2\/product"}],"about":[{"href":"https:\/\/vohnabrindes.com.br\/index.php\/wp-json\/wp\/v2\/types\/product"}],"replies":[{"embeddable":true,"href":"https:\/\/vohnabrindes.com.br\/index.php\/wp-json\/wp\/v2\/comments?post=5920"}],"version-history":[{"count":1,"href":"https:\/\/vohnabrindes.com.br\/index.php\/wp-json\/wp\/v2\/product\/5920\/revisions"}],"predecessor-version":[{"id":5950,"href":"https:\/\/vohnabrindes.com.br\/index.php\/wp-json\/wp\/v2\/product\/5920\/revisions\/5950"}],"wp:featuredmedia":[{"embeddable":true,"href":"https:\/\/vohnabrindes.com.br\/index.php\/wp-json\/wp\/v2\/media\/3708"}],"wp:attachment":[{"href":"https:\/\/vohnabrindes.com.br\/index.php\/wp-json\/wp\/v2\/media?parent=5920"}],"wp:term":[{"taxonomy":"product_cat","embeddable":true,"href":"https:\/\/vohnabrindes.com.br\/index.php\/wp-json\/wp\/v2\/product_cat?post=5920"},{"taxonomy":"product_tag","embeddable":true,"href":"https:\/\/vohnabrindes.com.br\/index.php\/wp-json\/wp\/v2\/product_tag?post=5920"}],"curies":[{"name":"wp","href":"https:\/\/api.w.org\/{rel}","templated":true}]}}