{"id":5924,"date":"2025-05-30T21:40:56","date_gmt":"2025-05-31T00:40:56","guid":{"rendered":"https:\/\/vohnabrindes.com.br\/?post_type=product&#038;p=5924"},"modified":"2025-05-30T21:40:58","modified_gmt":"2025-05-31T00:40:58","slug":"bolsa-termica-87-litros-personalizada","status":"publish","type":"product","link":"https:\/\/vohnabrindes.com.br\/index.php\/product\/bolsa-termica-87-litros-personalizada\/","title":{"rendered":"Bolsa T\u00e9rmica 8,7 Litros personalizada."},"content":{"rendered":"<pre id=\"item_referencia\">18840<\/pre>\n<p class=\"produto-nome\">Bolsa T\u00e9rmica 8,7 Litros personalizada.<\/p>\n<div class=\"caracs\">\n<div class=\"desc\">\n<p class=\"desc-tit\"><span class=\"desc-sub my-desc-sub\">Leve praticidade e estilo para seu dia com esta incr\u00edvel bolsa t\u00e9rmica de poli\u00e9ster! Com dois compartimentos + um bolso telado internamente, ela oferece a capacidade perfeita para manter suas refei\u00e7\u00f5es e bebidas fresquinhas onde quer que voc\u00ea v\u00e1. O revestimento t\u00e9rmico em PEVA at\u00f3xico, com costura soldada, garante um isolamento impec\u00e1vel e \u00e0 prova de vazamentos. Equipada com al\u00e7a de m\u00e3o e al\u00e7a transversal ajust\u00e1vel e remov\u00edvel, essa bolsa \u00e9 vers\u00e1til e confort\u00e1vel para qualquer ocasi\u00e3o. Os bolsos laterais telados completam o design, oferecendo ainda mais espa\u00e7o para os pequenos itens essenciais. Ideal para quem busca praticidade sem abrir m\u00e3o do charme!<\/span><\/p>\n<\/div>\n<div class=\"desc\">\n<p class=\"desc-tit\">Altura<span class=\"desc-sub\">\u00a0:\u00a0 21 cm<\/span><\/p>\n<\/div>\n<div class=\"desc\">\n<p class=\"desc-tit\">Largura<span class=\"desc-sub\">\u00a0:\u00a0 26 cm<\/span><\/p>\n<\/div>\n<div class=\"desc\">\n<p class=\"desc-tit\">Profundidade<span class=\"desc-sub\">\u00a0:\u00a0 16 cm<\/span><\/p>\n<\/div>\n<div class=\"desc\">\n<p class=\"desc-tit\">Medidas aproximadas para grava\u00e7\u00e3o<span class=\"desc-sub\">\u00a0(CxL):\u00a0 10 cm x 20 cm<\/span><\/p>\n<\/div>\n<div class=\"desc\">\n<p class=\"desc-tit\">Peso aproximado<span class=\"desc-sub\">\u00a0(g):\u00a0 318<\/span><\/p>\n<\/div>\n<\/div>\n","protected":false},"excerpt":{"rendered":"<p>18840 Bolsa T\u00e9rmica 8,7 Litros personalizada. Leve praticidade e estilo para seu dia com esta incr\u00edvel bolsa t\u00e9rmica de poli\u00e9ster! Com dois compartimentos + um bolso<span class=\"excerpt-hellip\"> [\u2026]<\/span><\/p>\n","protected":false},"featured_media":3716,"comment_status":"open","ping_status":"closed","template":"","meta":[],"product_cat":[145],"product_tag":[1245,1246,1247],"class_list":["post-5924","product","type-product","status-publish","has-post-thumbnail","hentry","product_cat-bolsas-termicas-e-coolers","product_tag-7-litros-personalizada","product_tag-bolsa-termica-8","product_tag-bolsa-termica-personalizda"],"_links":{"self":[{"href":"https:\/\/vohnabrindes.com.br\/index.php\/wp-json\/wp\/v2\/product\/5924","targetHints":{"allow":["GET"]}}],"collection":[{"href":"https:\/\/vohnabrindes.com.br\/index.php\/wp-json\/wp\/v2\/product"}],"about":[{"href":"https:\/\/vohnabrindes.com.br\/index.php\/wp-json\/wp\/v2\/types\/product"}],"replies":[{"embeddable":true,"href":"https:\/\/vohnabrindes.com.br\/index.php\/wp-json\/wp\/v2\/comments?post=5924"}],"version-history":[{"count":1,"href":"https:\/\/vohnabrindes.com.br\/index.php\/wp-json\/wp\/v2\/product\/5924\/revisions"}],"predecessor-version":[{"id":5954,"href":"https:\/\/vohnabrindes.com.br\/index.php\/wp-json\/wp\/v2\/product\/5924\/revisions\/5954"}],"wp:featuredmedia":[{"embeddable":true,"href":"https:\/\/vohnabrindes.com.br\/index.php\/wp-json\/wp\/v2\/media\/3716"}],"wp:attachment":[{"href":"https:\/\/vohnabrindes.com.br\/index.php\/wp-json\/wp\/v2\/media?parent=5924"}],"wp:term":[{"taxonomy":"product_cat","embeddable":true,"href":"https:\/\/vohnabrindes.com.br\/index.php\/wp-json\/wp\/v2\/product_cat?post=5924"},{"taxonomy":"product_tag","embeddable":true,"href":"https:\/\/vohnabrindes.com.br\/index.php\/wp-json\/wp\/v2\/product_tag?post=5924"}],"curies":[{"name":"wp","href":"https:\/\/api.w.org\/{rel}","templated":true}]}}