{"id":5925,"date":"2025-05-30T21:40:56","date_gmt":"2025-05-31T00:40:56","guid":{"rendered":"https:\/\/vohnabrindes.com.br\/?post_type=product&#038;p=5925"},"modified":"2025-05-30T21:40:58","modified_gmt":"2025-05-31T00:40:58","slug":"kit-fone-bluetooth-carregador-e-garrafa-personalizado","status":"publish","type":"product","link":"https:\/\/vohnabrindes.com.br\/index.php\/product\/kit-fone-bluetooth-carregador-e-garrafa-personalizado\/","title":{"rendered":"Kit Fone Bluetooth, Carregador E Garrafa personalizado."},"content":{"rendered":"<h6>Kit Fone Bluetooth, Carregador E Garrafa &#8211; 3 P\u00e7s<\/h6>\n<h6><span class=\"codes product-info-code\" title=\"Copiar c\u00f3digo\" data-code=\"KT-90267\"><span id=\"codigo_produto_copiado\">Kit contendo: \u00a0fone de ouvido bluetooth com comandos touch, microfone, carregador de fechamento magn\u00e9tico e acompanha USB Lightning para carrega; Garrafa em a\u00e7o Inox preta com tampa rosque\u00e1vel com capacidade total de 750ml e garregador port\u00e1til USB em Pl\u00e1stico ABS para celular\/smartphone\/tablet.<\/span><\/span><\/h6>\n<div class=\"row\"><strong class=\"label\">Dimens\u00f5es do Produto <\/strong>Garrafa: 26,5&#215;7,6\u00f8cm<\/div>\n<div class=\"row\"><strong class=\"label\">Sugest\u00e3o de Personaliza\u00e7\u00e3o <\/strong>Grava\u00e7\u00e3o em Silkscreen no fone e carregador; Grava\u00e7\u00e3o a Laser na garrafa.<\/div>\n<div class=\"row\"><strong class=\"label\">Embalagem <\/strong>Caixa Preta 352x241x92 mm (AxLxP)<\/div>\n<div class=\"row\"><strong class=\"label\">Peso <\/strong>639 g (com embalagem)<\/div>\n<h6><span class=\"codes product-info-code\" title=\"Copiar c\u00f3digo\" data-code=\"KT-90267\"><span id=\"codigo_produto_copiado\">KT-90267\u00a0<\/span><\/span><\/h6>\n<p>&nbsp;<\/p>\n","protected":false},"excerpt":{"rendered":"<p>Kit Fone Bluetooth, Carregador E Garrafa &#8211; 3 P\u00e7s Kit contendo: \u00a0fone de ouvido bluetooth com comandos touch, microfone, carregador de fechamento magn\u00e9tico e acompanha USB<span class=\"excerpt-hellip\"> [\u2026]<\/span><\/p>\n","protected":false},"featured_media":3753,"comment_status":"open","ping_status":"closed","template":"","meta":[],"product_cat":[165,643],"product_tag":[884,128,1031,1248,1249,1250,1251,1252,1253],"class_list":["post-5925","product","type-product","status-publish","has-post-thumbnail","hentry","product_cat-escritorio-e-conjuntos-executivos","product_cat-kit-boas-vindas","product_tag-brindes-personalizados","product_tag-carregador-power-bank-personalizado","product_tag-fone-de-ouvido-personalizado","product_tag-garrafas-personalizadas","product_tag-kit-boas-vindas","product_tag-kit-boas-vindas-personalizados","product_tag-kit-onboarding","product_tag-kit-onboarding-personalizado","product_tag-power-bank-personalizado"],"_links":{"self":[{"href":"https:\/\/vohnabrindes.com.br\/index.php\/wp-json\/wp\/v2\/product\/5925","targetHints":{"allow":["GET"]}}],"collection":[{"href":"https:\/\/vohnabrindes.com.br\/index.php\/wp-json\/wp\/v2\/product"}],"about":[{"href":"https:\/\/vohnabrindes.com.br\/index.php\/wp-json\/wp\/v2\/types\/product"}],"replies":[{"embeddable":true,"href":"https:\/\/vohnabrindes.com.br\/index.php\/wp-json\/wp\/v2\/comments?post=5925"}],"version-history":[{"count":1,"href":"https:\/\/vohnabrindes.com.br\/index.php\/wp-json\/wp\/v2\/product\/5925\/revisions"}],"predecessor-version":[{"id":5955,"href":"https:\/\/vohnabrindes.com.br\/index.php\/wp-json\/wp\/v2\/product\/5925\/revisions\/5955"}],"wp:featuredmedia":[{"embeddable":true,"href":"https:\/\/vohnabrindes.com.br\/index.php\/wp-json\/wp\/v2\/media\/3753"}],"wp:attachment":[{"href":"https:\/\/vohnabrindes.com.br\/index.php\/wp-json\/wp\/v2\/media?parent=5925"}],"wp:term":[{"taxonomy":"product_cat","embeddable":true,"href":"https:\/\/vohnabrindes.com.br\/index.php\/wp-json\/wp\/v2\/product_cat?post=5925"},{"taxonomy":"product_tag","embeddable":true,"href":"https:\/\/vohnabrindes.com.br\/index.php\/wp-json\/wp\/v2\/product_tag?post=5925"}],"curies":[{"name":"wp","href":"https:\/\/api.w.org\/{rel}","templated":true}]}}