{"id":5926,"date":"2025-05-30T21:40:56","date_gmt":"2025-05-31T00:40:56","guid":{"rendered":"https:\/\/vohnabrindes.com.br\/?post_type=product&#038;p=5926"},"modified":"2025-05-30T21:40:58","modified_gmt":"2025-05-31T00:40:58","slug":"kit-com-copo-e-caneca-em-fibra-de-bambu-personalizado","status":"publish","type":"product","link":"https:\/\/vohnabrindes.com.br\/index.php\/product\/kit-com-copo-e-caneca-em-fibra-de-bambu-personalizado\/","title":{"rendered":"Kit Com Copo E Caneca Em Fibra De Bambu Personalizado."},"content":{"rendered":"<h6>Kit Com Copo E Caneca Em Fibra De Bambu Personalizado.<\/h6>\n<h6>Kit caneca e copo. Conta com caneca e copo em fibra de bambu\/PP. A caneca conta com al\u00e7a para melhor uso e o copo com tampa e abertura para beber o l\u00edquido.<\/h6>\n<h6 class=\"row\"><strong class=\"label\">Dimens\u00f5es do Produto <\/strong>Caneca: 9x11cm \/ Copo: 9,3\u00f8x13,4cm<\/h6>\n<h6 class=\"row\"><strong class=\"label\">Sugest\u00e3o de Personaliza\u00e7\u00e3o <\/strong>Uma grava\u00e7\u00e3o em Silkscreen no copo e na caneca.<\/h6>\n<h6 class=\"row\"><strong class=\"label\">Embalagem <\/strong>Caixa Preta 232x226x90 mm (AxLxP)<\/h6>\n<h6 class=\"row\"><strong class=\"label\">Peso <\/strong>294 g (com embalagem)KT-90160<\/h6>\n","protected":false},"excerpt":{"rendered":"<p>Kit Com Copo E Caneca Em Fibra De Bambu Personalizado. Kit caneca e copo. Conta com caneca e copo em fibra de bambu\/PP. A caneca conta<span class=\"excerpt-hellip\"> [\u2026]<\/span><\/p>\n","protected":false},"featured_media":3755,"comment_status":"open","ping_status":"closed","template":"","meta":[],"product_cat":[135,643],"product_tag":[1249,1250,1254,593,1251,1252],"class_list":["post-5926","product","type-product","status-publish","has-post-thumbnail","hentry","product_cat-canecas-e-copos","product_cat-kit-boas-vindas","product_tag-kit-boas-vindas","product_tag-kit-boas-vindas-personalizados","product_tag-kit-copo-e-caneca-personalizado","product_tag-kit-copos-personalizado","product_tag-kit-onboarding","product_tag-kit-onboarding-personalizado"],"_links":{"self":[{"href":"https:\/\/vohnabrindes.com.br\/index.php\/wp-json\/wp\/v2\/product\/5926","targetHints":{"allow":["GET"]}}],"collection":[{"href":"https:\/\/vohnabrindes.com.br\/index.php\/wp-json\/wp\/v2\/product"}],"about":[{"href":"https:\/\/vohnabrindes.com.br\/index.php\/wp-json\/wp\/v2\/types\/product"}],"replies":[{"embeddable":true,"href":"https:\/\/vohnabrindes.com.br\/index.php\/wp-json\/wp\/v2\/comments?post=5926"}],"version-history":[{"count":1,"href":"https:\/\/vohnabrindes.com.br\/index.php\/wp-json\/wp\/v2\/product\/5926\/revisions"}],"predecessor-version":[{"id":5956,"href":"https:\/\/vohnabrindes.com.br\/index.php\/wp-json\/wp\/v2\/product\/5926\/revisions\/5956"}],"wp:featuredmedia":[{"embeddable":true,"href":"https:\/\/vohnabrindes.com.br\/index.php\/wp-json\/wp\/v2\/media\/3755"}],"wp:attachment":[{"href":"https:\/\/vohnabrindes.com.br\/index.php\/wp-json\/wp\/v2\/media?parent=5926"}],"wp:term":[{"taxonomy":"product_cat","embeddable":true,"href":"https:\/\/vohnabrindes.com.br\/index.php\/wp-json\/wp\/v2\/product_cat?post=5926"},{"taxonomy":"product_tag","embeddable":true,"href":"https:\/\/vohnabrindes.com.br\/index.php\/wp-json\/wp\/v2\/product_tag?post=5926"}],"curies":[{"name":"wp","href":"https:\/\/api.w.org\/{rel}","templated":true}]}}