{"id":5929,"date":"2025-05-30T21:40:56","date_gmt":"2025-05-31T00:40:56","guid":{"rendered":"https:\/\/vohnabrindes.com.br\/?post_type=product&#038;p=5929"},"modified":"2025-05-30T21:40:58","modified_gmt":"2025-05-31T00:40:58","slug":"kit-com-copo-caneta-e-caderneta-personalizado","status":"publish","type":"product","link":"https:\/\/vohnabrindes.com.br\/index.php\/product\/kit-com-copo-caneta-e-caderneta-personalizado\/","title":{"rendered":"Kit com copo, caneta e caderneta personalizado."},"content":{"rendered":"<p><span class=\"codes product-info-code\" title=\"Copiar c\u00f3digo\" data-code=\"KT-9043F\"><span id=\"codigo_produto_copiado\">KT-9043F<\/span><\/span><\/p>\n<p>Kit com copo, caneta e caderneta.<\/p>\n<div class=\"row\"><strong class=\"label\">Dimens\u00f5es do Produto: <\/strong>Caderno: 9,5&#215;15,5 cm<\/div>\n<div class=\"row\"><strong class=\"label\">Sugest\u00e3o de Personaliza\u00e7\u00e3o: <\/strong>Uma grava\u00e7\u00e3o em Silkscreen.<\/div>\n<div class=\"row\"><strong class=\"label\">Embalagem: <\/strong>Caixa Preta 232x232x92 mm (AxLxP)<\/div>\n<div class=\"row\"><strong class=\"label\">Peso:\u00a0 <\/strong>365 g (com embalagem)<\/div>\n","protected":false},"excerpt":{"rendered":"<p>KT-9043F Kit com copo, caneta e caderneta. Dimens\u00f5es do Produto: Caderno: 9,5&#215;15,5 cm Sugest\u00e3o de Personaliza\u00e7\u00e3o: Uma grava\u00e7\u00e3o em Silkscreen. Embalagem: Caixa Preta 232x232x92 mm (AxLxP)<span class=\"excerpt-hellip\"> [\u2026]<\/span><\/p>\n","protected":false},"featured_media":3763,"comment_status":"open","ping_status":"closed","template":"","meta":[],"product_cat":[135,643],"product_tag":[1257,1249,1250,1258,1251,1252],"class_list":["post-5929","product","type-product","status-publish","has-post-thumbnail","hentry","product_cat-canecas-e-copos","product_cat-kit-boas-vindas","product_tag-caneta-e-caderneta-personalizado","product_tag-kit-boas-vindas","product_tag-kit-boas-vindas-personalizados","product_tag-kit-com-copo","product_tag-kit-onboarding","product_tag-kit-onboarding-personalizado"],"_links":{"self":[{"href":"https:\/\/vohnabrindes.com.br\/index.php\/wp-json\/wp\/v2\/product\/5929","targetHints":{"allow":["GET"]}}],"collection":[{"href":"https:\/\/vohnabrindes.com.br\/index.php\/wp-json\/wp\/v2\/product"}],"about":[{"href":"https:\/\/vohnabrindes.com.br\/index.php\/wp-json\/wp\/v2\/types\/product"}],"replies":[{"embeddable":true,"href":"https:\/\/vohnabrindes.com.br\/index.php\/wp-json\/wp\/v2\/comments?post=5929"}],"version-history":[{"count":1,"href":"https:\/\/vohnabrindes.com.br\/index.php\/wp-json\/wp\/v2\/product\/5929\/revisions"}],"predecessor-version":[{"id":5959,"href":"https:\/\/vohnabrindes.com.br\/index.php\/wp-json\/wp\/v2\/product\/5929\/revisions\/5959"}],"wp:featuredmedia":[{"embeddable":true,"href":"https:\/\/vohnabrindes.com.br\/index.php\/wp-json\/wp\/v2\/media\/3763"}],"wp:attachment":[{"href":"https:\/\/vohnabrindes.com.br\/index.php\/wp-json\/wp\/v2\/media?parent=5929"}],"wp:term":[{"taxonomy":"product_cat","embeddable":true,"href":"https:\/\/vohnabrindes.com.br\/index.php\/wp-json\/wp\/v2\/product_cat?post=5929"},{"taxonomy":"product_tag","embeddable":true,"href":"https:\/\/vohnabrindes.com.br\/index.php\/wp-json\/wp\/v2\/product_tag?post=5929"}],"curies":[{"name":"wp","href":"https:\/\/api.w.org\/{rel}","templated":true}]}}