{"id":5931,"date":"2025-05-30T21:40:56","date_gmt":"2025-05-31T00:40:56","guid":{"rendered":"https:\/\/vohnabrindes.com.br\/?post_type=product&#038;p=5931"},"modified":"2025-05-30T21:40:59","modified_gmt":"2025-05-31T00:40:59","slug":"kit-necessaire-e-garrafa-personalizada","status":"publish","type":"product","link":"https:\/\/vohnabrindes.com.br\/index.php\/product\/kit-necessaire-e-garrafa-personalizada\/","title":{"rendered":"Kit Necessaire E Garrafa personalizada."},"content":{"rendered":"<h6>Kit Necessaire E Garrafa personalizada.<\/h6>\n<h6>Kit necessaire e garrafa. Conta com garrafa em a\u00e7o inox preta com tampa rosque\u00e1vel e necessaire em poli\u00e9ster 300D melange cinza com gancho.<\/h6>\n<h6 class=\"row\"><strong class=\"label\">Dimens\u00f5es do Produto: <\/strong>Garrafa: 26,5&#215;7,6\u00f8cm<\/h6>\n<h6 class=\"row\"><strong class=\"label\">Sugest\u00e3o de Personaliza\u00e7\u00e3o: <\/strong>Uma grava\u00e7\u00e3o em Silkscreen.KT-9023S<\/h6>\n<h6 class=\"row\"><strong class=\"label\">Embalagem: <\/strong>Caixa Preta 352x241x92 mm (AxLxP)<\/h6>\n<h6 class=\"row\"><strong class=\"label\">Peso: <\/strong>590 g (com embalagem)<\/h6>\n","protected":false},"excerpt":{"rendered":"<p>Kit Necessaire E Garrafa personalizada. Kit necessaire e garrafa. Conta com garrafa em a\u00e7o inox preta com tampa rosque\u00e1vel e necessaire em poli\u00e9ster 300D melange cinza<span class=\"excerpt-hellip\"> [\u2026]<\/span><\/p>\n","protected":false},"featured_media":3767,"comment_status":"open","ping_status":"closed","template":"","meta":[],"product_cat":[643,783],"product_tag":[1249,1250,1261,1021,1251,1252,792],"class_list":["post-5931","product","type-product","status-publish","has-post-thumbnail","hentry","product_cat-kit-boas-vindas","product_cat-necessaires","product_tag-kit-boas-vindas","product_tag-kit-boas-vindas-personalizados","product_tag-kit-necessaire-e-garrafa-personalizada","product_tag-kit-necessaire-personalizada","product_tag-kit-onboarding","product_tag-kit-onboarding-personalizado","product_tag-necessaire-para-viagem"],"_links":{"self":[{"href":"https:\/\/vohnabrindes.com.br\/index.php\/wp-json\/wp\/v2\/product\/5931","targetHints":{"allow":["GET"]}}],"collection":[{"href":"https:\/\/vohnabrindes.com.br\/index.php\/wp-json\/wp\/v2\/product"}],"about":[{"href":"https:\/\/vohnabrindes.com.br\/index.php\/wp-json\/wp\/v2\/types\/product"}],"replies":[{"embeddable":true,"href":"https:\/\/vohnabrindes.com.br\/index.php\/wp-json\/wp\/v2\/comments?post=5931"}],"version-history":[{"count":1,"href":"https:\/\/vohnabrindes.com.br\/index.php\/wp-json\/wp\/v2\/product\/5931\/revisions"}],"predecessor-version":[{"id":5961,"href":"https:\/\/vohnabrindes.com.br\/index.php\/wp-json\/wp\/v2\/product\/5931\/revisions\/5961"}],"wp:featuredmedia":[{"embeddable":true,"href":"https:\/\/vohnabrindes.com.br\/index.php\/wp-json\/wp\/v2\/media\/3767"}],"wp:attachment":[{"href":"https:\/\/vohnabrindes.com.br\/index.php\/wp-json\/wp\/v2\/media?parent=5931"}],"wp:term":[{"taxonomy":"product_cat","embeddable":true,"href":"https:\/\/vohnabrindes.com.br\/index.php\/wp-json\/wp\/v2\/product_cat?post=5931"},{"taxonomy":"product_tag","embeddable":true,"href":"https:\/\/vohnabrindes.com.br\/index.php\/wp-json\/wp\/v2\/product_tag?post=5931"}],"curies":[{"name":"wp","href":"https:\/\/api.w.org\/{rel}","templated":true}]}}