{"id":5933,"date":"2025-05-30T21:40:56","date_gmt":"2025-05-31T00:40:56","guid":{"rendered":"https:\/\/vohnabrindes.com.br\/?post_type=product&#038;p=5933"},"modified":"2025-05-30T21:40:59","modified_gmt":"2025-05-31T00:40:59","slug":"kit-boas-vindas-personalizado-2","status":"publish","type":"product","link":"https:\/\/vohnabrindes.com.br\/index.php\/product\/kit-boas-vindas-personalizado-2\/","title":{"rendered":"Kit boas vindas personalizado."},"content":{"rendered":"<h6 style=\"text-align: left;\">Kit boas vindas personalizado.<\/h6>\n<h6 style=\"text-align: left;\">Contendo 1 garrafa pl\u00e1stica com tampa em a\u00e7o inox 750ml; 1 caderno capa dura; 1 caneta esferogr\u00e1fica com tampa e ponta touch; 1 mochila sacola em Nylon e carregador port\u00e1til 1.800mah.<\/p>\n<p>cor : Preto \/ Branco &#8211; 5 P\u00e7s<\/p>\n<p>Dimens\u00f5es do Produto: Garrafa: 25x7cm<\/h6>\n<h6 style=\"text-align: left;\">Sugest\u00e3o de Personaliza\u00e7\u00e3o: Uma grava\u00e7\u00e3o em Silkscreen na mochila, squeeze, carregador, caneta e caderno.<\/h6>\n<div class=\"row\" style=\"text-align: left;\">Embalagem: Caixa Preta 364x300x98 mm (AxLxP)<\/div>\n<div style=\"text-align: left;\"><\/div>\n<div class=\"row\" style=\"text-align: left;\">Peso:837 g (com embalagem)KT-90220<\/div>\n","protected":false},"excerpt":{"rendered":"<p>Kit boas vindas personalizado. Contendo 1 garrafa pl\u00e1stica com tampa em a\u00e7o inox 750ml; 1 caderno capa dura; 1 caneta esferogr\u00e1fica com tampa e ponta touch;<span class=\"excerpt-hellip\"> [\u2026]<\/span><\/p>\n","protected":false},"featured_media":3771,"comment_status":"open","ping_status":"closed","template":"","meta":[],"product_cat":[146,643],"product_tag":[1249,1263,1251,1252],"class_list":["post-5933","product","type-product","status-publish","has-post-thumbnail","hentry","product_cat-blocos-e-cadernetas","product_cat-kit-boas-vindas","product_tag-kit-boas-vindas","product_tag-kit-boas-vindas-personalizado","product_tag-kit-onboarding","product_tag-kit-onboarding-personalizado"],"_links":{"self":[{"href":"https:\/\/vohnabrindes.com.br\/index.php\/wp-json\/wp\/v2\/product\/5933","targetHints":{"allow":["GET"]}}],"collection":[{"href":"https:\/\/vohnabrindes.com.br\/index.php\/wp-json\/wp\/v2\/product"}],"about":[{"href":"https:\/\/vohnabrindes.com.br\/index.php\/wp-json\/wp\/v2\/types\/product"}],"replies":[{"embeddable":true,"href":"https:\/\/vohnabrindes.com.br\/index.php\/wp-json\/wp\/v2\/comments?post=5933"}],"version-history":[{"count":1,"href":"https:\/\/vohnabrindes.com.br\/index.php\/wp-json\/wp\/v2\/product\/5933\/revisions"}],"predecessor-version":[{"id":5963,"href":"https:\/\/vohnabrindes.com.br\/index.php\/wp-json\/wp\/v2\/product\/5933\/revisions\/5963"}],"wp:featuredmedia":[{"embeddable":true,"href":"https:\/\/vohnabrindes.com.br\/index.php\/wp-json\/wp\/v2\/media\/3771"}],"wp:attachment":[{"href":"https:\/\/vohnabrindes.com.br\/index.php\/wp-json\/wp\/v2\/media?parent=5933"}],"wp:term":[{"taxonomy":"product_cat","embeddable":true,"href":"https:\/\/vohnabrindes.com.br\/index.php\/wp-json\/wp\/v2\/product_cat?post=5933"},{"taxonomy":"product_tag","embeddable":true,"href":"https:\/\/vohnabrindes.com.br\/index.php\/wp-json\/wp\/v2\/product_tag?post=5933"}],"curies":[{"name":"wp","href":"https:\/\/api.w.org\/{rel}","templated":true}]}}