{"id":5934,"date":"2025-05-30T21:40:56","date_gmt":"2025-05-31T00:40:56","guid":{"rendered":"https:\/\/vohnabrindes.com.br\/?post_type=product&#038;p=5934"},"modified":"2025-05-30T21:40:59","modified_gmt":"2025-05-31T00:40:59","slug":"sacola-plastica-personalizada-3","status":"publish","type":"product","link":"https:\/\/vohnabrindes.com.br\/index.php\/product\/sacola-plastica-personalizada-3\/","title":{"rendered":"Sacola Pl\u00e1stica personalizada."},"content":{"rendered":"<pre id=\"item_referencia\">04387<\/pre>\n<p class=\"produto-nome\">Sacola Pl\u00e1stica personalizada.<\/p>\n<p class=\"produto-nome\"><span class=\"desc-sub my-desc-sub\">Sacola de PVC \u00e9 resistente \u00e0 \u00e1gua e foi projetada para quem valoriza organiza\u00e7\u00e3o e praticidade. Espa\u00e7osa o suficiente para acomodar todos os itens essenciais, ela \u00e9 perfeita para o dia a dia ou momentos que pedem rapidez e efici\u00eancia. Suas al\u00e7as de nylon garantem conforto no transporte, enquanto o design transparente facilita a visualiza\u00e7\u00e3o do que est\u00e1 dentro, evitando esquecer qualquer coisa importante.<\/span><\/p>\n<div class=\"caracs\">\n<div class=\"desc\">\n<p class=\"desc-tit\">Altura<span class=\"desc-sub\">\u00a0:\u00a0 40 cm<\/span><\/p>\n<\/div>\n<div class=\"desc\">\n<p class=\"desc-tit\">Largura<span class=\"desc-sub\">\u00a0:\u00a0 36,3 cm<\/span><\/p>\n<\/div>\n<div class=\"desc\">\n<p class=\"desc-tit\">Profundidade<span class=\"desc-sub\">\u00a0:\u00a0 9 cm<\/span><\/p>\n<\/div>\n<div class=\"desc\">\n<p class=\"desc-tit\">Comprimento<span class=\"desc-sub\"> :\u00a0 Al\u00e7a: 77 cm<\/span><\/p>\n<\/div>\n<div class=\"desc\">\n<p class=\"desc-tit\">Medidas aproximadas para grava\u00e7\u00e3o<span class=\"desc-sub\">\u00a0(CxL):\u00a0 30 cm x 14 cm<\/span><\/p>\n<\/div>\n<div class=\"desc\">\n<p class=\"desc-tit\">Peso aproximado<span class=\"desc-sub\">\u00a0(g):\u00a0 305<\/span><\/p>\n<\/div>\n<\/div>\n","protected":false},"excerpt":{"rendered":"<p>04387 Sacola Pl\u00e1stica personalizada. Sacola de PVC \u00e9 resistente \u00e0 \u00e1gua e foi projetada para quem valoriza organiza\u00e7\u00e3o e praticidade. Espa\u00e7osa o suficiente para acomodar todos<span class=\"excerpt-hellip\"> [\u2026]<\/span><\/p>\n","protected":false},"featured_media":3773,"comment_status":"open","ping_status":"closed","template":"","meta":[],"product_cat":[210],"product_tag":[381,214,1159,1264],"class_list":["post-5934","product","type-product","status-publish","has-post-thumbnail","hentry","product_cat-sacolas","product_tag-sacola-com-logomarca","product_tag-sacola-personalizada","product_tag-sacola-plastica-personalizada","product_tag-sacola-pvc-personalizada"],"_links":{"self":[{"href":"https:\/\/vohnabrindes.com.br\/index.php\/wp-json\/wp\/v2\/product\/5934","targetHints":{"allow":["GET"]}}],"collection":[{"href":"https:\/\/vohnabrindes.com.br\/index.php\/wp-json\/wp\/v2\/product"}],"about":[{"href":"https:\/\/vohnabrindes.com.br\/index.php\/wp-json\/wp\/v2\/types\/product"}],"replies":[{"embeddable":true,"href":"https:\/\/vohnabrindes.com.br\/index.php\/wp-json\/wp\/v2\/comments?post=5934"}],"version-history":[{"count":1,"href":"https:\/\/vohnabrindes.com.br\/index.php\/wp-json\/wp\/v2\/product\/5934\/revisions"}],"predecessor-version":[{"id":5964,"href":"https:\/\/vohnabrindes.com.br\/index.php\/wp-json\/wp\/v2\/product\/5934\/revisions\/5964"}],"wp:featuredmedia":[{"embeddable":true,"href":"https:\/\/vohnabrindes.com.br\/index.php\/wp-json\/wp\/v2\/media\/3773"}],"wp:attachment":[{"href":"https:\/\/vohnabrindes.com.br\/index.php\/wp-json\/wp\/v2\/media?parent=5934"}],"wp:term":[{"taxonomy":"product_cat","embeddable":true,"href":"https:\/\/vohnabrindes.com.br\/index.php\/wp-json\/wp\/v2\/product_cat?post=5934"},{"taxonomy":"product_tag","embeddable":true,"href":"https:\/\/vohnabrindes.com.br\/index.php\/wp-json\/wp\/v2\/product_tag?post=5934"}],"curies":[{"name":"wp","href":"https:\/\/api.w.org\/{rel}","templated":true}]}}