{"id":5937,"date":"2025-05-30T21:40:57","date_gmt":"2025-05-31T00:40:57","guid":{"rendered":"https:\/\/vohnabrindes.com.br\/?post_type=product&#038;p=5937"},"modified":"2025-05-30T21:40:59","modified_gmt":"2025-05-31T00:40:59","slug":"necessaire-plastico-holografica-personalizada","status":"publish","type":"product","link":"https:\/\/vohnabrindes.com.br\/index.php\/product\/necessaire-plastico-holografica-personalizada\/","title":{"rendered":"N\u00e9cessaire Pl\u00e1stico Hologr\u00e1fica personalizada."},"content":{"rendered":"<pre id=\"item_referencia\">08068<\/pre>\n<p class=\"produto-nome\">N\u00e9cessaire Pl\u00e1stico Hologr\u00e1fica personalizada.<\/p>\n<div class=\"caracs\">\n<div class=\"desc\">\n<p class=\"desc-tit\">\u00a0<span class=\"desc-sub my-desc-sub\">Com a nossa n\u00e9cessaire hologr\u00e1fica, voc\u00ea leva muito mais do que o necess\u00e1rio, leva estilo! Produzida em TPU resistente \u00e0 \u00e1gua, ela oferece um visual \u00fanico e encantador.<\/span><\/p>\n<\/div>\n<div class=\"desc\">\n<p class=\"desc-tit\">Altura<span class=\"desc-sub\">\u00a0:\u00a0 12 cm<\/span><\/p>\n<\/div>\n<div class=\"desc\">\n<p class=\"desc-tit\">Largura<span class=\"desc-sub\">\u00a0:\u00a0 20,5 cm<\/span><\/p>\n<\/div>\n<div class=\"desc\">\n<p class=\"desc-tit\">Profundidade<span class=\"desc-sub\">\u00a0:\u00a0 8,5 cm<\/span><\/p>\n<\/div>\n<div class=\"desc\">\n<p class=\"desc-tit\">Medidas aproximadas para grava\u00e7\u00e3o<span class=\"desc-sub\">\u00a0(CxL):\u00a0 7,5 cm x 17 cm<\/span><\/p>\n<\/div>\n<div class=\"desc\">\n<p class=\"desc-tit\">Peso aproximado<span class=\"desc-sub\">\u00a0(g):\u00a0 45<\/span><\/p>\n<\/div>\n<\/div>\n","protected":false},"excerpt":{"rendered":"<p>08068 N\u00e9cessaire Pl\u00e1stico Hologr\u00e1fica personalizada. \u00a0Com a nossa n\u00e9cessaire hologr\u00e1fica, voc\u00ea leva muito mais do que o necess\u00e1rio, leva estilo! Produzida em TPU resistente \u00e0 \u00e1gua,<span class=\"excerpt-hellip\"> [\u2026]<\/span><\/p>\n","protected":false},"featured_media":3779,"comment_status":"open","ping_status":"closed","template":"","meta":[],"product_cat":[783],"product_tag":[800,1266,786,1267],"class_list":["post-5937","product","type-product","status-publish","has-post-thumbnail","hentry","product_cat-necessaires","product_tag-necessaire-feminina","product_tag-necessaire-feminina-personalizada","product_tag-necessaire-personalizada","product_tag-necessaire-plastico-holografica-personalizada"],"_links":{"self":[{"href":"https:\/\/vohnabrindes.com.br\/index.php\/wp-json\/wp\/v2\/product\/5937","targetHints":{"allow":["GET"]}}],"collection":[{"href":"https:\/\/vohnabrindes.com.br\/index.php\/wp-json\/wp\/v2\/product"}],"about":[{"href":"https:\/\/vohnabrindes.com.br\/index.php\/wp-json\/wp\/v2\/types\/product"}],"replies":[{"embeddable":true,"href":"https:\/\/vohnabrindes.com.br\/index.php\/wp-json\/wp\/v2\/comments?post=5937"}],"version-history":[{"count":1,"href":"https:\/\/vohnabrindes.com.br\/index.php\/wp-json\/wp\/v2\/product\/5937\/revisions"}],"predecessor-version":[{"id":5967,"href":"https:\/\/vohnabrindes.com.br\/index.php\/wp-json\/wp\/v2\/product\/5937\/revisions\/5967"}],"wp:featuredmedia":[{"embeddable":true,"href":"https:\/\/vohnabrindes.com.br\/index.php\/wp-json\/wp\/v2\/media\/3779"}],"wp:attachment":[{"href":"https:\/\/vohnabrindes.com.br\/index.php\/wp-json\/wp\/v2\/media?parent=5937"}],"wp:term":[{"taxonomy":"product_cat","embeddable":true,"href":"https:\/\/vohnabrindes.com.br\/index.php\/wp-json\/wp\/v2\/product_cat?post=5937"},{"taxonomy":"product_tag","embeddable":true,"href":"https:\/\/vohnabrindes.com.br\/index.php\/wp-json\/wp\/v2\/product_tag?post=5937"}],"curies":[{"name":"wp","href":"https:\/\/api.w.org\/{rel}","templated":true}]}}